{"id":39165,"date":"2025-01-10T09:42:51","date_gmt":"2025-01-10T08:42:51","guid":{"rendered":"https:\/\/koolbeautyparis.fr\/?post_type=product&#038;p=39165"},"modified":"2026-04-03T08:28:33","modified_gmt":"2026-04-03T06:28:33","slug":"perfect-foam-cleanser","status":"publish","type":"product","link":"https:\/\/koolbeautyparis.fr\/es\/produit\/perfect-foam-cleanser\/","title":{"rendered":"PERFECT FOAM CLEANSER"},"content":{"rendered":"[vc_row][vc_column][vc_column_text]\n<h3 style=\"text-align: left;\"><label class=\"fancy-tag\">Espuma limpiadora<\/label><\/h3>\n<h2>Una limpieza suave para tu rostro.<\/h2>\n<p>Gracias a su textura ligera y aireada, envuelve la piel en una nube de confort, disolviendo en un solo gesto todos los restos de maquillaje, impurezas y residuos acumulados durante el d\u00eda.<\/p>\n[\/vc_column_text][vc_tta_accordion c_icon=&#8221;chevron&#8221; c_position=&#8221;right&#8221; active_section=&#8221;&#8221; collapsible_all=&#8221;true&#8221; el_class=&#8221;gzl-product-accordeon&#8221;][vc_tta_section title=&#8221;\u00bfA QUI\u00c9N VA DIRIGIDO?&#8221; tab_id=&#8221;target&#8221;][vc_column_text]Piel joven o madura, mixta o seca, todas las pieles merecen un buen limpiador. \u00a1Esta espuma limpiadora est\u00e1 dise\u00f1ada para adaptarse a todas![\/vc_column_text][\/vc_tta_section][vc_tta_section title=&#8221;EXPERIENCIA Dr. KOOL&#8221; tab_id=&#8221;expertise&#8221;][vc_column_text]\u00ab La limpieza del rostro es un paso imprescindible en toda rutina de belleza. Es esencial eliminar las impurezas de la piel para maximizar la eficacia de los cuidados que se apliquen posteriormente. Seg\u00fan tu tipo de piel, ya sea seca, mixta, grasa o deshidratada, una espuma limpiadora se puede usar por la ma\u00f1ana y por la noche para ofrecer una limpieza suave y respetuosa con la barrera cut\u00e1nea. Al elegir un producto adecuado, preservas el equilibrio natural de tu piel mientras la preparas para recibir los beneficios de los tratamientos posteriores.\u00bb<br \/>\nDr. Kool[\/vc_column_text][\/vc_tta_section][\/vc_tta_accordion][\/vc_column][\/vc_row][vc_row el_class=&#8221;spacing-lg application&#8221;][vc_column][vc_row_inner][vc_column_inner][vc_column_text animation=&#8221;animation bottom-to-top&#8221; css=&#8221;.vc_custom_1743495319509{margin-bottom: 0px !important;}&#8221;]\n<h2 style=\"text-align: center;\">MA\u00d1ANA Y NOCHE<\/h2>\n[\/vc_column_text][\/vc_column_inner][\/vc_row_inner]\t<div id=\"et-content-carousel-212\" class=\"row et-content-carousel slick slick-slider regular-padding  \" data-center=\"true\" data-columns=\"3\" data-autoplay=\"\" data-fade=\"false\" data-autoplay-speed=\"\" data-pause=\"\" data-navigation=\"\" data-pagination=\"true\" data-infinite=\"\">\n\t\t\r\n\t<div id=\"et-iconbox-282\" class=\"et-iconbox layout-centered icon-style-image-default bottom-spacing-none icon-color- text-color- animation bottom-to-top \"> \r\n\t\t<div class=\"et-icon-inner\">\r\n\t\t\t<figure class=\"et-feature-icon\">\r\n\t\t\t\t\t\t\t\t\t<img decoding=\"async\" src=\"https:\/\/koolbeautyparis.fr\/wp-content\/uploads\/2025\/01\/2053-\u2013-2-1-scaled.png\" alt=\"\" \/>\r\n\t\t\t\t\t\t\t<\/figure>\r\n\t\t\t<div class=\"et-feature-content\"> \r\n\t\t\t\t\t\t\t\t\t\t\t\t<div class=\"wpb_text_column\"><h4 style=\"text-align: center;\">Paso 1<\/h4>\n<p style=\"text-align: center;\">Aplicar 1 \u00f3 2 pulsaciones en la palma de las manos y masajear con movimientos circulares. Aclarar abundantemente.<\/p>\n<\/div>\r\n\t\t\t\t\t\t\t<\/div>\r\n\t\t<\/div>\r\n\t<\/div>\r\n\r\n\t\r\n\t<div id=\"et-iconbox-549\" class=\"et-iconbox layout-centered icon-style-image-default bottom-spacing-none icon-color- text-color- animation bottom-to-top \"> \r\n\t\t<div class=\"et-icon-inner\">\r\n\t\t\t<figure class=\"et-feature-icon\">\r\n\t\t\t\t\t\t\t\t\t<img decoding=\"async\" src=\"https:\/\/koolbeautyparis.fr\/wp-content\/uploads\/2022\/04\/2050-\u2013-4-scaled.png\" alt=\"\" \/>\r\n\t\t\t\t\t\t\t<\/figure>\r\n\t\t\t<div class=\"et-feature-content\"> \r\n\t\t\t\t\t\t\t\t\t\t\t\t<div class=\"wpb_text_column\"><h4 style=\"text-align: center;\">Paso 2<\/h4>\n<p style=\"text-align: center;\">Aplique el s\u00e9rum y la crema m\u00e1s adecuados para su piel.<\/p>\n<\/div>\r\n\t\t\t\t\t\t\t<\/div>\r\n\t\t<\/div>\r\n\t<\/div>\r\n\r\n\t\r\n\t<div id=\"et-iconbox-177\" class=\"et-iconbox layout-centered icon-style-image-default bottom-spacing-none icon-color- text-color- animation bottom-to-top \"> \r\n\t\t<div class=\"et-icon-inner\">\r\n\t\t\t<figure class=\"et-feature-icon\">\r\n\t\t\t\t\t\t\t\t\t<img decoding=\"async\" src=\"https:\/\/koolbeautyparis.fr\/wp-content\/uploads\/2022\/04\/2045-\u2013-5-scaled.png\" alt=\"\" \/>\r\n\t\t\t\t\t\t\t<\/figure>\r\n\t\t\t<div class=\"et-feature-content\"> \r\n\t\t\t\t\t\t\t\t\t\t\t\t<div class=\"wpb_text_column\"><h4 style=\"text-align: center;\">Paso 3<\/h4>\n<p style=\"text-align: center;\">Seca tu piel y termina tu rutina aplicando tu tratamiento de contorno de ojos.<\/p>\n<\/div>\r\n\t\t\t\t\t\t\t<\/div>\r\n\t\t<\/div>\r\n\t<\/div>\r\n\r\n\t\t<\/div>\n\t\t\n\t[\/vc_column][\/vc_row]\n","protected":false},"excerpt":{"rendered":"<p>En la filosof\u00eda de Kool Beauty, esta espuma limpiadora est\u00e1 adaptada a todo tipo de piel. Permite eliminar todos los restos de maquillaje e impurezas en un solo gesto. \u00a1Con su textura aireada, este paso de tu rutina se convertir\u00e1 en tu momento favorito!<\/p>\n<p>MADE IN FRANCE.<\/p>\n<p>Ref. [wcj_product_sku] \u00b7 150ml \u00b7 5 Oz. Net Wt.<\/p>\n","protected":false},"featured_media":39170,"comment_status":"open","ping_status":"closed","template":"","meta":[],"product_cat":[1555],"product_tag":[],"yoast_head":"<!-- This site is optimized with the Yoast SEO plugin v23.5 - https:\/\/yoast.com\/wordpress\/plugins\/seo\/ -->\n<title>Espuma limpiadora PERFECT FOAM CLEANSER | Kool Beauty<\/title>\n<meta name=\"description\" content=\"\u00a1La limpieza es un paso clave en tu rutina de belleza! Kool Beauty te ofrece Perfect Foam Cleanser, dise\u00f1ado para limpiar tu piel suavemente.\" \/>\n<meta name=\"robots\" content=\"index, follow, max-snippet:-1, max-image-preview:large, max-video-preview:-1\" \/>\n<link rel=\"canonical\" href=\"https:\/\/koolbeautyparis.fr\/es\/produit\/perfect-foam-cleanser\/\" \/>\n<meta property=\"og:locale\" content=\"es_ES\" \/>\n<meta property=\"og:type\" content=\"article\" \/>\n<meta property=\"og:title\" content=\"Espuma limpiadora PERFECT FOAM CLEANSER | Kool Beauty\" \/>\n<meta property=\"og:description\" content=\"\u00a1La limpieza es un paso clave en tu rutina de belleza! Kool Beauty te ofrece Perfect Foam Cleanser, dise\u00f1ado para limpiar tu piel suavemente.\" \/>\n<meta property=\"og:url\" content=\"https:\/\/koolbeautyparis.fr\/es\/produit\/perfect-foam-cleanser\/\" \/>\n<meta property=\"og:site_name\" content=\"Kool Beauty\" \/>\n<meta property=\"article:modified_time\" content=\"2026-04-03T06:28:33+00:00\" \/>\n<meta property=\"og:image\" content=\"https:\/\/koolbeautyparis.fr\/wp-content\/uploads\/2025\/01\/2053.jpg\" \/>\n\t<meta property=\"og:image:width\" content=\"1000\" \/>\n\t<meta property=\"og:image:height\" content=\"1000\" \/>\n\t<meta property=\"og:image:type\" content=\"image\/jpeg\" \/>\n<meta name=\"twitter:card\" content=\"summary_large_image\" \/>\n<meta name=\"twitter:label1\" content=\"Tiempo de lectura\" \/>\n\t<meta name=\"twitter:data1\" content=\"3 minutos\" \/>\n<script type=\"application\/ld+json\" class=\"yoast-schema-graph\">{\"@context\":\"https:\/\/schema.org\",\"@graph\":[{\"@type\":\"WebPage\",\"@id\":\"https:\/\/koolbeautyparis.fr\/es\/produit\/perfect-foam-cleanser\/\",\"url\":\"https:\/\/koolbeautyparis.fr\/es\/produit\/perfect-foam-cleanser\/\",\"name\":\"Espuma limpiadora PERFECT FOAM CLEANSER | Kool Beauty\",\"isPartOf\":{\"@id\":\"https:\/\/koolbeautyparis.fr\/es\/#website\"},\"primaryImageOfPage\":{\"@id\":\"https:\/\/koolbeautyparis.fr\/es\/produit\/perfect-foam-cleanser\/#primaryimage\"},\"image\":{\"@id\":\"https:\/\/koolbeautyparis.fr\/es\/produit\/perfect-foam-cleanser\/#primaryimage\"},\"thumbnailUrl\":\"https:\/\/koolbeautyparis.fr\/wp-content\/uploads\/2025\/01\/2053.jpg\",\"datePublished\":\"2025-01-10T08:42:51+00:00\",\"dateModified\":\"2026-04-03T06:28:33+00:00\",\"description\":\"\u00a1La limpieza es un paso clave en tu rutina de belleza! Kool Beauty te ofrece Perfect Foam Cleanser, dise\u00f1ado para limpiar tu piel suavemente.\",\"breadcrumb\":{\"@id\":\"https:\/\/koolbeautyparis.fr\/es\/produit\/perfect-foam-cleanser\/#breadcrumb\"},\"inLanguage\":\"es\",\"potentialAction\":[{\"@type\":\"ReadAction\",\"target\":[\"https:\/\/koolbeautyparis.fr\/es\/produit\/perfect-foam-cleanser\/\"]}]},{\"@type\":\"ImageObject\",\"inLanguage\":\"es\",\"@id\":\"https:\/\/koolbeautyparis.fr\/es\/produit\/perfect-foam-cleanser\/#primaryimage\",\"url\":\"https:\/\/koolbeautyparis.fr\/wp-content\/uploads\/2025\/01\/2053.jpg\",\"contentUrl\":\"https:\/\/koolbeautyparis.fr\/wp-content\/uploads\/2025\/01\/2053.jpg\",\"width\":1000,\"height\":1000},{\"@type\":\"BreadcrumbList\",\"@id\":\"https:\/\/koolbeautyparis.fr\/es\/produit\/perfect-foam-cleanser\/#breadcrumb\",\"itemListElement\":[{\"@type\":\"ListItem\",\"position\":1,\"name\":\"Accueil\",\"item\":\"https:\/\/koolbeautyparis.fr\/es\/\"},{\"@type\":\"ListItem\",\"position\":2,\"name\":\"Shop\",\"item\":\"https:\/\/koolbeautyparis.fr\/shop\/\"},{\"@type\":\"ListItem\",\"position\":3,\"name\":\"PERFECT FOAM CLEANSER\"}]},{\"@type\":\"WebSite\",\"@id\":\"https:\/\/koolbeautyparis.fr\/es\/#website\",\"url\":\"https:\/\/koolbeautyparis.fr\/es\/\",\"name\":\"Kool Beauty\",\"description\":\"Produits beaut\u00e9\",\"publisher\":{\"@id\":\"https:\/\/koolbeautyparis.fr\/es\/#organization\"},\"potentialAction\":[{\"@type\":\"SearchAction\",\"target\":{\"@type\":\"EntryPoint\",\"urlTemplate\":\"https:\/\/koolbeautyparis.fr\/es\/?s={search_term_string}\"},\"query-input\":{\"@type\":\"PropertyValueSpecification\",\"valueRequired\":true,\"valueName\":\"search_term_string\"}}],\"inLanguage\":\"es\"},{\"@type\":\"Organization\",\"@id\":\"https:\/\/koolbeautyparis.fr\/es\/#organization\",\"name\":\"Kool Beauty\",\"url\":\"https:\/\/koolbeautyparis.fr\/es\/\",\"logo\":{\"@type\":\"ImageObject\",\"inLanguage\":\"es\",\"@id\":\"https:\/\/koolbeautyparis.fr\/es\/#\/schema\/logo\/image\/\",\"url\":\"https:\/\/i0.wp.com\/koolbeautyparis.fr\/wp-content\/uploads\/2022\/03\/kool-cover-default.png?fit=1200%2C630&ssl=1\",\"contentUrl\":\"https:\/\/i0.wp.com\/koolbeautyparis.fr\/wp-content\/uploads\/2022\/03\/kool-cover-default.png?fit=1200%2C630&ssl=1\",\"width\":1200,\"height\":630,\"caption\":\"Kool Beauty\"},\"image\":{\"@id\":\"https:\/\/koolbeautyparis.fr\/es\/#\/schema\/logo\/image\/\"}}]}<\/script>\n<!-- \/ Yoast SEO plugin. -->","yoast_head_json":{"title":"Espuma limpiadora PERFECT FOAM CLEANSER | Kool Beauty","description":"\u00a1La limpieza es un paso clave en tu rutina de belleza! Kool Beauty te ofrece Perfect Foam Cleanser, dise\u00f1ado para limpiar tu piel suavemente.","robots":{"index":"index","follow":"follow","max-snippet":"max-snippet:-1","max-image-preview":"max-image-preview:large","max-video-preview":"max-video-preview:-1"},"canonical":"https:\/\/koolbeautyparis.fr\/es\/produit\/perfect-foam-cleanser\/","og_locale":"es_ES","og_type":"article","og_title":"Espuma limpiadora PERFECT FOAM CLEANSER | Kool Beauty","og_description":"\u00a1La limpieza es un paso clave en tu rutina de belleza! Kool Beauty te ofrece Perfect Foam Cleanser, dise\u00f1ado para limpiar tu piel suavemente.","og_url":"https:\/\/koolbeautyparis.fr\/es\/produit\/perfect-foam-cleanser\/","og_site_name":"Kool Beauty","article_modified_time":"2026-04-03T06:28:33+00:00","og_image":[{"width":1000,"height":1000,"url":"https:\/\/koolbeautyparis.fr\/wp-content\/uploads\/2025\/01\/2053.jpg","type":"image\/jpeg"}],"twitter_card":"summary_large_image","twitter_misc":{"Tiempo de lectura":"3 minutos"},"schema":{"@context":"https:\/\/schema.org","@graph":[{"@type":"WebPage","@id":"https:\/\/koolbeautyparis.fr\/es\/produit\/perfect-foam-cleanser\/","url":"https:\/\/koolbeautyparis.fr\/es\/produit\/perfect-foam-cleanser\/","name":"Espuma limpiadora PERFECT FOAM CLEANSER | Kool Beauty","isPartOf":{"@id":"https:\/\/koolbeautyparis.fr\/es\/#website"},"primaryImageOfPage":{"@id":"https:\/\/koolbeautyparis.fr\/es\/produit\/perfect-foam-cleanser\/#primaryimage"},"image":{"@id":"https:\/\/koolbeautyparis.fr\/es\/produit\/perfect-foam-cleanser\/#primaryimage"},"thumbnailUrl":"https:\/\/koolbeautyparis.fr\/wp-content\/uploads\/2025\/01\/2053.jpg","datePublished":"2025-01-10T08:42:51+00:00","dateModified":"2026-04-03T06:28:33+00:00","description":"\u00a1La limpieza es un paso clave en tu rutina de belleza! Kool Beauty te ofrece Perfect Foam Cleanser, dise\u00f1ado para limpiar tu piel suavemente.","breadcrumb":{"@id":"https:\/\/koolbeautyparis.fr\/es\/produit\/perfect-foam-cleanser\/#breadcrumb"},"inLanguage":"es","potentialAction":[{"@type":"ReadAction","target":["https:\/\/koolbeautyparis.fr\/es\/produit\/perfect-foam-cleanser\/"]}]},{"@type":"ImageObject","inLanguage":"es","@id":"https:\/\/koolbeautyparis.fr\/es\/produit\/perfect-foam-cleanser\/#primaryimage","url":"https:\/\/koolbeautyparis.fr\/wp-content\/uploads\/2025\/01\/2053.jpg","contentUrl":"https:\/\/koolbeautyparis.fr\/wp-content\/uploads\/2025\/01\/2053.jpg","width":1000,"height":1000},{"@type":"BreadcrumbList","@id":"https:\/\/koolbeautyparis.fr\/es\/produit\/perfect-foam-cleanser\/#breadcrumb","itemListElement":[{"@type":"ListItem","position":1,"name":"Accueil","item":"https:\/\/koolbeautyparis.fr\/es\/"},{"@type":"ListItem","position":2,"name":"Shop","item":"https:\/\/koolbeautyparis.fr\/shop\/"},{"@type":"ListItem","position":3,"name":"PERFECT FOAM CLEANSER"}]},{"@type":"WebSite","@id":"https:\/\/koolbeautyparis.fr\/es\/#website","url":"https:\/\/koolbeautyparis.fr\/es\/","name":"Kool Beauty","description":"Produits beaut\u00e9","publisher":{"@id":"https:\/\/koolbeautyparis.fr\/es\/#organization"},"potentialAction":[{"@type":"SearchAction","target":{"@type":"EntryPoint","urlTemplate":"https:\/\/koolbeautyparis.fr\/es\/?s={search_term_string}"},"query-input":{"@type":"PropertyValueSpecification","valueRequired":true,"valueName":"search_term_string"}}],"inLanguage":"es"},{"@type":"Organization","@id":"https:\/\/koolbeautyparis.fr\/es\/#organization","name":"Kool Beauty","url":"https:\/\/koolbeautyparis.fr\/es\/","logo":{"@type":"ImageObject","inLanguage":"es","@id":"https:\/\/koolbeautyparis.fr\/es\/#\/schema\/logo\/image\/","url":"https:\/\/i0.wp.com\/koolbeautyparis.fr\/wp-content\/uploads\/2022\/03\/kool-cover-default.png?fit=1200%2C630&ssl=1","contentUrl":"https:\/\/i0.wp.com\/koolbeautyparis.fr\/wp-content\/uploads\/2022\/03\/kool-cover-default.png?fit=1200%2C630&ssl=1","width":1200,"height":630,"caption":"Kool Beauty"},"image":{"@id":"https:\/\/koolbeautyparis.fr\/es\/#\/schema\/logo\/image\/"}}]}},"_links":{"self":[{"href":"https:\/\/koolbeautyparis.fr\/es\/wp-json\/wp\/v2\/product\/39165"}],"collection":[{"href":"https:\/\/koolbeautyparis.fr\/es\/wp-json\/wp\/v2\/product"}],"about":[{"href":"https:\/\/koolbeautyparis.fr\/es\/wp-json\/wp\/v2\/types\/product"}],"replies":[{"embeddable":true,"href":"https:\/\/koolbeautyparis.fr\/es\/wp-json\/wp\/v2\/comments?post=39165"}],"wp:featuredmedia":[{"embeddable":true,"href":"https:\/\/koolbeautyparis.fr\/es\/wp-json\/wp\/v2\/media\/39170"}],"wp:attachment":[{"href":"https:\/\/koolbeautyparis.fr\/es\/wp-json\/wp\/v2\/media?parent=39165"}],"wp:term":[{"taxonomy":"product_cat","embeddable":true,"href":"https:\/\/koolbeautyparis.fr\/es\/wp-json\/wp\/v2\/product_cat?post=39165"},{"taxonomy":"product_tag","embeddable":true,"href":"https:\/\/koolbeautyparis.fr\/es\/wp-json\/wp\/v2\/product_tag?post=39165"}],"curies":[{"name":"wp","href":"https:\/\/api.w.org\/{rel}","templated":true}]}}