{"id":34419,"date":"2022-04-13T11:50:54","date_gmt":"2022-04-13T09:50:54","guid":{"rendered":"https:\/\/koolbeautyparis.fr\/?post_type=product&#038;p=34419"},"modified":"2026-04-06T05:00:08","modified_gmt":"2026-04-06T03:00:08","slug":"retinol-like-k2-anti-aging-cream","status":"publish","type":"product","link":"https:\/\/koolbeautyparis.fr\/es\/produit\/retinol-like-k2-anti-aging-cream\/","title":{"rendered":"RETINOL LIKE [K2] ANTI-AGING CREAM"},"content":{"rendered":"[vc_row disable_element=&#8221;yes&#8221;][vc_column][vc_single_image image=&#8221;35522&#8243; img_size=&#8221;2770&#215;217&#8243; alignment=&#8221;center&#8221; el_class=&#8221;gzl-product-specs-desktop&#8221;][vc_single_image image=&#8221;35566&#8243; img_size=&#8221;598&#215;222&#8243; alignment=&#8221;center&#8221; el_class=&#8221;gzl-product-specs-mobile&#8221;][\/vc_column][\/vc_row][vc_row][vc_column][vc_column_text]\n<h3>Crema antiedad<\/h3>\n<p>Este cuidado ayuda a reducir visiblemente los signos del envejecimiento. Act\u00faa sobre los da\u00f1os visibles e hidrata, unifica el tono de la piel, afina la textura de la piel para revelar un aspecto m\u00e1s joven, una piel visiblemente m\u00e1s lisa y una tez radiante.<\/p>\n<p>\u2713 Probado bajo control dermatol\u00f3gico[\/vc_column_text][vc_tta_accordion c_icon=&#8221;chevron&#8221; c_position=&#8221;right&#8221; active_section=&#8221;&#8221; collapsible_all=&#8221;true&#8221; el_class=&#8221;gzl-product-accordeon&#8221;][vc_tta_section title=&#8221;PARA QU\u00c9 TIPOS DE PIEL&#8221; tab_id=&#8221;target&#8221;][vc_column_text]Esta crema antiedad est\u00e1 indicada para:<\/p>\n<ul>\n<li>Todo tipo de pieles<\/li>\n<li>Pieles apagadas y sin luminosidad<\/li>\n<li>Pieles con signos de envejecimiento<\/li>\n<\/ul>\n[\/vc_column_text][\/vc_tta_section][vc_tta_section title=&#8221;PRINCIPALES ACTIVOS&#8221; tab_id=&#8221;1649323953058-19de184a-ec5f&#8221;][vc_column_text]Complejo de retinol-like vegetal[\/vc_column_text][\/vc_tta_section][vc_tta_section title=&#8221;EXPERIENCIA DEL Dr. KOOL&#8221; tab_id=&#8221;expertise&#8221;][vc_column_text]&#8221;El envejecimiento de la piel depende de factores gen\u00e9ticos y ambientales (estr\u00e9s, contaminaci\u00f3n, sol, otras agresiones externas). Los primeros signos de envejecimiento suelen aparecer en torno a los 30 a\u00f1os. Primero en los ojos y la frente, despu\u00e9s en todo el rostro. Nuestra gama de cuidados antiedad ha sido especialmente formulada para combatir el envejecimiento de la piel del rostro.<\/p>\n<p>Para prevenir la aparici\u00f3n prematura de signos de envejecimiento cut\u00e1neo, puede practicar ejercicios faciales para mantener tonificados los m\u00fasculos del rostro. Y no olvide consumir productos ricos en vitaminas, sobre todo vitamina C&#8221;.<strong>\u00a0Dr Kool<\/strong>[\/vc_column_text][\/vc_tta_section][vc_tta_section title=&#8221;OPINIONES DE CLIENTES&#8221; tab_id=&#8221;reviews&#8221; el_class=&#8221;gzl-productReviewsBtn&#8221;][\/vc_tta_section][\/vc_tta_accordion][\/vc_column][\/vc_row][vc_row el_class=&#8221;bg-full yellow spacing-lg percents&#8221; css=&#8221;.vc_custom_1711704961227{background-color: #fedd00 !important;}&#8221;][vc_column]\t<div id=\"et-content-carousel-873\" class=\"row et-content-carousel slick slick-slider no-padding  \" data-center=\"\" data-columns=\"3\" data-autoplay=\"\" data-fade=\"false\" data-autoplay-speed=\"\" data-pause=\"\" data-navigation=\"\" data-pagination=\"true\" data-infinite=\"true\">\n\t\t[vc_row_inner][vc_column_inner]\n\t<div id=\"et-counter-69d43b3a698f9\" class=\"et-counter animation bottom-to-top counter-color- icon-color- text-color- counter-top\" >\n\t\t\t\t\t<div class=\"counter-container\">\n\t\t\t\t\t\t\t\t\t<div class=\"h1\" data-count=\"87\" data-speed=\"1500\">0<\/div>\n\t\t\t\t\t\t\t\t\t\t\t\t\t<h4>piel m\u00e1s lisa*<\/h4>\n\t\t\t\t\t\t\t<\/div>\n\t\t\t\t\t\t\t\t\t\t<figure>\t\t\t\t\t<span class=\"\"><\/span>\n\t\t\t\t\t\t\t\t\t<\/figure>\n\t\t\t\t\t\t\t\n\t<\/div>\n\t[\/vc_column_inner][\/vc_row_inner][vc_row_inner][vc_column_inner]\n\t<div id=\"et-counter-69d43b3a69934\" class=\"et-counter animation bottom-to-top counter-color- icon-color- text-color- counter-top\" >\n\t\t\t\t\t<div class=\"counter-container\">\n\t\t\t\t\t\t\t\t\t<div class=\"h1\" data-count=\"80\" data-speed=\"1500\">0<\/div>\n\t\t\t\t\t\t\t\t\t\t\t\t\t<h4>piel m\u00e1s firme*<\/h4>\n\t\t\t\t\t\t\t<\/div>\n\t\t\t\t\t\t\t\t\t\t<figure>\t\t\t\t\t<span class=\"\"><\/span>\n\t\t\t\t\t\t\t\t\t<\/figure>\n\t\t\t\t\t\t\t\n\t<\/div>\n\t[\/vc_column_inner][\/vc_row_inner][vc_row_inner][vc_column_inner]\n\t<div id=\"et-counter-69d43b3a69949\" class=\"et-counter animation bottom-to-top counter-color- icon-color- text-color- counter-top\" >\n\t\t\t\t\t<div class=\"counter-container\">\n\t\t\t\t\t\t\t\t\t<div class=\"h1\" data-count=\"80\" data-speed=\"1500\">0<\/div>\n\t\t\t\t\t\t\t\t\t\t\t\t\t<h4>piel m\u00e1s tersa*<\/h4>\n\t\t\t\t\t\t\t<\/div>\n\t\t\t\t\t\t\t\t\t\t<figure>\t\t\t\t\t<span class=\"\"><\/span>\n\t\t\t\t\t\t\t\t\t<\/figure>\n\t\t\t\t\t\t\t\n\t<\/div>\n\t[\/vc_column_inner][\/vc_row_inner]\t<\/div>\n\t\t\n\t[\/vc_column][\/vc_row][vc_row el_class=&#8221;spacing-lg application&#8221;][vc_column][vc_row_inner][vc_column_inner][vc_column_text animation=&#8221;animation bottom-to-top&#8221; css=&#8221;.vc_custom_1712652236378{margin-bottom: 0px !important;}&#8221;]\n<h2 style=\"text-align: center;\"><strong>POR LA MA\u00d1ANA O POR LA NOCHE<\/strong><\/h2>\n[\/vc_column_text][\/vc_column_inner][\/vc_row_inner]\t<div id=\"et-content-carousel-513\" class=\"row et-content-carousel slick slick-slider regular-padding  \" data-center=\"true\" data-columns=\"3\" data-autoplay=\"\" data-fade=\"false\" data-autoplay-speed=\"\" data-pause=\"\" data-navigation=\"\" data-pagination=\"true\" data-infinite=\"\">\n\t\t\r\n\t<div id=\"et-iconbox-622\" class=\"et-iconbox layout-centered icon-style-image-default bottom-spacing-none icon-color- text-color- animation bottom-to-top \"> \r\n\t\t<div class=\"et-icon-inner\">\r\n\t\t\t<figure class=\"et-feature-icon\">\r\n\t\t\t\t\t\t\t\t\t<img decoding=\"async\" src=\"https:\/\/koolbeautyparis.fr\/wp-content\/uploads\/2022\/04\/Coton-visage-2.jpg\" alt=\"\" \/>\r\n\t\t\t\t\t\t\t<\/figure>\r\n\t\t\t<div class=\"et-feature-content\"> \r\n\t\t\t\t\t\t\t\t\t\t\t\t<div class=\"wpb_text_column\"><h4 style=\"text-align: center;\">Paso 1<\/h4>\n<p style=\"text-align: center;\"><span style=\"font-weight: 400;\">Desmaqu\u00edllese y limpie su piel en profundidad<\/span><\/p>\n<\/div>\r\n\t\t\t\t\t\t\t<\/div>\r\n\t\t<\/div>\r\n\t<\/div>\r\n\r\n\t\r\n\t<div id=\"et-iconbox-459\" class=\"et-iconbox layout-centered icon-style-image-default bottom-spacing-none icon-color- text-color- animation bottom-to-top \"> \r\n\t\t<div class=\"et-icon-inner\">\r\n\t\t\t<figure class=\"et-feature-icon\">\r\n\t\t\t\t\t\t\t\t\t<img decoding=\"async\" src=\"https:\/\/koolbeautyparis.fr\/wp-content\/uploads\/2022\/04\/mixologie-pipette.jpg\" alt=\"\" \/>\r\n\t\t\t\t\t\t\t<\/figure>\r\n\t\t\t<div class=\"et-feature-content\"> \r\n\t\t\t\t\t\t\t\t\t\t\t\t<div class=\"wpb_text_column\"><h4 style=\"text-align: center;\">Paso 2<\/h4>\n<p style=\"text-align: center;\"><span style=\"font-weight: 400;\">Aplique unas gotas de Retinol Like [K2] Anti-Aging Serum por todo el rostro, evitando el contorno de los ojos<\/span><\/p>\n<\/div>\r\n\t\t\t\t\t\t\t<\/div>\r\n\t\t<\/div>\r\n\t<\/div>\r\n\r\n\t\r\n\t<div id=\"et-iconbox-245\" class=\"et-iconbox layout-centered icon-style-image-default bottom-spacing-none icon-color- text-color- animation bottom-to-top \"> \r\n\t\t<div class=\"et-icon-inner\">\r\n\t\t\t<figure class=\"et-feature-icon\">\r\n\t\t\t\t\t\t\t\t\t<img decoding=\"async\" src=\"https:\/\/koolbeautyparis.fr\/wp-content\/uploads\/2022\/04\/Creme-blanche-1.jpg\" alt=\"\" \/>\r\n\t\t\t\t\t\t\t<\/figure>\r\n\t\t\t<div class=\"et-feature-content\"> \r\n\t\t\t\t\t\t\t\t\t\t\t\t<div class=\"wpb_text_column\"><h4 style=\"text-align: center;\">Paso 3<\/h4>\n<p style=\"text-align: center;\"><span style=\"font-weight: 400;\">Aplique su Retinol Like [K2] Anti-Aging Cream<\/span><\/p>\n<\/div>\r\n\t\t\t\t\t\t\t<\/div>\r\n\t\t<\/div>\r\n\t<\/div>\r\n\r\n\t\t<\/div>\n\t\t\n\t[\/vc_column][\/vc_row]\n","protected":false},"excerpt":{"rendered":"<p>Retinol Like K2 Youth Booster Cream ayuda a reducir visiblemente las arrugas y l\u00edneas de expresi\u00f3n y a reafirmar el contorno facial, al tiempo que potencia la luminosidad de la piel. Esta f\u00f3rmula de vanguardia contiene Retinol de origen vegetal. Para todo tipo de pieles.<\/p>\n<p>MADE IN FRANCE.<\/p>\n<p>Ref. [wcj_product_sku] \u00b7 50ml \u00b7 1.7 Oz. Net Wt.<\/p>\n","protected":false},"featured_media":38793,"comment_status":"open","ping_status":"closed","template":"","meta":[],"product_cat":[1563],"product_tag":[],"yoast_head":"<!-- This site is optimized with the Yoast SEO plugin v23.5 - https:\/\/yoast.com\/wordpress\/plugins\/seo\/ -->\n<title>RETINOL LIKE [K2] ANTI-AGING CREAM | Kool Beauty<\/title>\n<meta name=\"robots\" content=\"index, follow, max-snippet:-1, max-image-preview:large, max-video-preview:-1\" \/>\n<link rel=\"canonical\" href=\"https:\/\/koolbeautyparis.fr\/es\/produit\/retinol-like-k2-anti-aging-cream\/\" \/>\n<meta property=\"og:locale\" content=\"es_ES\" \/>\n<meta property=\"og:type\" content=\"article\" \/>\n<meta property=\"og:title\" content=\"RETINOL LIKE [K2] ANTI-AGING CREAM | Kool Beauty\" \/>\n<meta property=\"og:description\" content=\"Retinol Like K2 Youth Booster Cream ayuda a reducir visiblemente las arrugas y l\u00edneas de expresi\u00f3n y a reafirmar el contorno facial, al tiempo que potencia la luminosidad de la piel. Esta f\u00f3rmula de vanguardia contiene Retinol de origen vegetal. Para todo tipo de pieles.  MADE IN FRANCE.  Ref. \u00b7 50ml \u00b7 1.7 Oz. Net Wt.\" \/>\n<meta property=\"og:url\" content=\"https:\/\/koolbeautyparis.fr\/es\/produit\/retinol-like-k2-anti-aging-cream\/\" \/>\n<meta property=\"og:site_name\" content=\"Kool Beauty\" \/>\n<meta property=\"article:modified_time\" content=\"2026-04-06T03:00:08+00:00\" \/>\n<meta property=\"og:image\" content=\"https:\/\/koolbeautyparis.fr\/wp-content\/uploads\/2022\/04\/2032-\u2013-4-971x1024.png\" \/>\n\t<meta property=\"og:image:width\" content=\"971\" \/>\n\t<meta property=\"og:image:height\" content=\"1024\" \/>\n\t<meta property=\"og:image:type\" content=\"image\/png\" \/>\n<meta name=\"twitter:card\" content=\"summary_large_image\" \/>\n<meta name=\"twitter:label1\" content=\"Tiempo de lectura\" \/>\n\t<meta name=\"twitter:data1\" content=\"3 minutos\" \/>\n<script type=\"application\/ld+json\" class=\"yoast-schema-graph\">{\"@context\":\"https:\/\/schema.org\",\"@graph\":[{\"@type\":\"WebPage\",\"@id\":\"https:\/\/koolbeautyparis.fr\/es\/produit\/retinol-like-k2-anti-aging-cream\/\",\"url\":\"https:\/\/koolbeautyparis.fr\/es\/produit\/retinol-like-k2-anti-aging-cream\/\",\"name\":\"RETINOL LIKE [K2] ANTI-AGING CREAM | Kool Beauty\",\"isPartOf\":{\"@id\":\"https:\/\/koolbeautyparis.fr\/es\/#website\"},\"primaryImageOfPage\":{\"@id\":\"https:\/\/koolbeautyparis.fr\/es\/produit\/retinol-like-k2-anti-aging-cream\/#primaryimage\"},\"image\":{\"@id\":\"https:\/\/koolbeautyparis.fr\/es\/produit\/retinol-like-k2-anti-aging-cream\/#primaryimage\"},\"thumbnailUrl\":\"https:\/\/koolbeautyparis.fr\/wp-content\/uploads\/2022\/04\/2032-\u2013-4-scaled.png\",\"datePublished\":\"2022-04-13T09:50:54+00:00\",\"dateModified\":\"2026-04-06T03:00:08+00:00\",\"breadcrumb\":{\"@id\":\"https:\/\/koolbeautyparis.fr\/es\/produit\/retinol-like-k2-anti-aging-cream\/#breadcrumb\"},\"inLanguage\":\"es\",\"potentialAction\":[{\"@type\":\"ReadAction\",\"target\":[\"https:\/\/koolbeautyparis.fr\/es\/produit\/retinol-like-k2-anti-aging-cream\/\"]}]},{\"@type\":\"ImageObject\",\"inLanguage\":\"es\",\"@id\":\"https:\/\/koolbeautyparis.fr\/es\/produit\/retinol-like-k2-anti-aging-cream\/#primaryimage\",\"url\":\"https:\/\/koolbeautyparis.fr\/wp-content\/uploads\/2022\/04\/2032-\u2013-4-scaled.png\",\"contentUrl\":\"https:\/\/koolbeautyparis.fr\/wp-content\/uploads\/2022\/04\/2032-\u2013-4-scaled.png\",\"width\":2800,\"height\":2952},{\"@type\":\"BreadcrumbList\",\"@id\":\"https:\/\/koolbeautyparis.fr\/es\/produit\/retinol-like-k2-anti-aging-cream\/#breadcrumb\",\"itemListElement\":[{\"@type\":\"ListItem\",\"position\":1,\"name\":\"Accueil\",\"item\":\"https:\/\/koolbeautyparis.fr\/es\/\"},{\"@type\":\"ListItem\",\"position\":2,\"name\":\"Shop\",\"item\":\"https:\/\/koolbeautyparis.fr\/shop\/\"},{\"@type\":\"ListItem\",\"position\":3,\"name\":\"RETINOL LIKE [K2] ANTI-AGING CREAM\"}]},{\"@type\":\"WebSite\",\"@id\":\"https:\/\/koolbeautyparis.fr\/es\/#website\",\"url\":\"https:\/\/koolbeautyparis.fr\/es\/\",\"name\":\"Kool Beauty\",\"description\":\"Produits beaut\u00e9\",\"publisher\":{\"@id\":\"https:\/\/koolbeautyparis.fr\/es\/#organization\"},\"potentialAction\":[{\"@type\":\"SearchAction\",\"target\":{\"@type\":\"EntryPoint\",\"urlTemplate\":\"https:\/\/koolbeautyparis.fr\/es\/?s={search_term_string}\"},\"query-input\":{\"@type\":\"PropertyValueSpecification\",\"valueRequired\":true,\"valueName\":\"search_term_string\"}}],\"inLanguage\":\"es\"},{\"@type\":\"Organization\",\"@id\":\"https:\/\/koolbeautyparis.fr\/es\/#organization\",\"name\":\"Kool Beauty\",\"url\":\"https:\/\/koolbeautyparis.fr\/es\/\",\"logo\":{\"@type\":\"ImageObject\",\"inLanguage\":\"es\",\"@id\":\"https:\/\/koolbeautyparis.fr\/es\/#\/schema\/logo\/image\/\",\"url\":\"https:\/\/i0.wp.com\/koolbeautyparis.fr\/wp-content\/uploads\/2022\/03\/kool-cover-default.png?fit=1200%2C630&ssl=1\",\"contentUrl\":\"https:\/\/i0.wp.com\/koolbeautyparis.fr\/wp-content\/uploads\/2022\/03\/kool-cover-default.png?fit=1200%2C630&ssl=1\",\"width\":1200,\"height\":630,\"caption\":\"Kool Beauty\"},\"image\":{\"@id\":\"https:\/\/koolbeautyparis.fr\/es\/#\/schema\/logo\/image\/\"}}]}<\/script>\n<!-- \/ Yoast SEO plugin. -->","yoast_head_json":{"title":"RETINOL LIKE [K2] ANTI-AGING CREAM | Kool Beauty","robots":{"index":"index","follow":"follow","max-snippet":"max-snippet:-1","max-image-preview":"max-image-preview:large","max-video-preview":"max-video-preview:-1"},"canonical":"https:\/\/koolbeautyparis.fr\/es\/produit\/retinol-like-k2-anti-aging-cream\/","og_locale":"es_ES","og_type":"article","og_title":"RETINOL LIKE [K2] ANTI-AGING CREAM | Kool Beauty","og_description":"Retinol Like K2 Youth Booster Cream ayuda a reducir visiblemente las arrugas y l\u00edneas de expresi\u00f3n y a reafirmar el contorno facial, al tiempo que potencia la luminosidad de la piel. Esta f\u00f3rmula de vanguardia contiene Retinol de origen vegetal. Para todo tipo de pieles.  MADE IN FRANCE.  Ref. \u00b7 50ml \u00b7 1.7 Oz. Net Wt.","og_url":"https:\/\/koolbeautyparis.fr\/es\/produit\/retinol-like-k2-anti-aging-cream\/","og_site_name":"Kool Beauty","article_modified_time":"2026-04-06T03:00:08+00:00","og_image":[{"width":971,"height":1024,"url":"https:\/\/koolbeautyparis.fr\/wp-content\/uploads\/2022\/04\/2032-\u2013-4-971x1024.png","type":"image\/png"}],"twitter_card":"summary_large_image","twitter_misc":{"Tiempo de lectura":"3 minutos"},"schema":{"@context":"https:\/\/schema.org","@graph":[{"@type":"WebPage","@id":"https:\/\/koolbeautyparis.fr\/es\/produit\/retinol-like-k2-anti-aging-cream\/","url":"https:\/\/koolbeautyparis.fr\/es\/produit\/retinol-like-k2-anti-aging-cream\/","name":"RETINOL LIKE [K2] ANTI-AGING CREAM | Kool Beauty","isPartOf":{"@id":"https:\/\/koolbeautyparis.fr\/es\/#website"},"primaryImageOfPage":{"@id":"https:\/\/koolbeautyparis.fr\/es\/produit\/retinol-like-k2-anti-aging-cream\/#primaryimage"},"image":{"@id":"https:\/\/koolbeautyparis.fr\/es\/produit\/retinol-like-k2-anti-aging-cream\/#primaryimage"},"thumbnailUrl":"https:\/\/koolbeautyparis.fr\/wp-content\/uploads\/2022\/04\/2032-\u2013-4-scaled.png","datePublished":"2022-04-13T09:50:54+00:00","dateModified":"2026-04-06T03:00:08+00:00","breadcrumb":{"@id":"https:\/\/koolbeautyparis.fr\/es\/produit\/retinol-like-k2-anti-aging-cream\/#breadcrumb"},"inLanguage":"es","potentialAction":[{"@type":"ReadAction","target":["https:\/\/koolbeautyparis.fr\/es\/produit\/retinol-like-k2-anti-aging-cream\/"]}]},{"@type":"ImageObject","inLanguage":"es","@id":"https:\/\/koolbeautyparis.fr\/es\/produit\/retinol-like-k2-anti-aging-cream\/#primaryimage","url":"https:\/\/koolbeautyparis.fr\/wp-content\/uploads\/2022\/04\/2032-\u2013-4-scaled.png","contentUrl":"https:\/\/koolbeautyparis.fr\/wp-content\/uploads\/2022\/04\/2032-\u2013-4-scaled.png","width":2800,"height":2952},{"@type":"BreadcrumbList","@id":"https:\/\/koolbeautyparis.fr\/es\/produit\/retinol-like-k2-anti-aging-cream\/#breadcrumb","itemListElement":[{"@type":"ListItem","position":1,"name":"Accueil","item":"https:\/\/koolbeautyparis.fr\/es\/"},{"@type":"ListItem","position":2,"name":"Shop","item":"https:\/\/koolbeautyparis.fr\/shop\/"},{"@type":"ListItem","position":3,"name":"RETINOL LIKE [K2] ANTI-AGING CREAM"}]},{"@type":"WebSite","@id":"https:\/\/koolbeautyparis.fr\/es\/#website","url":"https:\/\/koolbeautyparis.fr\/es\/","name":"Kool Beauty","description":"Produits beaut\u00e9","publisher":{"@id":"https:\/\/koolbeautyparis.fr\/es\/#organization"},"potentialAction":[{"@type":"SearchAction","target":{"@type":"EntryPoint","urlTemplate":"https:\/\/koolbeautyparis.fr\/es\/?s={search_term_string}"},"query-input":{"@type":"PropertyValueSpecification","valueRequired":true,"valueName":"search_term_string"}}],"inLanguage":"es"},{"@type":"Organization","@id":"https:\/\/koolbeautyparis.fr\/es\/#organization","name":"Kool Beauty","url":"https:\/\/koolbeautyparis.fr\/es\/","logo":{"@type":"ImageObject","inLanguage":"es","@id":"https:\/\/koolbeautyparis.fr\/es\/#\/schema\/logo\/image\/","url":"https:\/\/i0.wp.com\/koolbeautyparis.fr\/wp-content\/uploads\/2022\/03\/kool-cover-default.png?fit=1200%2C630&ssl=1","contentUrl":"https:\/\/i0.wp.com\/koolbeautyparis.fr\/wp-content\/uploads\/2022\/03\/kool-cover-default.png?fit=1200%2C630&ssl=1","width":1200,"height":630,"caption":"Kool Beauty"},"image":{"@id":"https:\/\/koolbeautyparis.fr\/es\/#\/schema\/logo\/image\/"}}]}},"_links":{"self":[{"href":"https:\/\/koolbeautyparis.fr\/es\/wp-json\/wp\/v2\/product\/34419"}],"collection":[{"href":"https:\/\/koolbeautyparis.fr\/es\/wp-json\/wp\/v2\/product"}],"about":[{"href":"https:\/\/koolbeautyparis.fr\/es\/wp-json\/wp\/v2\/types\/product"}],"replies":[{"embeddable":true,"href":"https:\/\/koolbeautyparis.fr\/es\/wp-json\/wp\/v2\/comments?post=34419"}],"wp:featuredmedia":[{"embeddable":true,"href":"https:\/\/koolbeautyparis.fr\/es\/wp-json\/wp\/v2\/media\/38793"}],"wp:attachment":[{"href":"https:\/\/koolbeautyparis.fr\/es\/wp-json\/wp\/v2\/media?parent=34419"}],"wp:term":[{"taxonomy":"product_cat","embeddable":true,"href":"https:\/\/koolbeautyparis.fr\/es\/wp-json\/wp\/v2\/product_cat?post=34419"},{"taxonomy":"product_tag","embeddable":true,"href":"https:\/\/koolbeautyparis.fr\/es\/wp-json\/wp\/v2\/product_tag?post=34419"}],"curies":[{"name":"wp","href":"https:\/\/api.w.org\/{rel}","templated":true}]}}