{"id":34400,"date":"2022-04-13T11:29:17","date_gmt":"2022-04-13T09:29:17","guid":{"rendered":"https:\/\/koolbeautyparis.fr\/?post_type=product&#038;p=34400"},"modified":"2026-04-04T15:56:38","modified_gmt":"2026-04-04T13:56:38","slug":"retinol-like-k2-anti-aging-serum","status":"publish","type":"product","link":"https:\/\/koolbeautyparis.fr\/es\/produit\/retinol-like-k2-anti-aging-serum\/","title":{"rendered":"RETINOL LIKE [K2] ANTI AGING SERUM"},"content":{"rendered":"[vc_row][vc_column][vc_single_image image=&#8221;35522&#8243; img_size=&#8221;2770&#215;217&#8243; alignment=&#8221;center&#8221; el_class=&#8221;gzl-product-specs-desktop&#8221;][vc_single_image image=&#8221;35566&#8243; img_size=&#8221;598&#215;222&#8243; alignment=&#8221;center&#8221; el_class=&#8221;gzl-product-specs-mobile&#8221;][\/vc_column][\/vc_row][vc_row][vc_column][vc_column_text]\n<h3><strong> Suero antiedad<\/strong><\/h3>\n<p>Este suero ayuda a corregir los signos del envejecimiento: l\u00edneas de expresi\u00f3n y arrugas, p\u00e9rdida de firmeza y elasticidad.<br \/>\nHidrata, alisa y rellena las l\u00edneas de expresi\u00f3n, al tiempo que potencia la luminosidad de la piel. Su f\u00f3rmula, compuesta por algas rojas y retinol vegetal, ayuda a reafirmar la piel devolvi\u00e9ndole su vitalidad.<\/p>\n<p>\u2713 Probado bajo control dermatol\u00f3gico[\/vc_column_text][vc_tta_accordion c_icon=&#8221;chevron&#8221; c_position=&#8221;right&#8221; active_section=&#8221;&#8221; collapsible_all=&#8221;true&#8221; el_class=&#8221;gzl-product-accordeon&#8221;][vc_tta_section title=&#8221;PARA QU\u00c9 TIPOS DE PIEL&#8221; tab_id=&#8221;target&#8221;][vc_column_text]Este suero antiedad est\u00e1 indicado para:<\/p>\n<ul>\n<li>Todo tipo de pieles<\/li>\n<li>Pieles apagadas y sin luminosidad<\/li>\n<li>Pieles con l\u00edneas de expresi\u00f3n y arrugas<\/li>\n<\/ul>\n[\/vc_column_text][\/vc_tta_section][vc_tta_section title=&#8221;PRINCIPALES ACTIVOS&#8221; tab_id=&#8221;1649323953058-19de184a-ec5f&#8221;][vc_column_text]Complejo de retinol-like vegetal<\/p>\n<p>Algas rojas[\/vc_column_text][\/vc_tta_section][vc_tta_section title=&#8221;EXPERIENCIA DEL Dr. KOOL&#8221; tab_id=&#8221;expertise&#8221;][vc_column_text]&#8221;He aqu\u00ed algunos consejos para prevenir la aparici\u00f3n de arrugas: Recuerde desmaquillarse correctamente.<br \/>\nRealice una exfoliaci\u00f3n del rostro una o dos veces por semana para eliminar las impurezas y favorecer la regeneraci\u00f3n de la piel. Esto limitar\u00e1 la aparici\u00f3n de imperfecciones.<br \/>\nCuidado con los factores medioambientales como el sol o la contaminaci\u00f3n. Afectan a la luminosidad y la elasticidad de la piel. Pueden crear manchas marrones, flacidez prematura de la piel y rojeces. Usted puede protegerse hidratando regularmente su piel con un producto de cuidado facial adecuado y utilizando una protecci\u00f3n solar para el rostro.<br \/>\nConsuma regularmente alimentos ricos en vitamina C y vitamina E. Aumentan la resistencia de la piel al estr\u00e9s oxidativo causado por los radicales libres.&#8221; <strong>Dr Kool<\/strong>[\/vc_column_text][\/vc_tta_section][vc_tta_section title=&#8221;OPINIONES DE CLIENTES&#8221; tab_id=&#8221;reviews&#8221; el_class=&#8221;gzl-productReviewsBtn&#8221;][\/vc_tta_section][\/vc_tta_accordion][\/vc_column][\/vc_row][vc_row el_class=&#8221;bg-full yellow spacing-lg percents&#8221; css=&#8221;.vc_custom_1711702830548{background-color: #fedd00 !important;}&#8221;][vc_column]\t<div id=\"et-content-carousel-304\" class=\"row et-content-carousel slick slick-slider no-padding  \" data-center=\"\" data-columns=\"3\" data-autoplay=\"\" data-fade=\"false\" data-autoplay-speed=\"\" data-pause=\"\" data-navigation=\"\" data-pagination=\"true\" data-infinite=\"true\">\n\t\t[vc_row_inner][vc_column_inner]\n\t<div id=\"et-counter-69d7845d3e0dd\" class=\"et-counter animation bottom-to-top counter-color- icon-color- text-color- counter-top\" >\n\t\t\t\t\t<div class=\"counter-container\">\n\t\t\t\t\t\t\t\t\t<div class=\"h1\" data-count=\"100\" data-speed=\"1500\">0<\/div>\n\t\t\t\t\t\t\t\t\t\t\t\t\t<h4>mejora la firmeza de la piel*<\/h4>\n\t\t\t\t\t\t\t<\/div>\n\t\t\t\t\t\t\t\t\t\t<figure>\t\t\t\t\t<span class=\"\"><\/span>\n\t\t\t\t\t\t\t\t\t<\/figure>\n\t\t\t\t\t\t\t\n\t<\/div>\n\t[\/vc_column_inner][\/vc_row_inner][vc_row_inner][vc_column_inner]\n\t<div id=\"et-counter-69d7845d3e115\" class=\"et-counter animation bottom-to-top counter-color- icon-color- text-color- counter-top\" >\n\t\t\t\t\t<div class=\"counter-container\">\n\t\t\t\t\t\t\t\t\t<div class=\"h1\" data-count=\"93\" data-speed=\"1500\">0<\/div>\n\t\t\t\t\t\t\t\t\t\t\t\t\t<h4>reduce las l\u00edneas de expresi\u00f3n y las arrugas*<\/h4>\n\t\t\t\t\t\t\t<\/div>\n\t\t\t\t\t\t\t\t\t\t<figure>\t\t\t\t\t<span class=\"\"><\/span>\n\t\t\t\t\t\t\t\t\t<\/figure>\n\t\t\t\t\t\t\t\n\t<\/div>\n\t[\/vc_column_inner][\/vc_row_inner][vc_row_inner][vc_column_inner]\n\t<div id=\"et-counter-69d7845d3e12b\" class=\"et-counter animation bottom-to-top counter-color- icon-color- text-color- counter-top\" >\n\t\t\t\t\t<div class=\"counter-container\">\n\t\t\t\t\t\t\t\t\t<div class=\"h1\" data-count=\"93\" data-speed=\"1500\">0<\/div>\n\t\t\t\t\t\t\t\t\t\t\t\t\t<h4>mejora la elasticidad de la piel*<\/h4>\n\t\t\t\t\t\t\t<\/div>\n\t\t\t\t\t\t\t\t\t\t<figure>\t\t\t\t\t<span class=\"\"><\/span>\n\t\t\t\t\t\t\t\t\t<\/figure>\n\t\t\t\t\t\t\t\n\t<\/div>\n\t[\/vc_column_inner][\/vc_row_inner]\t<\/div>\n\t\t\n\t[\/vc_column][\/vc_row][vc_row el_class=&#8221;spacing-lg application&#8221;][vc_column][vc_row_inner][vc_column_inner][vc_column_text animation=&#8221;animation bottom-to-top&#8221; css=&#8221;.vc_custom_1712652048872{margin-bottom: 0px !important;}&#8221;]\n<h2 style=\"text-align: center;\"><strong>POR LA MA\u00d1ANA O POR LA NOCHE<\/strong><\/h2>\n[\/vc_column_text][\/vc_column_inner][\/vc_row_inner]\t<div id=\"et-content-carousel-129\" class=\"row et-content-carousel slick slick-slider regular-padding  \" data-center=\"true\" data-columns=\"3\" data-autoplay=\"\" data-fade=\"false\" data-autoplay-speed=\"\" data-pause=\"\" data-navigation=\"\" data-pagination=\"true\" data-infinite=\"\">\n\t\t\r\n\t<div id=\"et-iconbox-993\" class=\"et-iconbox layout-centered icon-style-image-default bottom-spacing-none icon-color- text-color- animation bottom-to-top \"> \r\n\t\t<div class=\"et-icon-inner\">\r\n\t\t\t<figure class=\"et-feature-icon\">\r\n\t\t\t\t\t\t\t\t\t<img decoding=\"async\" src=\"https:\/\/koolbeautyparis.fr\/wp-content\/uploads\/2022\/04\/Coton-visage-2.jpg\" alt=\"\" \/>\r\n\t\t\t\t\t\t\t<\/figure>\r\n\t\t\t<div class=\"et-feature-content\"> \r\n\t\t\t\t\t\t\t\t\t\t\t\t<div class=\"wpb_text_column\"><h4 style=\"text-align: center;\">Paso 1<\/h4>\n<p style=\"text-align: center;\"><span style=\"font-weight: 400;\">Desmaqu\u00edllese y limpie su piel en profundidad<\/span><\/p>\n<\/div>\r\n\t\t\t\t\t\t\t<\/div>\r\n\t\t<\/div>\r\n\t<\/div>\r\n\r\n\t\r\n\t<div id=\"et-iconbox-729\" class=\"et-iconbox layout-centered icon-style-image-default bottom-spacing-none icon-color- text-color- animation bottom-to-top \"> \r\n\t\t<div class=\"et-icon-inner\">\r\n\t\t\t<figure class=\"et-feature-icon\">\r\n\t\t\t\t\t\t\t\t\t<img decoding=\"async\" src=\"https:\/\/koolbeautyparis.fr\/wp-content\/uploads\/2022\/04\/mixologie-pipette.jpg\" alt=\"\" \/>\r\n\t\t\t\t\t\t\t<\/figure>\r\n\t\t\t<div class=\"et-feature-content\"> \r\n\t\t\t\t\t\t\t\t\t\t\t\t<div class=\"wpb_text_column\"><h4 style=\"text-align: center;\">Paso 2<\/h4>\n<p style=\"text-align: center;\"><span style=\"font-weight: 400;\">Aplique unas gotas de Retinol Like [K2] Anti Aging Serum por todo el rostro, evitando el contorno de los ojos.<\/span><\/p>\n<\/div>\r\n\t\t\t\t\t\t\t<\/div>\r\n\t\t<\/div>\r\n\t<\/div>\r\n\r\n\t\r\n\t<div id=\"et-iconbox-349\" class=\"et-iconbox layout-centered icon-style-image-default bottom-spacing-none icon-color- text-color- animation bottom-to-top \"> \r\n\t\t<div class=\"et-icon-inner\">\r\n\t\t\t<figure class=\"et-feature-icon\">\r\n\t\t\t\t\t\t\t\t\t<img decoding=\"async\" src=\"https:\/\/koolbeautyparis.fr\/wp-content\/uploads\/2022\/04\/Creme-blanche-2.jpg\" alt=\"\" \/>\r\n\t\t\t\t\t\t\t<\/figure>\r\n\t\t\t<div class=\"et-feature-content\"> \r\n\t\t\t\t\t\t\t\t\t\t\t\t<div class=\"wpb_text_column\"><h4 style=\"text-align: center;\">Paso 3<\/h4>\n<p style=\"text-align: center;\"><span style=\"font-weight: 400;\">Aplique su Retinol Like [K2] Anti-Aging Cream<\/span><\/p>\n<\/div>\r\n\t\t\t\t\t\t\t<\/div>\r\n\t\t<\/div>\r\n\t<\/div>\r\n\r\n\t\t<\/div>\n\t\t\n\t[\/vc_column][\/vc_row]\n","protected":false},"excerpt":{"rendered":"<p>Aumente sus defensas antiedad con nuestro tratamiento a base de plantas Retinol Like [K2]. La apariencia de l\u00edneas finas y arrugas se reduce visiblemente, la tez se ve m\u00e1s uniforme y radiante, y los poros aparecen reducidos. Esta f\u00f3rmula de vanguardia combina un complejo vegetal similar al retinol con algas rojas. <\/p>\n<p>MADE IN FRANCE.<\/p>\n<p>Ref. [wcj_product_sku] \u00b7 30ml \u00b7 1.05 Oz. Net Wt.<\/p>\n","protected":false},"featured_media":39078,"comment_status":"open","ping_status":"closed","template":"","meta":[],"product_cat":[1563],"product_tag":[],"yoast_head":"<!-- This site is optimized with the Yoast SEO plugin v23.5 - https:\/\/yoast.com\/wordpress\/plugins\/seo\/ -->\n<title>RETINOL LIKE [K2] ANTI AGING SERUM | Kool Beauty<\/title>\n<meta name=\"description\" content=\"Aumente sus defensas antiedad con nuestro Retinol-like totalmente vegetal. Reduce visiblemente la aparici\u00f3n de l\u00edneas finas y arrugas.\" \/>\n<meta name=\"robots\" content=\"index, follow, max-snippet:-1, max-image-preview:large, max-video-preview:-1\" \/>\n<link rel=\"canonical\" href=\"https:\/\/koolbeautyparis.fr\/es\/produit\/retinol-like-k2-anti-aging-serum\/\" \/>\n<meta property=\"og:locale\" content=\"es_ES\" \/>\n<meta property=\"og:type\" content=\"article\" \/>\n<meta property=\"og:title\" content=\"RETINOL LIKE [K2] ANTI AGING SERUM | Kool Beauty\" \/>\n<meta property=\"og:description\" content=\"Aumente sus defensas antiedad con nuestro Retinol-like totalmente vegetal. Reduce visiblemente la aparici\u00f3n de l\u00edneas finas y arrugas.\" \/>\n<meta property=\"og:url\" content=\"https:\/\/koolbeautyparis.fr\/es\/produit\/retinol-like-k2-anti-aging-serum\/\" \/>\n<meta property=\"og:site_name\" content=\"Kool Beauty\" \/>\n<meta property=\"article:modified_time\" content=\"2026-04-04T13:56:38+00:00\" \/>\n<meta property=\"og:image\" content=\"https:\/\/koolbeautyparis.fr\/wp-content\/uploads\/2022\/04\/2030-\u2013-5.png\" \/>\n\t<meta property=\"og:image:width\" content=\"2800\" \/>\n\t<meta property=\"og:image:height\" content=\"2952\" \/>\n\t<meta property=\"og:image:type\" content=\"image\/png\" \/>\n<meta name=\"twitter:card\" content=\"summary_large_image\" \/>\n<meta name=\"twitter:label1\" content=\"Tiempo de lectura\" \/>\n\t<meta name=\"twitter:data1\" content=\"3 minutos\" \/>\n<script type=\"application\/ld+json\" class=\"yoast-schema-graph\">{\"@context\":\"https:\/\/schema.org\",\"@graph\":[{\"@type\":\"WebPage\",\"@id\":\"https:\/\/koolbeautyparis.fr\/es\/produit\/retinol-like-k2-anti-aging-serum\/\",\"url\":\"https:\/\/koolbeautyparis.fr\/es\/produit\/retinol-like-k2-anti-aging-serum\/\",\"name\":\"RETINOL LIKE [K2] ANTI AGING SERUM | Kool Beauty\",\"isPartOf\":{\"@id\":\"https:\/\/koolbeautyparis.fr\/es\/#website\"},\"primaryImageOfPage\":{\"@id\":\"https:\/\/koolbeautyparis.fr\/es\/produit\/retinol-like-k2-anti-aging-serum\/#primaryimage\"},\"image\":{\"@id\":\"https:\/\/koolbeautyparis.fr\/es\/produit\/retinol-like-k2-anti-aging-serum\/#primaryimage\"},\"thumbnailUrl\":\"https:\/\/koolbeautyparis.fr\/wp-content\/uploads\/2022\/04\/2030-\u2013-5-1-scaled.png\",\"datePublished\":\"2022-04-13T09:29:17+00:00\",\"dateModified\":\"2026-04-04T13:56:38+00:00\",\"description\":\"Aumente sus defensas antiedad con nuestro Retinol-like totalmente vegetal. Reduce visiblemente la aparici\u00f3n de l\u00edneas finas y arrugas.\",\"breadcrumb\":{\"@id\":\"https:\/\/koolbeautyparis.fr\/es\/produit\/retinol-like-k2-anti-aging-serum\/#breadcrumb\"},\"inLanguage\":\"es\",\"potentialAction\":[{\"@type\":\"ReadAction\",\"target\":[\"https:\/\/koolbeautyparis.fr\/es\/produit\/retinol-like-k2-anti-aging-serum\/\"]}]},{\"@type\":\"ImageObject\",\"inLanguage\":\"es\",\"@id\":\"https:\/\/koolbeautyparis.fr\/es\/produit\/retinol-like-k2-anti-aging-serum\/#primaryimage\",\"url\":\"https:\/\/koolbeautyparis.fr\/wp-content\/uploads\/2022\/04\/2030-\u2013-5-1-scaled.png\",\"contentUrl\":\"https:\/\/koolbeautyparis.fr\/wp-content\/uploads\/2022\/04\/2030-\u2013-5-1-scaled.png\",\"width\":2800,\"height\":2952},{\"@type\":\"BreadcrumbList\",\"@id\":\"https:\/\/koolbeautyparis.fr\/es\/produit\/retinol-like-k2-anti-aging-serum\/#breadcrumb\",\"itemListElement\":[{\"@type\":\"ListItem\",\"position\":1,\"name\":\"Accueil\",\"item\":\"https:\/\/koolbeautyparis.fr\/es\/\"},{\"@type\":\"ListItem\",\"position\":2,\"name\":\"Shop\",\"item\":\"https:\/\/koolbeautyparis.fr\/shop\/\"},{\"@type\":\"ListItem\",\"position\":3,\"name\":\"RETINOL LIKE [K2] ANTI AGING SERUM\"}]},{\"@type\":\"WebSite\",\"@id\":\"https:\/\/koolbeautyparis.fr\/es\/#website\",\"url\":\"https:\/\/koolbeautyparis.fr\/es\/\",\"name\":\"Kool Beauty\",\"description\":\"Produits beaut\u00e9\",\"publisher\":{\"@id\":\"https:\/\/koolbeautyparis.fr\/es\/#organization\"},\"potentialAction\":[{\"@type\":\"SearchAction\",\"target\":{\"@type\":\"EntryPoint\",\"urlTemplate\":\"https:\/\/koolbeautyparis.fr\/es\/?s={search_term_string}\"},\"query-input\":{\"@type\":\"PropertyValueSpecification\",\"valueRequired\":true,\"valueName\":\"search_term_string\"}}],\"inLanguage\":\"es\"},{\"@type\":\"Organization\",\"@id\":\"https:\/\/koolbeautyparis.fr\/es\/#organization\",\"name\":\"Kool Beauty\",\"url\":\"https:\/\/koolbeautyparis.fr\/es\/\",\"logo\":{\"@type\":\"ImageObject\",\"inLanguage\":\"es\",\"@id\":\"https:\/\/koolbeautyparis.fr\/es\/#\/schema\/logo\/image\/\",\"url\":\"https:\/\/i0.wp.com\/koolbeautyparis.fr\/wp-content\/uploads\/2022\/03\/kool-cover-default.png?fit=1200%2C630&ssl=1\",\"contentUrl\":\"https:\/\/i0.wp.com\/koolbeautyparis.fr\/wp-content\/uploads\/2022\/03\/kool-cover-default.png?fit=1200%2C630&ssl=1\",\"width\":1200,\"height\":630,\"caption\":\"Kool Beauty\"},\"image\":{\"@id\":\"https:\/\/koolbeautyparis.fr\/es\/#\/schema\/logo\/image\/\"}}]}<\/script>\n<!-- \/ Yoast SEO plugin. -->","yoast_head_json":{"title":"RETINOL LIKE [K2] ANTI AGING SERUM | Kool Beauty","description":"Aumente sus defensas antiedad con nuestro Retinol-like totalmente vegetal. Reduce visiblemente la aparici\u00f3n de l\u00edneas finas y arrugas.","robots":{"index":"index","follow":"follow","max-snippet":"max-snippet:-1","max-image-preview":"max-image-preview:large","max-video-preview":"max-video-preview:-1"},"canonical":"https:\/\/koolbeautyparis.fr\/es\/produit\/retinol-like-k2-anti-aging-serum\/","og_locale":"es_ES","og_type":"article","og_title":"RETINOL LIKE [K2] ANTI AGING SERUM | Kool Beauty","og_description":"Aumente sus defensas antiedad con nuestro Retinol-like totalmente vegetal. Reduce visiblemente la aparici\u00f3n de l\u00edneas finas y arrugas.","og_url":"https:\/\/koolbeautyparis.fr\/es\/produit\/retinol-like-k2-anti-aging-serum\/","og_site_name":"Kool Beauty","article_modified_time":"2026-04-04T13:56:38+00:00","og_image":[{"width":2800,"height":2952,"url":"https:\/\/koolbeautyparis.fr\/wp-content\/uploads\/2022\/04\/2030-\u2013-5.png","type":"image\/png"}],"twitter_card":"summary_large_image","twitter_misc":{"Tiempo de lectura":"3 minutos"},"schema":{"@context":"https:\/\/schema.org","@graph":[{"@type":"WebPage","@id":"https:\/\/koolbeautyparis.fr\/es\/produit\/retinol-like-k2-anti-aging-serum\/","url":"https:\/\/koolbeautyparis.fr\/es\/produit\/retinol-like-k2-anti-aging-serum\/","name":"RETINOL LIKE [K2] ANTI AGING SERUM | Kool Beauty","isPartOf":{"@id":"https:\/\/koolbeautyparis.fr\/es\/#website"},"primaryImageOfPage":{"@id":"https:\/\/koolbeautyparis.fr\/es\/produit\/retinol-like-k2-anti-aging-serum\/#primaryimage"},"image":{"@id":"https:\/\/koolbeautyparis.fr\/es\/produit\/retinol-like-k2-anti-aging-serum\/#primaryimage"},"thumbnailUrl":"https:\/\/koolbeautyparis.fr\/wp-content\/uploads\/2022\/04\/2030-\u2013-5-1-scaled.png","datePublished":"2022-04-13T09:29:17+00:00","dateModified":"2026-04-04T13:56:38+00:00","description":"Aumente sus defensas antiedad con nuestro Retinol-like totalmente vegetal. Reduce visiblemente la aparici\u00f3n de l\u00edneas finas y arrugas.","breadcrumb":{"@id":"https:\/\/koolbeautyparis.fr\/es\/produit\/retinol-like-k2-anti-aging-serum\/#breadcrumb"},"inLanguage":"es","potentialAction":[{"@type":"ReadAction","target":["https:\/\/koolbeautyparis.fr\/es\/produit\/retinol-like-k2-anti-aging-serum\/"]}]},{"@type":"ImageObject","inLanguage":"es","@id":"https:\/\/koolbeautyparis.fr\/es\/produit\/retinol-like-k2-anti-aging-serum\/#primaryimage","url":"https:\/\/koolbeautyparis.fr\/wp-content\/uploads\/2022\/04\/2030-\u2013-5-1-scaled.png","contentUrl":"https:\/\/koolbeautyparis.fr\/wp-content\/uploads\/2022\/04\/2030-\u2013-5-1-scaled.png","width":2800,"height":2952},{"@type":"BreadcrumbList","@id":"https:\/\/koolbeautyparis.fr\/es\/produit\/retinol-like-k2-anti-aging-serum\/#breadcrumb","itemListElement":[{"@type":"ListItem","position":1,"name":"Accueil","item":"https:\/\/koolbeautyparis.fr\/es\/"},{"@type":"ListItem","position":2,"name":"Shop","item":"https:\/\/koolbeautyparis.fr\/shop\/"},{"@type":"ListItem","position":3,"name":"RETINOL LIKE [K2] ANTI AGING SERUM"}]},{"@type":"WebSite","@id":"https:\/\/koolbeautyparis.fr\/es\/#website","url":"https:\/\/koolbeautyparis.fr\/es\/","name":"Kool Beauty","description":"Produits beaut\u00e9","publisher":{"@id":"https:\/\/koolbeautyparis.fr\/es\/#organization"},"potentialAction":[{"@type":"SearchAction","target":{"@type":"EntryPoint","urlTemplate":"https:\/\/koolbeautyparis.fr\/es\/?s={search_term_string}"},"query-input":{"@type":"PropertyValueSpecification","valueRequired":true,"valueName":"search_term_string"}}],"inLanguage":"es"},{"@type":"Organization","@id":"https:\/\/koolbeautyparis.fr\/es\/#organization","name":"Kool Beauty","url":"https:\/\/koolbeautyparis.fr\/es\/","logo":{"@type":"ImageObject","inLanguage":"es","@id":"https:\/\/koolbeautyparis.fr\/es\/#\/schema\/logo\/image\/","url":"https:\/\/i0.wp.com\/koolbeautyparis.fr\/wp-content\/uploads\/2022\/03\/kool-cover-default.png?fit=1200%2C630&ssl=1","contentUrl":"https:\/\/i0.wp.com\/koolbeautyparis.fr\/wp-content\/uploads\/2022\/03\/kool-cover-default.png?fit=1200%2C630&ssl=1","width":1200,"height":630,"caption":"Kool Beauty"},"image":{"@id":"https:\/\/koolbeautyparis.fr\/es\/#\/schema\/logo\/image\/"}}]}},"_links":{"self":[{"href":"https:\/\/koolbeautyparis.fr\/es\/wp-json\/wp\/v2\/product\/34400"}],"collection":[{"href":"https:\/\/koolbeautyparis.fr\/es\/wp-json\/wp\/v2\/product"}],"about":[{"href":"https:\/\/koolbeautyparis.fr\/es\/wp-json\/wp\/v2\/types\/product"}],"replies":[{"embeddable":true,"href":"https:\/\/koolbeautyparis.fr\/es\/wp-json\/wp\/v2\/comments?post=34400"}],"wp:featuredmedia":[{"embeddable":true,"href":"https:\/\/koolbeautyparis.fr\/es\/wp-json\/wp\/v2\/media\/39078"}],"wp:attachment":[{"href":"https:\/\/koolbeautyparis.fr\/es\/wp-json\/wp\/v2\/media?parent=34400"}],"wp:term":[{"taxonomy":"product_cat","embeddable":true,"href":"https:\/\/koolbeautyparis.fr\/es\/wp-json\/wp\/v2\/product_cat?post=34400"},{"taxonomy":"product_tag","embeddable":true,"href":"https:\/\/koolbeautyparis.fr\/es\/wp-json\/wp\/v2\/product_tag?post=34400"}],"curies":[{"name":"wp","href":"https:\/\/api.w.org\/{rel}","templated":true}]}}