{"id":34389,"date":"2022-04-13T11:02:41","date_gmt":"2022-04-13T09:02:41","guid":{"rendered":"https:\/\/koolbeautyparis.fr\/?post_type=product&#038;p=34389"},"modified":"2026-04-15T23:06:40","modified_gmt":"2026-04-15T21:06:40","slug":"hyaluronic-dsh-super-glow-cream","status":"publish","type":"product","link":"https:\/\/koolbeautyparis.fr\/es\/produit\/hyaluronic-dsh-super-glow-cream\/","title":{"rendered":"HYALURONIC [DSH] SUPER GLOW CREAM"},"content":{"rendered":"[vc_row][vc_column][vc_single_image image=&#8221;35514&#8243; img_size=&#8221;2770&#215;217&#8243; alignment=&#8221;center&#8221; el_class=&#8221;gzl-product-specs-desktop&#8221;][vc_single_image image=&#8221;35558&#8243; img_size=&#8221;598&#215;222&#8243; alignment=&#8221;center&#8221; el_class=&#8221;gzl-product-specs-mobile&#8221;][\/vc_column][\/vc_row][vc_row][vc_column][vc_column_text]\n<h3><strong>Crema hidratante para una tez resplandeciente<\/strong><\/h3>\n<p>Esta crema iluminadora hidrata intensamente, alisa y mejora visiblemente el aspecto de la piel para revelar un cutis radiante. Calma y potencia la luminosidad de la tez, dejando la piel con un aspecto m\u00e1s sano y uniforme. Su textura no grasa penetra r\u00e1pidamente.<\/p>\n<p>\u2713 Probado bajo control dermatol\u00f3gico[\/vc_column_text][vc_tta_accordion c_icon=&#8221;chevron&#8221; c_position=&#8221;right&#8221; active_section=&#8221;&#8221; collapsible_all=&#8221;true&#8221; el_class=&#8221;gzl-product-accordeon&#8221;][vc_tta_section title=&#8221;PARA QU\u00c9 TIPOS DE PIEL&#8221; tab_id=&#8221;target&#8221;][vc_column_text]Esta crema est\u00e1 indicada para:<\/p>\n<ul>\n<li>Todo tipo de pieles<\/li>\n<li>Pieles apagadas, sin luminosidad<\/li>\n<\/ul>\n[\/vc_column_text][\/vc_tta_section][vc_tta_section title=&#8221;PRINCIPALES ACTIVOS&#8221; tab_id=&#8221;1649323953058-19de184a-ec5f&#8221;][vc_column_text]\u00c1cido hialur\u00f3nico<\/p>\n<p>DSH C\u00ae N6[\/vc_column_text][\/vc_tta_section][vc_tta_section title=&#8221;EXPERIENCIA DEL Dr. KOOL&#8221; tab_id=&#8221;expertise&#8221;][vc_column_text]\u00ab\u00bfSab\u00eda que una piel apagada se caracteriza por una falta de uniformidad y la aparici\u00f3n de manchas marrones? La contaminaci\u00f3n es uno de los principales enemigos de la luminosidad de la piel. Del mismo modo, un mal desmaquillaje puede provocar una tez apagada porque no se eliminan las c\u00e9lulas muertas de la piel. Una exposici\u00f3n excesiva al sol puede provocar la aparici\u00f3n de manchas oscuras en el rostro. Por \u00faltimo, el cansancio y el estr\u00e9s perturban el equilibrio de la piel y contribuyen a que la tez est\u00e9 apagada. Recuerde exfoliarse una vez a la semana e hidratar su piel con un cuidado facial adecuado. De este modo, evitar\u00e1 los efectos de la deshidrataci\u00f3n manteniendo una pel\u00edcula hidrolip\u00eddica que proteger\u00e1 eficazmente su piel.\u00bb <strong>Dr. Kool<\/strong>[\/vc_column_text][\/vc_tta_section][vc_tta_section title=&#8221;OPINIONES DE CLIENTES&#8221; tab_id=&#8221;reviews&#8221; el_class=&#8221;gzl-productReviewsBtn&#8221;][\/vc_tta_section][\/vc_tta_accordion][\/vc_column][\/vc_row][vc_row css=&#8221;.vc_custom_1648632082785{background-color: #fedd00 !important;}&#8221; el_class=&#8221;bg-full yellow spacing-lg percents&#8221;][vc_column]\t<div id=\"et-content-carousel-478\" class=\"row et-content-carousel slick slick-slider no-padding  \" data-center=\"true\" data-columns=\"3\" data-autoplay=\"\" data-fade=\"false\" data-autoplay-speed=\"\" data-pause=\"\" data-navigation=\"\" data-pagination=\"true\" data-infinite=\"true\">\n\t\t[vc_row_inner et_column_align=&#8221;align-center&#8221;][vc_column_inner]\n\t<div id=\"et-counter-69e182092848b\" class=\"et-counter animation bottom-to-top counter-color-custom icon-color- text-color-custom counter-top\" >\n\t\t\t\t\t<div class=\"counter-container\">\n\t\t\t\t\t\t\t\t\t<div class=\"h1\" data-count=\"100\" data-speed=\"1500\">0<\/div>\n\t\t\t\t\t\t\t\t\t\t\t\t\t<h4>sensaci\u00f3n de hidrataci\u00f3n*<\/h4>\n\t\t\t\t\t\t\t<\/div>\n\t\t\t\t\t\t\t\t\t\t<figure>\t\t\t\t\t<span class=\"\"><\/span>\n\t\t\t\t\t\t\t\t\t<\/figure>\n\t\t\t\t\t\t\t\n\t<\/div>\n\t[\/vc_column_inner][\/vc_row_inner][vc_row_inner et_column_align=&#8221;align-center&#8221;][vc_column_inner]\n\t<div id=\"et-counter-69e18209284c8\" class=\"et-counter animation bottom-to-top counter-color-custom icon-color- text-color-custom counter-top\" >\n\t\t\t\t\t<div class=\"counter-container\">\n\t\t\t\t\t\t\t\t\t<div class=\"h1\" data-count=\"100\" data-speed=\"1500\">0<\/div>\n\t\t\t\t\t\t\t\t\t\t\t\t\t<h4>mejora la luminosidad de la piel*<\/h4>\n\t\t\t\t\t\t\t<\/div>\n\t\t\t\t\t\t\t\t\t\t<figure>\t\t\t\t\t<span class=\"\"><\/span>\n\t\t\t\t\t\t\t\t\t<\/figure>\n\t\t\t\t\t\t\t\n\t<\/div>\n\t[\/vc_column_inner][\/vc_row_inner][vc_row_inner et_column_align=&#8221;align-center&#8221;][vc_column_inner]\n\t<div id=\"et-counter-69e18209284e1\" class=\"et-counter animation bottom-to-top counter-color-custom icon-color- text-color-custom counter-top\" >\n\t\t\t\t\t<div class=\"counter-container\">\n\t\t\t\t\t\t\t\t\t<div class=\"h1\" data-count=\"93\" data-speed=\"1500\">0<\/div>\n\t\t\t\t\t\t\t\t\t\t\t\t\t<h4>tez m\u00e1s uniforme*<\/h4>\n\t\t\t\t\t\t\t<\/div>\n\t\t\t\t\t\t\t\t\t\t<figure>\t\t\t\t\t<span class=\"\"><\/span>\n\t\t\t\t\t\t\t\t\t<\/figure>\n\t\t\t\t\t\t\t\n\t<\/div>\n\t[\/vc_column_inner][\/vc_row_inner]\t<\/div>\n\t\t\n\t[\/vc_column][\/vc_row][vc_row el_class=&#8221;spacing-lg application&#8221;][vc_column][vc_row_inner][vc_column_inner][vc_column_text animation=&#8221;animation bottom-to-top&#8221; css=&#8221;.vc_custom_1651572631099{margin-bottom: 0px !important;}&#8221;]\n<h2 style=\"text-align: center;\"><strong>POR LA MA\u00d1ANA Y POR LA NOCHE<\/strong><\/h2>\n[\/vc_column_text][\/vc_column_inner][\/vc_row_inner]\t<div id=\"et-content-carousel-773\" class=\"row et-content-carousel slick slick-slider regular-padding  \" data-center=\"true\" data-columns=\"3\" data-autoplay=\"\" data-fade=\"false\" data-autoplay-speed=\"\" data-pause=\"\" data-navigation=\"\" data-pagination=\"true\" data-infinite=\"\">\n\t\t\r\n\t<div id=\"et-iconbox-56\" class=\"et-iconbox layout-centered icon-style-image-default bottom-spacing-none icon-color- text-color- animation bottom-to-top \"> \r\n\t\t<div class=\"et-icon-inner\">\r\n\t\t\t<figure class=\"et-feature-icon\">\r\n\t\t\t\t\t\t\t\t\t<img decoding=\"async\" src=\"https:\/\/koolbeautyparis.fr\/wp-content\/uploads\/2022\/04\/Coton-visage-2.jpg\" alt=\"\" \/>\r\n\t\t\t\t\t\t\t<\/figure>\r\n\t\t\t<div class=\"et-feature-content\"> \r\n\t\t\t\t\t\t\t\t\t\t\t\t<div class=\"wpb_text_column\"><h4 style=\"text-align: center;\">Paso 1<\/h4>\n<p style=\"text-align: center;\"><span style=\"font-weight: 400;\">Desmaqu\u00edllese y limpie su piel en profundidad<\/span><\/p>\n<\/div>\r\n\t\t\t\t\t\t\t<\/div>\r\n\t\t<\/div>\r\n\t<\/div>\r\n\r\n\t\r\n\t<div id=\"et-iconbox-976\" class=\"et-iconbox layout-centered icon-style-image-default bottom-spacing-none icon-color- text-color- animation bottom-to-top \"> \r\n\t\t<div class=\"et-icon-inner\">\r\n\t\t\t<figure class=\"et-feature-icon\">\r\n\t\t\t\t\t\t\t\t\t<img decoding=\"async\" src=\"https:\/\/koolbeautyparis.fr\/wp-content\/uploads\/2022\/04\/mixologie-pipette.jpg\" alt=\"\" \/>\r\n\t\t\t\t\t\t\t<\/figure>\r\n\t\t\t<div class=\"et-feature-content\"> \r\n\t\t\t\t\t\t\t\t\t\t\t\t<div class=\"wpb_text_column\"><h4 style=\"text-align: center;\">Paso 2<\/h4>\n<p style=\"text-align: center;\"><span style=\"font-weight: 400;\">Aplique unas gotas de 8 Vitamins Booster Serum por todo el rostro, evitando el contorno de los ojos <\/span><\/p>\n<\/div>\r\n\t\t\t\t\t\t\t<\/div>\r\n\t\t<\/div>\r\n\t<\/div>\r\n\r\n\t\r\n\t<div id=\"et-iconbox-80\" class=\"et-iconbox layout-centered icon-style-image-default bottom-spacing-none icon-color- text-color- animation bottom-to-top \"> \r\n\t\t<div class=\"et-icon-inner\">\r\n\t\t\t<figure class=\"et-feature-icon\">\r\n\t\t\t\t\t\t\t\t\t<img decoding=\"async\" src=\"https:\/\/koolbeautyparis.fr\/wp-content\/uploads\/2022\/04\/Creme-blanche-1.jpg\" alt=\"\" \/>\r\n\t\t\t\t\t\t\t<\/figure>\r\n\t\t\t<div class=\"et-feature-content\"> \r\n\t\t\t\t\t\t\t\t\t\t\t\t<div class=\"wpb_text_column\"><h4 style=\"text-align: center;\">Paso 3<\/h4>\n<p style=\"text-align: center;\"><span style=\"font-weight: 400;\">Aplique su Hyaluronic [DSH] Super Glow Cream<\/span><\/p>\n<\/div>\r\n\t\t\t\t\t\t\t<\/div>\r\n\t\t<\/div>\r\n\t<\/div>\r\n\r\n\t\t<\/div>\n\t\t\n\t[\/vc_column][\/vc_row]\n","protected":false},"excerpt":{"rendered":"<p>Esta crema facial ha sido dise\u00f1ada como complemento de luminosidad diaria y tratamiento antifatiga para iluminar visiblemente la piel. Formulada con \u00e1cido hialur\u00f3nico, proporciona una hidrataci\u00f3n \u00f3ptima, rellena y unifica la tez apagada y cansada. Es el compa\u00f1ero ideal para potenciar tu rutina de luminosidad y aportar a la piel su dosis diaria de energ\u00eda. No usar alrededor de los ojos.<\/p>\n<p>MADE IN FRANCE.<\/p>\n<p>Ref. [wcj_product_sku] \u00b7 50ml \u00b7 1.70 Oz. Net Wt.<\/p>\n","protected":false},"featured_media":38288,"comment_status":"open","ping_status":"closed","template":"","meta":[],"product_cat":[1559],"product_tag":[],"yoast_head":"<!-- This site is optimized with the Yoast SEO plugin v23.5 - https:\/\/yoast.com\/wordpress\/plugins\/seo\/ -->\n<title>HYALURONIC [DSH] SUPER GLOW CREAM | Kool Beauty<\/title>\n<meta name=\"description\" content=\"Esta crema facial ha sido dise\u00f1ada como complemento diario de luminosidad para iluminar visiblemente la piel.\" \/>\n<meta name=\"robots\" content=\"index, follow, max-snippet:-1, max-image-preview:large, max-video-preview:-1\" \/>\n<link rel=\"canonical\" href=\"https:\/\/koolbeautyparis.fr\/es\/produit\/hyaluronic-dsh-super-glow-cream\/\" \/>\n<meta property=\"og:locale\" content=\"es_ES\" \/>\n<meta property=\"og:type\" content=\"article\" \/>\n<meta property=\"og:title\" content=\"HYALURONIC [DSH] SUPER GLOW CREAM | Kool Beauty\" \/>\n<meta property=\"og:description\" content=\"Esta crema facial ha sido dise\u00f1ada como complemento diario de luminosidad para iluminar visiblemente la piel.\" \/>\n<meta property=\"og:url\" content=\"https:\/\/koolbeautyparis.fr\/es\/produit\/hyaluronic-dsh-super-glow-cream\/\" \/>\n<meta property=\"og:site_name\" content=\"Kool Beauty\" \/>\n<meta property=\"article:modified_time\" content=\"2026-04-15T21:06:40+00:00\" \/>\n<meta property=\"og:image\" content=\"https:\/\/koolbeautyparis.fr\/wp-content\/uploads\/2022\/04\/2017-\u2013-6-971x1024.png\" \/>\n\t<meta property=\"og:image:width\" content=\"971\" \/>\n\t<meta property=\"og:image:height\" content=\"1024\" \/>\n\t<meta property=\"og:image:type\" content=\"image\/png\" \/>\n<meta name=\"twitter:card\" content=\"summary_large_image\" \/>\n<meta name=\"twitter:label1\" content=\"Tiempo de lectura\" \/>\n\t<meta name=\"twitter:data1\" content=\"3 minutos\" \/>\n<script type=\"application\/ld+json\" class=\"yoast-schema-graph\">{\"@context\":\"https:\/\/schema.org\",\"@graph\":[{\"@type\":\"WebPage\",\"@id\":\"https:\/\/koolbeautyparis.fr\/es\/produit\/hyaluronic-dsh-super-glow-cream\/\",\"url\":\"https:\/\/koolbeautyparis.fr\/es\/produit\/hyaluronic-dsh-super-glow-cream\/\",\"name\":\"HYALURONIC [DSH] SUPER GLOW CREAM | Kool Beauty\",\"isPartOf\":{\"@id\":\"https:\/\/koolbeautyparis.fr\/es\/#website\"},\"primaryImageOfPage\":{\"@id\":\"https:\/\/koolbeautyparis.fr\/es\/produit\/hyaluronic-dsh-super-glow-cream\/#primaryimage\"},\"image\":{\"@id\":\"https:\/\/koolbeautyparis.fr\/es\/produit\/hyaluronic-dsh-super-glow-cream\/#primaryimage\"},\"thumbnailUrl\":\"https:\/\/koolbeautyparis.fr\/wp-content\/uploads\/2022\/04\/2017-\u2013-6-scaled.png\",\"datePublished\":\"2022-04-13T09:02:41+00:00\",\"dateModified\":\"2026-04-15T21:06:40+00:00\",\"description\":\"Esta crema facial ha sido dise\u00f1ada como complemento diario de luminosidad para iluminar visiblemente la piel.\",\"breadcrumb\":{\"@id\":\"https:\/\/koolbeautyparis.fr\/es\/produit\/hyaluronic-dsh-super-glow-cream\/#breadcrumb\"},\"inLanguage\":\"es\",\"potentialAction\":[{\"@type\":\"ReadAction\",\"target\":[\"https:\/\/koolbeautyparis.fr\/es\/produit\/hyaluronic-dsh-super-glow-cream\/\"]}]},{\"@type\":\"ImageObject\",\"inLanguage\":\"es\",\"@id\":\"https:\/\/koolbeautyparis.fr\/es\/produit\/hyaluronic-dsh-super-glow-cream\/#primaryimage\",\"url\":\"https:\/\/koolbeautyparis.fr\/wp-content\/uploads\/2022\/04\/2017-\u2013-6-scaled.png\",\"contentUrl\":\"https:\/\/koolbeautyparis.fr\/wp-content\/uploads\/2022\/04\/2017-\u2013-6-scaled.png\",\"width\":2800,\"height\":2952},{\"@type\":\"BreadcrumbList\",\"@id\":\"https:\/\/koolbeautyparis.fr\/es\/produit\/hyaluronic-dsh-super-glow-cream\/#breadcrumb\",\"itemListElement\":[{\"@type\":\"ListItem\",\"position\":1,\"name\":\"Accueil\",\"item\":\"https:\/\/koolbeautyparis.fr\/es\/\"},{\"@type\":\"ListItem\",\"position\":2,\"name\":\"Shop\",\"item\":\"https:\/\/koolbeautyparis.fr\/shop\/\"},{\"@type\":\"ListItem\",\"position\":3,\"name\":\"HYALURONIC [DSH] SUPER GLOW CREAM\"}]},{\"@type\":\"WebSite\",\"@id\":\"https:\/\/koolbeautyparis.fr\/es\/#website\",\"url\":\"https:\/\/koolbeautyparis.fr\/es\/\",\"name\":\"Kool Beauty\",\"description\":\"Produits beaut\u00e9\",\"publisher\":{\"@id\":\"https:\/\/koolbeautyparis.fr\/es\/#organization\"},\"potentialAction\":[{\"@type\":\"SearchAction\",\"target\":{\"@type\":\"EntryPoint\",\"urlTemplate\":\"https:\/\/koolbeautyparis.fr\/es\/?s={search_term_string}\"},\"query-input\":{\"@type\":\"PropertyValueSpecification\",\"valueRequired\":true,\"valueName\":\"search_term_string\"}}],\"inLanguage\":\"es\"},{\"@type\":\"Organization\",\"@id\":\"https:\/\/koolbeautyparis.fr\/es\/#organization\",\"name\":\"Kool Beauty\",\"url\":\"https:\/\/koolbeautyparis.fr\/es\/\",\"logo\":{\"@type\":\"ImageObject\",\"inLanguage\":\"es\",\"@id\":\"https:\/\/koolbeautyparis.fr\/es\/#\/schema\/logo\/image\/\",\"url\":\"https:\/\/i0.wp.com\/koolbeautyparis.fr\/wp-content\/uploads\/2022\/03\/kool-cover-default.png?fit=1200%2C630&ssl=1\",\"contentUrl\":\"https:\/\/i0.wp.com\/koolbeautyparis.fr\/wp-content\/uploads\/2022\/03\/kool-cover-default.png?fit=1200%2C630&ssl=1\",\"width\":1200,\"height\":630,\"caption\":\"Kool Beauty\"},\"image\":{\"@id\":\"https:\/\/koolbeautyparis.fr\/es\/#\/schema\/logo\/image\/\"}}]}<\/script>\n<!-- \/ Yoast SEO plugin. -->","yoast_head_json":{"title":"HYALURONIC [DSH] SUPER GLOW CREAM | Kool Beauty","description":"Esta crema facial ha sido dise\u00f1ada como complemento diario de luminosidad para iluminar visiblemente la piel.","robots":{"index":"index","follow":"follow","max-snippet":"max-snippet:-1","max-image-preview":"max-image-preview:large","max-video-preview":"max-video-preview:-1"},"canonical":"https:\/\/koolbeautyparis.fr\/es\/produit\/hyaluronic-dsh-super-glow-cream\/","og_locale":"es_ES","og_type":"article","og_title":"HYALURONIC [DSH] SUPER GLOW CREAM | Kool Beauty","og_description":"Esta crema facial ha sido dise\u00f1ada como complemento diario de luminosidad para iluminar visiblemente la piel.","og_url":"https:\/\/koolbeautyparis.fr\/es\/produit\/hyaluronic-dsh-super-glow-cream\/","og_site_name":"Kool Beauty","article_modified_time":"2026-04-15T21:06:40+00:00","og_image":[{"width":971,"height":1024,"url":"https:\/\/koolbeautyparis.fr\/wp-content\/uploads\/2022\/04\/2017-\u2013-6-971x1024.png","type":"image\/png"}],"twitter_card":"summary_large_image","twitter_misc":{"Tiempo de lectura":"3 minutos"},"schema":{"@context":"https:\/\/schema.org","@graph":[{"@type":"WebPage","@id":"https:\/\/koolbeautyparis.fr\/es\/produit\/hyaluronic-dsh-super-glow-cream\/","url":"https:\/\/koolbeautyparis.fr\/es\/produit\/hyaluronic-dsh-super-glow-cream\/","name":"HYALURONIC [DSH] SUPER GLOW CREAM | Kool Beauty","isPartOf":{"@id":"https:\/\/koolbeautyparis.fr\/es\/#website"},"primaryImageOfPage":{"@id":"https:\/\/koolbeautyparis.fr\/es\/produit\/hyaluronic-dsh-super-glow-cream\/#primaryimage"},"image":{"@id":"https:\/\/koolbeautyparis.fr\/es\/produit\/hyaluronic-dsh-super-glow-cream\/#primaryimage"},"thumbnailUrl":"https:\/\/koolbeautyparis.fr\/wp-content\/uploads\/2022\/04\/2017-\u2013-6-scaled.png","datePublished":"2022-04-13T09:02:41+00:00","dateModified":"2026-04-15T21:06:40+00:00","description":"Esta crema facial ha sido dise\u00f1ada como complemento diario de luminosidad para iluminar visiblemente la piel.","breadcrumb":{"@id":"https:\/\/koolbeautyparis.fr\/es\/produit\/hyaluronic-dsh-super-glow-cream\/#breadcrumb"},"inLanguage":"es","potentialAction":[{"@type":"ReadAction","target":["https:\/\/koolbeautyparis.fr\/es\/produit\/hyaluronic-dsh-super-glow-cream\/"]}]},{"@type":"ImageObject","inLanguage":"es","@id":"https:\/\/koolbeautyparis.fr\/es\/produit\/hyaluronic-dsh-super-glow-cream\/#primaryimage","url":"https:\/\/koolbeautyparis.fr\/wp-content\/uploads\/2022\/04\/2017-\u2013-6-scaled.png","contentUrl":"https:\/\/koolbeautyparis.fr\/wp-content\/uploads\/2022\/04\/2017-\u2013-6-scaled.png","width":2800,"height":2952},{"@type":"BreadcrumbList","@id":"https:\/\/koolbeautyparis.fr\/es\/produit\/hyaluronic-dsh-super-glow-cream\/#breadcrumb","itemListElement":[{"@type":"ListItem","position":1,"name":"Accueil","item":"https:\/\/koolbeautyparis.fr\/es\/"},{"@type":"ListItem","position":2,"name":"Shop","item":"https:\/\/koolbeautyparis.fr\/shop\/"},{"@type":"ListItem","position":3,"name":"HYALURONIC [DSH] SUPER GLOW CREAM"}]},{"@type":"WebSite","@id":"https:\/\/koolbeautyparis.fr\/es\/#website","url":"https:\/\/koolbeautyparis.fr\/es\/","name":"Kool Beauty","description":"Produits beaut\u00e9","publisher":{"@id":"https:\/\/koolbeautyparis.fr\/es\/#organization"},"potentialAction":[{"@type":"SearchAction","target":{"@type":"EntryPoint","urlTemplate":"https:\/\/koolbeautyparis.fr\/es\/?s={search_term_string}"},"query-input":{"@type":"PropertyValueSpecification","valueRequired":true,"valueName":"search_term_string"}}],"inLanguage":"es"},{"@type":"Organization","@id":"https:\/\/koolbeautyparis.fr\/es\/#organization","name":"Kool Beauty","url":"https:\/\/koolbeautyparis.fr\/es\/","logo":{"@type":"ImageObject","inLanguage":"es","@id":"https:\/\/koolbeautyparis.fr\/es\/#\/schema\/logo\/image\/","url":"https:\/\/i0.wp.com\/koolbeautyparis.fr\/wp-content\/uploads\/2022\/03\/kool-cover-default.png?fit=1200%2C630&ssl=1","contentUrl":"https:\/\/i0.wp.com\/koolbeautyparis.fr\/wp-content\/uploads\/2022\/03\/kool-cover-default.png?fit=1200%2C630&ssl=1","width":1200,"height":630,"caption":"Kool Beauty"},"image":{"@id":"https:\/\/koolbeautyparis.fr\/es\/#\/schema\/logo\/image\/"}}]}},"_links":{"self":[{"href":"https:\/\/koolbeautyparis.fr\/es\/wp-json\/wp\/v2\/product\/34389"}],"collection":[{"href":"https:\/\/koolbeautyparis.fr\/es\/wp-json\/wp\/v2\/product"}],"about":[{"href":"https:\/\/koolbeautyparis.fr\/es\/wp-json\/wp\/v2\/types\/product"}],"replies":[{"embeddable":true,"href":"https:\/\/koolbeautyparis.fr\/es\/wp-json\/wp\/v2\/comments?post=34389"}],"wp:featuredmedia":[{"embeddable":true,"href":"https:\/\/koolbeautyparis.fr\/es\/wp-json\/wp\/v2\/media\/38288"}],"wp:attachment":[{"href":"https:\/\/koolbeautyparis.fr\/es\/wp-json\/wp\/v2\/media?parent=34389"}],"wp:term":[{"taxonomy":"product_cat","embeddable":true,"href":"https:\/\/koolbeautyparis.fr\/es\/wp-json\/wp\/v2\/product_cat?post=34389"},{"taxonomy":"product_tag","embeddable":true,"href":"https:\/\/koolbeautyparis.fr\/es\/wp-json\/wp\/v2\/product_tag?post=34389"}],"curies":[{"name":"wp","href":"https:\/\/api.w.org\/{rel}","templated":true}]}}