{"id":34338,"date":"2022-04-12T17:21:31","date_gmt":"2022-04-12T15:21:31","guid":{"rendered":"https:\/\/koolbeautyparis.fr\/?post_type=product&#038;p=34338"},"modified":"2026-04-04T15:56:55","modified_gmt":"2026-04-04T13:56:55","slug":"zinc-sos-blemish-moisturizer","status":"publish","type":"product","link":"https:\/\/koolbeautyparis.fr\/es\/produit\/zinc-sos-blemish-moisturizer\/","title":{"rendered":"ZINC SOS BLEMISH MOISTURIZER"},"content":{"rendered":"[vc_row][vc_column][vc_single_image image=&#8221;35506&#8243; img_size=&#8221;2770&#215;217&#8243; alignment=&#8221;center&#8221; el_class=&#8221;gzl-product-specs-desktop&#8221;][vc_single_image image=&#8221;35550&#8243; img_size=&#8221;598&#215;222&#8243; alignment=&#8221;center&#8221; el_class=&#8221;gzl-product-specs-mobile&#8221;][\/vc_column][\/vc_row][vc_row][vc_column][vc_column_text]\n<h3>Crema SOS Anti-Imperfecciones<\/h3>\n<p>Esta crema no grasa ayuda a reducir la aparici\u00f3n de puntos negros y otras imperfecciones. Tambi\u00e9n ayuda a unificar el tono de la piel. La piel queda visiblemente matificada, purificada y perfectamente hidratada.<\/p>\n<p>\u2713 Probado bajo control dermatol\u00f3gico<br \/>\n\u2713 No comedog\u00e9nico[\/vc_column_text][vc_tta_accordion c_icon=&#8221;chevron&#8221; c_position=&#8221;right&#8221; active_section=&#8221;&#8221; collapsible_all=&#8221;true&#8221; el_class=&#8221;gzl-product-accordeon&#8221;][vc_tta_section title=&#8221;PARA QU\u00c9 TIPOS DE PIEL&#8221; tab_id=&#8221;target&#8221;][vc_column_text]Esta crema anti-imperfecciones est\u00e1 indicada para:<\/p>\n<ul>\n<li>Todo tipo de pieles<\/li>\n<li>Pieles mixtas a grasas<\/li>\n<li>Pieles con imperfecciones<\/li>\n<\/ul>\n[\/vc_column_text][\/vc_tta_section][vc_tta_section title=&#8221;PRINCIPALES ACTIVOS&#8221; tab_id=&#8221;1649323953058-19de184a-ec5f&#8221;][vc_column_text]Zinc<\/p>\n<p>Oligoalginato<\/p>\n<p>Extracto de <em>Enantia chlorantha<\/em>[\/vc_column_text][\/vc_tta_section][vc_tta_section title=&#8221;EXPERIENCIA DEL Dr. KOOL&#8221; tab_id=&#8221;expertise&#8221;][vc_column_text]&#8221;\u00bfSabe c\u00f3mo se forman las imperfecciones? Las pieles con tendencia acneica se caracterizan generalmente por una producci\u00f3n excesiva de sebo. El sebo obstruye los fol\u00edculos pilosos (donde se forma el vello) y crea puntos negros. Nuestra crema Zinc SOS Blemish Moisturizer ayuda a que tu piel sea menos grasa y a reducir las imperfecciones. \u00a1No olvide nutrir tu piel! Si su piel es mixta o grasa, tambi\u00e9n puede deberse a que se ha despojado de su pel\u00edcula hidrolip\u00eddica, alterando su funci\u00f3n de barrera. Para compensarlo, la piel reacciona produciendo el doble de sebo.\u201d <strong>Dr Kool<\/strong>[\/vc_column_text][\/vc_tta_section][vc_tta_section title=&#8221;OPINIONES DE CLIENTES&#8221; tab_id=&#8221;reviews&#8221; el_class=&#8221;gzl-productReviewsBtn&#8221;][\/vc_tta_section][\/vc_tta_accordion][\/vc_column][\/vc_row][vc_row css=&#8221;.vc_custom_1648632082785{background-color: #fedd00 !important;}&#8221; el_class=&#8221;bg-full yellow spacing-lg percents&#8221;][vc_column]\t<div id=\"et-content-carousel-914\" class=\"row et-content-carousel slick slick-slider no-padding  \" data-center=\"true\" data-columns=\"3\" data-autoplay=\"\" data-fade=\"false\" data-autoplay-speed=\"\" data-pause=\"\" data-navigation=\"\" data-pagination=\"true\" data-infinite=\"true\">\n\t\t[vc_row_inner et_column_align=&#8221;align-center&#8221;][vc_column_inner]\n\t<div id=\"et-counter-69d463dfb972a\" class=\"et-counter animation bottom-to-top counter-color-custom icon-color- text-color-custom counter-top\" >\n\t\t\t\t\t<div class=\"counter-container\">\n\t\t\t\t\t\t\t\t\t<div class=\"h1\" data-count=\"100\" data-speed=\"1500\">0<\/div>\n\t\t\t\t\t\t\t\t\t\t\t\t\t<h4>piel menos grasa*<\/h4>\n\t\t\t\t\t\t\t<\/div>\n\t\t\t\t\t\t\t\t\t\t<figure>\t\t\t\t\t<span class=\"\"><\/span>\n\t\t\t\t\t\t\t\t\t<\/figure>\n\t\t\t\t\t\t\t\n\t<\/div>\n\t[\/vc_column_inner][\/vc_row_inner][vc_row_inner et_column_align=&#8221;align-center&#8221;][vc_column_inner]\n\t<div id=\"et-counter-69d463dfb9763\" class=\"et-counter animation bottom-to-top counter-color-custom icon-color- text-color-custom counter-top\" >\n\t\t\t\t\t<div class=\"counter-container\">\n\t\t\t\t\t\t\t\t\t<div class=\"h1\" data-count=\"93\" data-speed=\"1500\">0<\/div>\n\t\t\t\t\t\t\t\t\t\t\t\t\t<h4>poros m\u00e1s cerrados*<\/h4>\n\t\t\t\t\t\t\t<\/div>\n\t\t\t\t\t\t\t\t\t\t<figure>\t\t\t\t\t<span class=\"\"><\/span>\n\t\t\t\t\t\t\t\t\t<\/figure>\n\t\t\t\t\t\t\t\n\t<\/div>\n\t[\/vc_column_inner][\/vc_row_inner][vc_row_inner et_column_align=&#8221;align-center&#8221;][vc_column_inner]\n\t<div id=\"et-counter-69d463dfb977a\" class=\"et-counter animation bottom-to-top counter-color-custom icon-color- text-color-custom counter-top\" >\n\t\t\t\t\t<div class=\"counter-container\">\n\t\t\t\t\t\t\t\t\t<div class=\"h1\" data-count=\"93\" data-speed=\"1500\">0<\/div>\n\t\t\t\t\t\t\t\t\t\t\t\t\t<h4>menos imperfecciones*<\/h4>\n\t\t\t\t\t\t\t<\/div>\n\t\t\t\t\t\t\t\t\t\t<figure>\t\t\t\t\t<span class=\"\"><\/span>\n\t\t\t\t\t\t\t\t\t<\/figure>\n\t\t\t\t\t\t\t\n\t<\/div>\n\t[\/vc_column_inner][\/vc_row_inner]\t<\/div>\n\t\t\n\t[\/vc_column][\/vc_row][vc_row el_class=&#8221;spacing-lg application&#8221;][vc_column][vc_row_inner][vc_column_inner][vc_column_text animation=&#8221;animation bottom-to-top&#8221; css=&#8221;.vc_custom_1651566641481{margin-bottom: 0px !important;}&#8221;]\n<h2 style=\"text-align: center;\"><strong>POR LA MA\u00d1ANA Y POR LA NOCHE<\/strong><\/h2>\n[\/vc_column_text][\/vc_column_inner][\/vc_row_inner]\t<div id=\"et-content-carousel-335\" class=\"row et-content-carousel slick slick-slider regular-padding  \" data-center=\"true\" data-columns=\"3\" data-autoplay=\"\" data-fade=\"false\" data-autoplay-speed=\"\" data-pause=\"\" data-navigation=\"\" data-pagination=\"true\" data-infinite=\"\">\n\t\t\r\n\t<div id=\"et-iconbox-543\" class=\"et-iconbox layout-centered icon-style-image-default bottom-spacing-none icon-color- text-color- animation bottom-to-top \"> \r\n\t\t<div class=\"et-icon-inner\">\r\n\t\t\t<figure class=\"et-feature-icon\">\r\n\t\t\t\t\t\t\t\t\t<img decoding=\"async\" src=\"https:\/\/koolbeautyparis.fr\/wp-content\/uploads\/2022\/04\/Coton-visage-1.jpg\" alt=\"\" \/>\r\n\t\t\t\t\t\t\t<\/figure>\r\n\t\t\t<div class=\"et-feature-content\"> \r\n\t\t\t\t\t\t\t\t\t\t\t\t<div class=\"wpb_text_column\"><h4 style=\"text-align: center;\">Paso 1<\/h4>\n<p style=\"text-align: center;\"><span style=\"font-weight: 400;\">Desmaqu\u00edllese y limpie su piel en profundidad <\/span><\/p>\n<\/div>\r\n\t\t\t\t\t\t\t<\/div>\r\n\t\t<\/div>\r\n\t<\/div>\r\n\r\n\t\r\n\t<div id=\"et-iconbox-568\" class=\"et-iconbox layout-centered icon-style-image-default bottom-spacing-none icon-color- text-color- animation bottom-to-top \"> \r\n\t\t<div class=\"et-icon-inner\">\r\n\t\t\t<figure class=\"et-feature-icon\">\r\n\t\t\t\t\t\t\t\t\t<img decoding=\"async\" src=\"https:\/\/koolbeautyparis.fr\/wp-content\/uploads\/2022\/04\/mixologie-2001-1.jpg\" alt=\"\" \/>\r\n\t\t\t\t\t\t\t<\/figure>\r\n\t\t\t<div class=\"et-feature-content\"> \r\n\t\t\t\t\t\t\t\t\t\t\t\t<div class=\"wpb_text_column\"><h4 style=\"text-align: center;\">Paso 2<\/h4>\n<p style=\"text-align: center;\"><span style=\"font-weight: 400;\">Agite su suero 2% Niacinamide Stop Blemish Serum Bi-Phase\u00a0antes de usarlo y apl\u00edquelo localmente o en todo el rostro, evitando el contorno de los ojos <\/span><\/p>\n<\/div>\r\n\t\t\t\t\t\t\t<\/div>\r\n\t\t<\/div>\r\n\t<\/div>\r\n\r\n\t\r\n\t<div id=\"et-iconbox-14\" class=\"et-iconbox layout-centered icon-style-image-default bottom-spacing-none icon-color- text-color- animation bottom-to-top \"> \r\n\t\t<div class=\"et-icon-inner\">\r\n\t\t\t<figure class=\"et-feature-icon\">\r\n\t\t\t\t\t\t\t\t\t<img decoding=\"async\" src=\"https:\/\/koolbeautyparis.fr\/wp-content\/uploads\/2022\/04\/Creme-blanche-1.jpg\" alt=\"\" \/>\r\n\t\t\t\t\t\t\t<\/figure>\r\n\t\t\t<div class=\"et-feature-content\"> \r\n\t\t\t\t\t\t\t\t\t\t\t\t<div class=\"wpb_text_column\"><h4 style=\"text-align: center;\">Paso 3<\/h4>\n<p style=\"text-align: center;\">Aplique su crema Zinc SOS Blemish Moisturizer sobre las imperfecciones o sobre todo el rostro.<\/p>\n<p>\u00a0<\/p>\n<\/div>\r\n\t\t\t\t\t\t\t<\/div>\r\n\t\t<\/div>\r\n\t<\/div>\r\n\r\n\t\t<\/div>\n\t\t\n\t[\/vc_column][\/vc_row]\n","protected":false},"excerpt":{"rendered":"<p>Esta crema no grasa mejora visiblemente la calidad de la piel reduciendo las imperfecciones. Reduce la aparici\u00f3n de puntos negros, cierra los poros y afina la textura de la piel. Aplicar dos veces al d\u00eda sobre las imperfecciones o sobre todo el rostro. No utilizar alrededor de los ojos.<\/p>\n<p>MADE IN FRANCE<\/p>\n<p>Ref. [wcj_product_sku] \u00b7 50ml \u00b7 1.70 Oz. Net Wt.<\/p>\n","protected":false},"featured_media":38228,"comment_status":"open","ping_status":"closed","template":"","meta":[],"product_cat":[1555],"product_tag":[],"yoast_head":"<!-- This site is optimized with the Yoast SEO plugin v23.5 - https:\/\/yoast.com\/wordpress\/plugins\/seo\/ -->\n<title>ZINC SOS BLEMISH MOISTURIZER | Kool Beauty<\/title>\n<meta name=\"description\" content=\"Crema anti-imperfecciones con zinc, para pieles con imperfecciones. Lucha eficazmente contra los granos y los puntos negros.\" \/>\n<meta name=\"robots\" content=\"index, follow, max-snippet:-1, max-image-preview:large, max-video-preview:-1\" \/>\n<link rel=\"canonical\" href=\"https:\/\/koolbeautyparis.fr\/es\/produit\/zinc-sos-blemish-moisturizer\/\" \/>\n<meta property=\"og:locale\" content=\"es_ES\" \/>\n<meta property=\"og:type\" content=\"article\" \/>\n<meta property=\"og:title\" content=\"ZINC SOS BLEMISH MOISTURIZER | Kool Beauty\" \/>\n<meta property=\"og:description\" content=\"Crema anti-imperfecciones con zinc, para pieles con imperfecciones. Lucha eficazmente contra los granos y los puntos negros.\" \/>\n<meta property=\"og:url\" content=\"https:\/\/koolbeautyparis.fr\/es\/produit\/zinc-sos-blemish-moisturizer\/\" \/>\n<meta property=\"og:site_name\" content=\"Kool Beauty\" \/>\n<meta property=\"article:modified_time\" content=\"2026-04-04T13:56:55+00:00\" \/>\n<meta property=\"og:image\" content=\"https:\/\/koolbeautyparis.fr\/wp-content\/uploads\/2022\/04\/2002-\u2013-3-971x1024.png\" \/>\n\t<meta property=\"og:image:width\" content=\"971\" \/>\n\t<meta property=\"og:image:height\" content=\"1024\" \/>\n\t<meta property=\"og:image:type\" content=\"image\/png\" \/>\n<meta name=\"twitter:card\" content=\"summary_large_image\" \/>\n<meta name=\"twitter:label1\" content=\"Tiempo de lectura\" \/>\n\t<meta name=\"twitter:data1\" content=\"4 minutos\" \/>\n<script type=\"application\/ld+json\" class=\"yoast-schema-graph\">{\"@context\":\"https:\/\/schema.org\",\"@graph\":[{\"@type\":\"WebPage\",\"@id\":\"https:\/\/koolbeautyparis.fr\/es\/produit\/zinc-sos-blemish-moisturizer\/\",\"url\":\"https:\/\/koolbeautyparis.fr\/es\/produit\/zinc-sos-blemish-moisturizer\/\",\"name\":\"ZINC SOS BLEMISH MOISTURIZER | Kool Beauty\",\"isPartOf\":{\"@id\":\"https:\/\/koolbeautyparis.fr\/es\/#website\"},\"primaryImageOfPage\":{\"@id\":\"https:\/\/koolbeautyparis.fr\/es\/produit\/zinc-sos-blemish-moisturizer\/#primaryimage\"},\"image\":{\"@id\":\"https:\/\/koolbeautyparis.fr\/es\/produit\/zinc-sos-blemish-moisturizer\/#primaryimage\"},\"thumbnailUrl\":\"https:\/\/koolbeautyparis.fr\/wp-content\/uploads\/2022\/04\/2002-\u2013-3-scaled.png\",\"datePublished\":\"2022-04-12T15:21:31+00:00\",\"dateModified\":\"2026-04-04T13:56:55+00:00\",\"description\":\"Crema anti-imperfecciones con zinc, para pieles con imperfecciones. Lucha eficazmente contra los granos y los puntos negros.\",\"breadcrumb\":{\"@id\":\"https:\/\/koolbeautyparis.fr\/es\/produit\/zinc-sos-blemish-moisturizer\/#breadcrumb\"},\"inLanguage\":\"es\",\"potentialAction\":[{\"@type\":\"ReadAction\",\"target\":[\"https:\/\/koolbeautyparis.fr\/es\/produit\/zinc-sos-blemish-moisturizer\/\"]}]},{\"@type\":\"ImageObject\",\"inLanguage\":\"es\",\"@id\":\"https:\/\/koolbeautyparis.fr\/es\/produit\/zinc-sos-blemish-moisturizer\/#primaryimage\",\"url\":\"https:\/\/koolbeautyparis.fr\/wp-content\/uploads\/2022\/04\/2002-\u2013-3-scaled.png\",\"contentUrl\":\"https:\/\/koolbeautyparis.fr\/wp-content\/uploads\/2022\/04\/2002-\u2013-3-scaled.png\",\"width\":2800,\"height\":2952},{\"@type\":\"BreadcrumbList\",\"@id\":\"https:\/\/koolbeautyparis.fr\/es\/produit\/zinc-sos-blemish-moisturizer\/#breadcrumb\",\"itemListElement\":[{\"@type\":\"ListItem\",\"position\":1,\"name\":\"Accueil\",\"item\":\"https:\/\/koolbeautyparis.fr\/es\/\"},{\"@type\":\"ListItem\",\"position\":2,\"name\":\"Shop\",\"item\":\"https:\/\/koolbeautyparis.fr\/shop\/\"},{\"@type\":\"ListItem\",\"position\":3,\"name\":\"ZINC SOS BLEMISH MOISTURIZER\"}]},{\"@type\":\"WebSite\",\"@id\":\"https:\/\/koolbeautyparis.fr\/es\/#website\",\"url\":\"https:\/\/koolbeautyparis.fr\/es\/\",\"name\":\"Kool Beauty\",\"description\":\"Produits beaut\u00e9\",\"publisher\":{\"@id\":\"https:\/\/koolbeautyparis.fr\/es\/#organization\"},\"potentialAction\":[{\"@type\":\"SearchAction\",\"target\":{\"@type\":\"EntryPoint\",\"urlTemplate\":\"https:\/\/koolbeautyparis.fr\/es\/?s={search_term_string}\"},\"query-input\":{\"@type\":\"PropertyValueSpecification\",\"valueRequired\":true,\"valueName\":\"search_term_string\"}}],\"inLanguage\":\"es\"},{\"@type\":\"Organization\",\"@id\":\"https:\/\/koolbeautyparis.fr\/es\/#organization\",\"name\":\"Kool Beauty\",\"url\":\"https:\/\/koolbeautyparis.fr\/es\/\",\"logo\":{\"@type\":\"ImageObject\",\"inLanguage\":\"es\",\"@id\":\"https:\/\/koolbeautyparis.fr\/es\/#\/schema\/logo\/image\/\",\"url\":\"https:\/\/i0.wp.com\/koolbeautyparis.fr\/wp-content\/uploads\/2022\/03\/kool-cover-default.png?fit=1200%2C630&ssl=1\",\"contentUrl\":\"https:\/\/i0.wp.com\/koolbeautyparis.fr\/wp-content\/uploads\/2022\/03\/kool-cover-default.png?fit=1200%2C630&ssl=1\",\"width\":1200,\"height\":630,\"caption\":\"Kool Beauty\"},\"image\":{\"@id\":\"https:\/\/koolbeautyparis.fr\/es\/#\/schema\/logo\/image\/\"}}]}<\/script>\n<!-- \/ Yoast SEO plugin. -->","yoast_head_json":{"title":"ZINC SOS BLEMISH MOISTURIZER | Kool Beauty","description":"Crema anti-imperfecciones con zinc, para pieles con imperfecciones. Lucha eficazmente contra los granos y los puntos negros.","robots":{"index":"index","follow":"follow","max-snippet":"max-snippet:-1","max-image-preview":"max-image-preview:large","max-video-preview":"max-video-preview:-1"},"canonical":"https:\/\/koolbeautyparis.fr\/es\/produit\/zinc-sos-blemish-moisturizer\/","og_locale":"es_ES","og_type":"article","og_title":"ZINC SOS BLEMISH MOISTURIZER | Kool Beauty","og_description":"Crema anti-imperfecciones con zinc, para pieles con imperfecciones. Lucha eficazmente contra los granos y los puntos negros.","og_url":"https:\/\/koolbeautyparis.fr\/es\/produit\/zinc-sos-blemish-moisturizer\/","og_site_name":"Kool Beauty","article_modified_time":"2026-04-04T13:56:55+00:00","og_image":[{"width":971,"height":1024,"url":"https:\/\/koolbeautyparis.fr\/wp-content\/uploads\/2022\/04\/2002-\u2013-3-971x1024.png","type":"image\/png"}],"twitter_card":"summary_large_image","twitter_misc":{"Tiempo de lectura":"4 minutos"},"schema":{"@context":"https:\/\/schema.org","@graph":[{"@type":"WebPage","@id":"https:\/\/koolbeautyparis.fr\/es\/produit\/zinc-sos-blemish-moisturizer\/","url":"https:\/\/koolbeautyparis.fr\/es\/produit\/zinc-sos-blemish-moisturizer\/","name":"ZINC SOS BLEMISH MOISTURIZER | Kool Beauty","isPartOf":{"@id":"https:\/\/koolbeautyparis.fr\/es\/#website"},"primaryImageOfPage":{"@id":"https:\/\/koolbeautyparis.fr\/es\/produit\/zinc-sos-blemish-moisturizer\/#primaryimage"},"image":{"@id":"https:\/\/koolbeautyparis.fr\/es\/produit\/zinc-sos-blemish-moisturizer\/#primaryimage"},"thumbnailUrl":"https:\/\/koolbeautyparis.fr\/wp-content\/uploads\/2022\/04\/2002-\u2013-3-scaled.png","datePublished":"2022-04-12T15:21:31+00:00","dateModified":"2026-04-04T13:56:55+00:00","description":"Crema anti-imperfecciones con zinc, para pieles con imperfecciones. Lucha eficazmente contra los granos y los puntos negros.","breadcrumb":{"@id":"https:\/\/koolbeautyparis.fr\/es\/produit\/zinc-sos-blemish-moisturizer\/#breadcrumb"},"inLanguage":"es","potentialAction":[{"@type":"ReadAction","target":["https:\/\/koolbeautyparis.fr\/es\/produit\/zinc-sos-blemish-moisturizer\/"]}]},{"@type":"ImageObject","inLanguage":"es","@id":"https:\/\/koolbeautyparis.fr\/es\/produit\/zinc-sos-blemish-moisturizer\/#primaryimage","url":"https:\/\/koolbeautyparis.fr\/wp-content\/uploads\/2022\/04\/2002-\u2013-3-scaled.png","contentUrl":"https:\/\/koolbeautyparis.fr\/wp-content\/uploads\/2022\/04\/2002-\u2013-3-scaled.png","width":2800,"height":2952},{"@type":"BreadcrumbList","@id":"https:\/\/koolbeautyparis.fr\/es\/produit\/zinc-sos-blemish-moisturizer\/#breadcrumb","itemListElement":[{"@type":"ListItem","position":1,"name":"Accueil","item":"https:\/\/koolbeautyparis.fr\/es\/"},{"@type":"ListItem","position":2,"name":"Shop","item":"https:\/\/koolbeautyparis.fr\/shop\/"},{"@type":"ListItem","position":3,"name":"ZINC SOS BLEMISH MOISTURIZER"}]},{"@type":"WebSite","@id":"https:\/\/koolbeautyparis.fr\/es\/#website","url":"https:\/\/koolbeautyparis.fr\/es\/","name":"Kool Beauty","description":"Produits beaut\u00e9","publisher":{"@id":"https:\/\/koolbeautyparis.fr\/es\/#organization"},"potentialAction":[{"@type":"SearchAction","target":{"@type":"EntryPoint","urlTemplate":"https:\/\/koolbeautyparis.fr\/es\/?s={search_term_string}"},"query-input":{"@type":"PropertyValueSpecification","valueRequired":true,"valueName":"search_term_string"}}],"inLanguage":"es"},{"@type":"Organization","@id":"https:\/\/koolbeautyparis.fr\/es\/#organization","name":"Kool Beauty","url":"https:\/\/koolbeautyparis.fr\/es\/","logo":{"@type":"ImageObject","inLanguage":"es","@id":"https:\/\/koolbeautyparis.fr\/es\/#\/schema\/logo\/image\/","url":"https:\/\/i0.wp.com\/koolbeautyparis.fr\/wp-content\/uploads\/2022\/03\/kool-cover-default.png?fit=1200%2C630&ssl=1","contentUrl":"https:\/\/i0.wp.com\/koolbeautyparis.fr\/wp-content\/uploads\/2022\/03\/kool-cover-default.png?fit=1200%2C630&ssl=1","width":1200,"height":630,"caption":"Kool Beauty"},"image":{"@id":"https:\/\/koolbeautyparis.fr\/es\/#\/schema\/logo\/image\/"}}]}},"_links":{"self":[{"href":"https:\/\/koolbeautyparis.fr\/es\/wp-json\/wp\/v2\/product\/34338"}],"collection":[{"href":"https:\/\/koolbeautyparis.fr\/es\/wp-json\/wp\/v2\/product"}],"about":[{"href":"https:\/\/koolbeautyparis.fr\/es\/wp-json\/wp\/v2\/types\/product"}],"replies":[{"embeddable":true,"href":"https:\/\/koolbeautyparis.fr\/es\/wp-json\/wp\/v2\/comments?post=34338"}],"wp:featuredmedia":[{"embeddable":true,"href":"https:\/\/koolbeautyparis.fr\/es\/wp-json\/wp\/v2\/media\/38228"}],"wp:attachment":[{"href":"https:\/\/koolbeautyparis.fr\/es\/wp-json\/wp\/v2\/media?parent=34338"}],"wp:term":[{"taxonomy":"product_cat","embeddable":true,"href":"https:\/\/koolbeautyparis.fr\/es\/wp-json\/wp\/v2\/product_cat?post=34338"},{"taxonomy":"product_tag","embeddable":true,"href":"https:\/\/koolbeautyparis.fr\/es\/wp-json\/wp\/v2\/product_tag?post=34338"}],"curies":[{"name":"wp","href":"https:\/\/api.w.org\/{rel}","templated":true}]}}