{"id":35301,"date":"2021-12-22T12:29:00","date_gmt":"2021-12-22T11:29:00","guid":{"rendered":"https:\/\/koolbeautyparis.fr\/faq\/"},"modified":"2022-05-12T17:09:48","modified_gmt":"2022-05-12T15:09:48","slug":"faq","status":"publish","type":"page","link":"https:\/\/koolbeautyparis.fr\/es\/faq\/","title":{"rendered":"FAQ"},"content":{"rendered":"[vc_row c_align=&#8221;left&#8221; autoplay=&#8221;none&#8221; collapsible_all=&#8221;&#8221; c_icon=&#8221;plus&#8221; c_position=&#8221;left&#8221; active_section=&#8221;1&#8243; animation=&#8221;&#8221; style=&#8221;style2&#8243;][vc_column][vc_tta_accordion active_section=&#8221;1&#8243; style=&#8221;style2&#8243;][vc_tta_section i_icon_fontawesome=&#8221;fas fa-sync-alt&#8221; add_icon=&#8221;true&#8221; title=&#8221;CAMBIO Y REEMBOLSO&#8221; tab_id=&#8221;1644915745422-436794ce-bd72&#8243;][vc_column_text]Si no est\u00e1 completamente satisfecho con su compra, puede cambiar o devolver f\u00e1cilmente su producto en un plazo de 2 semanas desde la recepci\u00f3n del pedido*. El producto debe estar en su estado original, en su embalaje, con sus accesorios e instrucciones. No debe haber sido utilizado.<\/p>\n<ol>\n<li>PREPARE SU PRODUCTO PARA LA DEVOLUCI\u00d3N:<br \/>\nEmpaqu\u00e9telo lo m\u00e1s posible para que est\u00e9 protegido durante el transporte, idealmente en el paquete original,<br \/>\nRellene el formulario de devoluci\u00f3n (incluido en el paquete) y p\u00f3ngalo con su producto.<\/li>\n<li>ENV\u00cdE SU PAQUETE A LA SIGUIENTE DIRECCI\u00d3N<br \/>\nINTERPRESTIGE \/ KOOL BEAUTY<br \/>\n14 RUE CAMILLE DESMOULINS<br \/>\n95870 BEZONS FRANCIA<br \/>\nAtenci\u00f3n: los gastos de devoluci\u00f3n corren a su cargo.<\/li>\n<li>A LA RECEPCI\u00d3N DE SU PAQUETE POR PARTE DE KOOL BEAUTY :<br \/>\nSe comprueba el producto.<br \/>\nSi cumple las condiciones de devoluci\u00f3n, se procede al reembolso a trav\u00e9s del m\u00e9todo de pago original o a la creaci\u00f3n de una nota de cr\u00e9dito.<\/li>\n<\/ol>\n[\/vc_column_text][\/vc_tta_section][vc_tta_section i_icon_fontawesome=&#8221;fas fa-box-open&#8221; add_icon=&#8221;true&#8221; title=&#8221;ENV\u00cdO DE PEDIDOS&#8221; tab_id=&#8221;1644915745425-99f3613c-834e&#8221;][vc_column_text]Para todos los pedidos realizados en nuestro sitio web, la entrega est\u00e1ndar y Colissimo es de 5,40 euros o gratuita para los pedidos superiores a 60 euros en Francia metropolitana y de 9,95 euros para la entrega en la Uni\u00f3n Europea, 25 euros para el resto del mundo.[\/vc_column_text][\/vc_tta_section][vc_tta_section i_icon_fontawesome=&#8221;fas fa-map-marker-alt&#8221; add_icon=&#8221;true&#8221; title=&#8221;\u00bfC\u00d3MO PUEDO SABER EN QU\u00c9 FASE SE ENCUENTRA MI PEDIDO?&#8221; tab_id=&#8221;1644915942962-601a5ca6-f291&#8243;][vc_column_text]Para realizar el seguimiento de su pedido, acceda a su cuenta de cliente para encontrar su n\u00famero de seguimiento.<br \/>\nCuando se env\u00ede su pedido, tambi\u00e9n recibir\u00e1 un correo electr\u00f3nico con el n\u00famero de seguimiento.[\/vc_column_text][\/vc_tta_section][vc_tta_section i_icon_fontawesome=&#8221;fas fa-credit-card&#8221; add_icon=&#8221;true&#8221; title=&#8221;M\u00c9TODOS DE PAGO&#8221; tab_id=&#8221;1644924146034-2b332b6d-1dc2&#8243;][vc_column_text]PAGO EN L\u00cdNEA CON TARJETA DE CR\u00c9DITO<br \/>\nS\u00f3lo se aceptan las tarjetas emitidas por una instituci\u00f3n bancaria o financiera situada en la Uni\u00f3n Europea o en M\u00f3naco.<br \/>\nSus datos bancarios est\u00e1n encriptados (modo SSL) y nunca son conocidos ni almacenados por Christian BRETON. Los pagos realizados en el sitio web de Christian BRETON se transmiten de forma segura al socio de pago. En el sitio se aceptan Carte Bleue, Visa, Mastercard y American Express.<br \/>\nS\u00f3lo se le cargar\u00e1 el importe cuando se le env\u00ede el pedido.<\/p>\n<p>PAGO POR PAYPAL[\/vc_column_text][\/vc_tta_section][vc_tta_section i_icon_fontawesome=&#8221;fas fa-globe-europe&#8221; add_icon=&#8221;true&#8221; title=&#8221;\u00bfD\u00d3NDE SE FABRICAN NUESTROS PRODUCTOS?&#8221; tab_id=&#8221;1644924286044-eec23348-b020&#8243;][vc_column_text]Todos nuestros productos se fabrican en Francia.[\/vc_column_text][\/vc_tta_section][vc_tta_section i_icon_fontawesome=&#8221;fas fa-recycle&#8221; add_icon=&#8221;true&#8221; title=&#8221;\u00bfSON RECICLABLES NUESTRAS CAJAS Y BOTELLAS?&#8221; tab_id=&#8221;1652367158535-8d2642b4-c281&#8243;][vc_column_text]Todas nuestras cajas son de cart\u00f3n reciclable.<br \/>\nTambi\u00e9n preferimos las botellas de vidrio, que son reciclables de por vida.<br \/>\nNuestros tubos de pl\u00e1stico tambi\u00e9n son reciclables.[\/vc_column_text][\/vc_tta_section][vc_tta_section i_icon_fontawesome=&#8221;fas fa-hourglass-end&#8221; add_icon=&#8221;true&#8221; title=&#8221;\u00bfCU\u00c1NTO TIEMPO PUEDO CONSERVAR MIS PRODUCTOS CHRISTIAN BRETON DESPU\u00c9S DE ABRIRLOS?&#8221; tab_id=&#8221;1644924378268-e638f20f-5bb8&#8243;][vc_column_text]El periodo tras la apertura var\u00eda seg\u00fan los productos entre 6 y 12 meses. Se indica en cada botella y caja de sus productos.[\/vc_column_text][\/vc_tta_section][vc_tta_section i_icon_fontawesome=&#8221;fas fa-question&#8221; add_icon=&#8221;true&#8221; title=&#8221;\u00bfC\u00d3MO PUEDO SABER QU\u00c9 PRODUCTOS SON LOS MEJORES PARA MI PIEL?&#8221; tab_id=&#8221;1644924439564-f7db8cc3-3b48&#8243;][vc_column_text]Para asesorarle lo mejor posible y proponerle una rutina personalizada, le invitamos a realizar nuestro diagn\u00f3stico de la piel.[\/vc_column_text][\/vc_tta_section][\/vc_tta_accordion][\/vc_column][\/vc_row]\n","protected":false},"excerpt":{"rendered":"<p>[vc_row c_align=&#8221;left&#8221; autoplay=&#8221;none&#8221; collapsible_all=&#8221;&#8221; c_icon=&#8221;plus&#8221; c_position=&#8221;left&#8221; active_section=&#8221;1&#8243; animation=&#8221;&#8221; style=&#8221;style2&#8243;][vc_column][vc_tta_accordion active_section=&#8221;1&#8243; style=&#8221;style2&#8243;][vc_tta_section i_icon_fontawesome=&#8221;fas fa-sync-alt&#8221; add_icon=&#8221;true&#8221; title=&#8221;CAMBIO Y REEMBOLSO&#8221; tab_id=&#8221;1644915745422-436794ce-bd72&#8243;][vc_column_text]Si no est\u00e1 completamente satisfecho con su compra, puede cambiar o devolver f\u00e1cilmente su producto en un plazo de 2 semanas desde la recepci\u00f3n del pedido*. El producto debe estar en su estado&hellip;<\/p>\n","protected":false},"author":2,"featured_media":0,"parent":0,"menu_order":0,"comment_status":"closed","ping_status":"closed","template":"","meta":{"footnotes":""},"yoast_head":"<!-- This site is optimized with the Yoast SEO plugin v23.5 - https:\/\/yoast.com\/wordpress\/plugins\/seo\/ -->\n<title>FAQ &#8211; Kool Beauty<\/title>\n<meta name=\"robots\" content=\"index, follow, max-snippet:-1, max-image-preview:large, max-video-preview:-1\" \/>\n<link rel=\"canonical\" href=\"https:\/\/koolbeautyparis.fr\/es\/faq\/\" \/>\n<meta property=\"og:locale\" content=\"es_ES\" \/>\n<meta property=\"og:type\" content=\"article\" \/>\n<meta property=\"og:title\" content=\"FAQ &#8211; Kool Beauty\" \/>\n<meta property=\"og:description\" content=\"[vc_row c_align=&#8221;left&#8221; autoplay=&#8221;none&#8221; collapsible_all=&#8221;&#8221; c_icon=&#8221;plus&#8221; c_position=&#8221;left&#8221; active_section=&#8221;1&#8243; animation=&#8221;&#8221; style=&#8221;style2&#8243;][vc_column][vc_tta_accordion active_section=&#8221;1&#8243; style=&#8221;style2&#8243;][vc_tta_section i_icon_fontawesome=&#8221;fas fa-sync-alt&#8221; add_icon=&#8221;true&#8221; title=&#8221;CAMBIO Y REEMBOLSO&#8221; tab_id=&#8221;1644915745422-436794ce-bd72&#8243;][vc_column_text]Si no est\u00e1 completamente satisfecho con su compra, puede cambiar o devolver f\u00e1cilmente su producto en un plazo de 2 semanas desde la recepci\u00f3n del pedido*. El producto debe estar en su estado&hellip;\" \/>\n<meta property=\"og:url\" content=\"https:\/\/koolbeautyparis.fr\/es\/faq\/\" \/>\n<meta property=\"og:site_name\" content=\"Kool Beauty\" \/>\n<meta property=\"article:modified_time\" content=\"2022-05-12T15:09:48+00:00\" \/>\n<meta name=\"twitter:card\" content=\"summary_large_image\" \/>\n<meta name=\"twitter:label1\" content=\"Tiempo de lectura\" \/>\n\t<meta name=\"twitter:data1\" content=\"3 minutos\" \/>\n<script type=\"application\/ld+json\" class=\"yoast-schema-graph\">{\"@context\":\"https:\/\/schema.org\",\"@graph\":[{\"@type\":\"WebPage\",\"@id\":\"https:\/\/koolbeautyparis.fr\/es\/faq\/\",\"url\":\"https:\/\/koolbeautyparis.fr\/es\/faq\/\",\"name\":\"FAQ &#8211; Kool Beauty\",\"isPartOf\":{\"@id\":\"https:\/\/koolbeautyparis.fr\/es\/#website\"},\"datePublished\":\"2021-12-22T11:29:00+00:00\",\"dateModified\":\"2022-05-12T15:09:48+00:00\",\"breadcrumb\":{\"@id\":\"https:\/\/koolbeautyparis.fr\/es\/faq\/#breadcrumb\"},\"inLanguage\":\"es\",\"potentialAction\":[{\"@type\":\"ReadAction\",\"target\":[\"https:\/\/koolbeautyparis.fr\/es\/faq\/\"]}]},{\"@type\":\"BreadcrumbList\",\"@id\":\"https:\/\/koolbeautyparis.fr\/es\/faq\/#breadcrumb\",\"itemListElement\":[{\"@type\":\"ListItem\",\"position\":1,\"name\":\"Accueil\",\"item\":\"https:\/\/koolbeautyparis.fr\/es\/\"},{\"@type\":\"ListItem\",\"position\":2,\"name\":\"FAQ\"}]},{\"@type\":\"WebSite\",\"@id\":\"https:\/\/koolbeautyparis.fr\/es\/#website\",\"url\":\"https:\/\/koolbeautyparis.fr\/es\/\",\"name\":\"Kool Beauty\",\"description\":\"Produits beaut\u00e9\",\"publisher\":{\"@id\":\"https:\/\/koolbeautyparis.fr\/es\/#organization\"},\"potentialAction\":[{\"@type\":\"SearchAction\",\"target\":{\"@type\":\"EntryPoint\",\"urlTemplate\":\"https:\/\/koolbeautyparis.fr\/es\/?s={search_term_string}\"},\"query-input\":{\"@type\":\"PropertyValueSpecification\",\"valueRequired\":true,\"valueName\":\"search_term_string\"}}],\"inLanguage\":\"es\"},{\"@type\":\"Organization\",\"@id\":\"https:\/\/koolbeautyparis.fr\/es\/#organization\",\"name\":\"Kool Beauty\",\"url\":\"https:\/\/koolbeautyparis.fr\/es\/\",\"logo\":{\"@type\":\"ImageObject\",\"inLanguage\":\"es\",\"@id\":\"https:\/\/koolbeautyparis.fr\/es\/#\/schema\/logo\/image\/\",\"url\":\"https:\/\/i0.wp.com\/koolbeautyparis.fr\/wp-content\/uploads\/2022\/03\/kool-cover-default.png?fit=1200%2C630&ssl=1\",\"contentUrl\":\"https:\/\/i0.wp.com\/koolbeautyparis.fr\/wp-content\/uploads\/2022\/03\/kool-cover-default.png?fit=1200%2C630&ssl=1\",\"width\":1200,\"height\":630,\"caption\":\"Kool Beauty\"},\"image\":{\"@id\":\"https:\/\/koolbeautyparis.fr\/es\/#\/schema\/logo\/image\/\"}}]}<\/script>\n<!-- \/ Yoast SEO plugin. -->","yoast_head_json":{"title":"FAQ &#8211; Kool Beauty","robots":{"index":"index","follow":"follow","max-snippet":"max-snippet:-1","max-image-preview":"max-image-preview:large","max-video-preview":"max-video-preview:-1"},"canonical":"https:\/\/koolbeautyparis.fr\/es\/faq\/","og_locale":"es_ES","og_type":"article","og_title":"FAQ &#8211; Kool Beauty","og_description":"[vc_row c_align=&#8221;left&#8221; autoplay=&#8221;none&#8221; collapsible_all=&#8221;&#8221; c_icon=&#8221;plus&#8221; c_position=&#8221;left&#8221; active_section=&#8221;1&#8243; animation=&#8221;&#8221; style=&#8221;style2&#8243;][vc_column][vc_tta_accordion active_section=&#8221;1&#8243; style=&#8221;style2&#8243;][vc_tta_section i_icon_fontawesome=&#8221;fas fa-sync-alt&#8221; add_icon=&#8221;true&#8221; title=&#8221;CAMBIO Y REEMBOLSO&#8221; tab_id=&#8221;1644915745422-436794ce-bd72&#8243;][vc_column_text]Si no est\u00e1 completamente satisfecho con su compra, puede cambiar o devolver f\u00e1cilmente su producto en un plazo de 2 semanas desde la recepci\u00f3n del pedido*. El producto debe estar en su estado&hellip;","og_url":"https:\/\/koolbeautyparis.fr\/es\/faq\/","og_site_name":"Kool Beauty","article_modified_time":"2022-05-12T15:09:48+00:00","twitter_card":"summary_large_image","twitter_misc":{"Tiempo de lectura":"3 minutos"},"schema":{"@context":"https:\/\/schema.org","@graph":[{"@type":"WebPage","@id":"https:\/\/koolbeautyparis.fr\/es\/faq\/","url":"https:\/\/koolbeautyparis.fr\/es\/faq\/","name":"FAQ &#8211; Kool Beauty","isPartOf":{"@id":"https:\/\/koolbeautyparis.fr\/es\/#website"},"datePublished":"2021-12-22T11:29:00+00:00","dateModified":"2022-05-12T15:09:48+00:00","breadcrumb":{"@id":"https:\/\/koolbeautyparis.fr\/es\/faq\/#breadcrumb"},"inLanguage":"es","potentialAction":[{"@type":"ReadAction","target":["https:\/\/koolbeautyparis.fr\/es\/faq\/"]}]},{"@type":"BreadcrumbList","@id":"https:\/\/koolbeautyparis.fr\/es\/faq\/#breadcrumb","itemListElement":[{"@type":"ListItem","position":1,"name":"Accueil","item":"https:\/\/koolbeautyparis.fr\/es\/"},{"@type":"ListItem","position":2,"name":"FAQ"}]},{"@type":"WebSite","@id":"https:\/\/koolbeautyparis.fr\/es\/#website","url":"https:\/\/koolbeautyparis.fr\/es\/","name":"Kool Beauty","description":"Produits beaut\u00e9","publisher":{"@id":"https:\/\/koolbeautyparis.fr\/es\/#organization"},"potentialAction":[{"@type":"SearchAction","target":{"@type":"EntryPoint","urlTemplate":"https:\/\/koolbeautyparis.fr\/es\/?s={search_term_string}"},"query-input":{"@type":"PropertyValueSpecification","valueRequired":true,"valueName":"search_term_string"}}],"inLanguage":"es"},{"@type":"Organization","@id":"https:\/\/koolbeautyparis.fr\/es\/#organization","name":"Kool Beauty","url":"https:\/\/koolbeautyparis.fr\/es\/","logo":{"@type":"ImageObject","inLanguage":"es","@id":"https:\/\/koolbeautyparis.fr\/es\/#\/schema\/logo\/image\/","url":"https:\/\/i0.wp.com\/koolbeautyparis.fr\/wp-content\/uploads\/2022\/03\/kool-cover-default.png?fit=1200%2C630&ssl=1","contentUrl":"https:\/\/i0.wp.com\/koolbeautyparis.fr\/wp-content\/uploads\/2022\/03\/kool-cover-default.png?fit=1200%2C630&ssl=1","width":1200,"height":630,"caption":"Kool Beauty"},"image":{"@id":"https:\/\/koolbeautyparis.fr\/es\/#\/schema\/logo\/image\/"}}]}},"_links":{"self":[{"href":"https:\/\/koolbeautyparis.fr\/es\/wp-json\/wp\/v2\/pages\/35301"}],"collection":[{"href":"https:\/\/koolbeautyparis.fr\/es\/wp-json\/wp\/v2\/pages"}],"about":[{"href":"https:\/\/koolbeautyparis.fr\/es\/wp-json\/wp\/v2\/types\/page"}],"author":[{"embeddable":true,"href":"https:\/\/koolbeautyparis.fr\/es\/wp-json\/wp\/v2\/users\/2"}],"replies":[{"embeddable":true,"href":"https:\/\/koolbeautyparis.fr\/es\/wp-json\/wp\/v2\/comments?post=35301"}],"version-history":[{"count":4,"href":"https:\/\/koolbeautyparis.fr\/es\/wp-json\/wp\/v2\/pages\/35301\/revisions"}],"predecessor-version":[{"id":35305,"href":"https:\/\/koolbeautyparis.fr\/es\/wp-json\/wp\/v2\/pages\/35301\/revisions\/35305"}],"wp:attachment":[{"href":"https:\/\/koolbeautyparis.fr\/es\/wp-json\/wp\/v2\/media?parent=35301"}],"curies":[{"name":"wp","href":"https:\/\/api.w.org\/{rel}","templated":true}]}}