{"id":35254,"date":"2022-05-12T15:18:54","date_gmt":"2022-05-12T13:18:54","guid":{"rendered":"https:\/\/koolbeautyparis.fr\/diagnostico-empezar-a-trabajar\/"},"modified":"2022-06-23T12:35:59","modified_gmt":"2022-06-23T10:35:59","slug":"diagnostico-empezar-a-trabajar","status":"publish","type":"page","link":"https:\/\/koolbeautyparis.fr\/es\/diagnostico-empezar-a-trabajar\/","title":{"rendered":"Diagn\u00f3stico: empezar a trabajar"},"content":{"rendered":"[vc_section css=&#8221;.vc_custom_1645434336233{background: #9b9b9b url(https:\/\/koolbeautyparis.fr\/wp-content\/uploads\/2022\/02\/cb-diag-intro-header-1-scaled.jpg?id=31497) !important;}&#8221; el_class=&#8221;gzl-diag-1-intro&#8221; el_id=&#8221;gzl-diag-1-intro&#8221;][vc_row][vc_column width=&#8221;1\/2&#8243;][vc_column_text]\n<h1>Descubra qu\u00e9 productos son los m\u00e1s adecuados para usted.<\/h1>\n<p><strong>TODA LA EXPERIENCIA DE KOOL BEAUTY EN UN DIAGN\u00d3STICO A MEDIDA.<\/strong>[\/vc_column_text][vc_raw_html el_class=&#8221;cb-diag-1-btn&#8221;]JTNDYSUyMGRhdGEtdGYtcG9wdXAlM0QlMjJMSHlmN01ZcCUyMiUyMGRhdGEtdGYtaWZyYW1lLXByb3BzJTNEJTIydGl0bGUlM0RLQiUyMC0lMjBRQ00lMjAlMjhFUyUyOSUyMiUyMGRhdGEtdGYtbWVkaXVtJTNEJTIyc25pcHBldCUyMiUyMHN0eWxlJTNEJTIyY29sb3IlM0ElMjMwMDAwMDAlM0J0ZXh0LWRlY29yYXRpb24lM0F1bmRlcmxpbmUlM0Jmb250LXNpemUlM0EyMHB4JTNCY3Vyc29yJTNBcG9pbnRlciUzQiUyMiUzRUNvbWVuemFyJTIwbWklMjBkaWFnbiVDMyVCM3N0aWNvJTNDJTJGYSUzRSUzQ3NjcmlwdCUyMHNyYyUzRCUyMiUyRiUyRmVtYmVkLnR5cGVmb3JtLmNvbSUyRm5leHQlMkZlbWJlZC5qcyUyMiUzRSUzQyUyRnNjcmlwdCUzRQ==[\/vc_raw_html][\/vc_column][vc_column width=&#8221;1\/2&#8243;][\/vc_column][\/vc_row][\/vc_section]\n","protected":false},"excerpt":{"rendered":"<p>[vc_section css=&#8221;.vc_custom_1645434336233{background: #9b9b9b url(https:\/\/koolbeautyparis.fr\/wp-content\/uploads\/2022\/02\/cb-diag-intro-header-1-scaled.jpg?id=31497) !important;}&#8221; el_class=&#8221;gzl-diag-1-intro&#8221; el_id=&#8221;gzl-diag-1-intro&#8221;][vc_row][vc_column width=&#8221;1\/2&#8243;][vc_column_text] Descubra qu\u00e9 productos son los m\u00e1s adecuados para usted. TODA LA EXPERIENCIA DE KOOL BEAUTY EN UN DIAGN\u00d3STICO A MEDIDA.[\/vc_column_text][vc_raw_html el_class=&#8221;cb-diag-1-btn&#8221;]JTNDYSUyMGRhdGEtdGYtcG9wdXAlM0QlMjJMSHlmN01ZcCUyMiUyMGRhdGEtdGYtaWZyYW1lLXByb3BzJTNEJTIydGl0bGUlM0RLQiUyMC0lMjBRQ00lMjAlMjhFUyUyOSUyMiUyMGRhdGEtdGYtbWVkaXVtJTNEJTIyc25pcHBldCUyMiUyMHN0eWxlJTNEJTIyY29sb3IlM0ElMjMwMDAwMDAlM0J0ZXh0LWRlY29yYXRpb24lM0F1bmRlcmxpbmUlM0Jmb250LXNpemUlM0EyMHB4JTNCY3Vyc29yJTNBcG9pbnRlciUzQiUyMiUzRUNvbWVuemFyJTIwbWklMjBkaWFnbiVDMyVCM3N0aWNvJTNDJTJGYSUzRSUzQ3NjcmlwdCUyMHNyYyUzRCUyMiUyRiUyRmVtYmVkLnR5cGVmb3JtLmNvbSUyRm5leHQlMkZlbWJlZC5qcyUyMiUzRSUzQyUyRnNjcmlwdCUzRQ==[\/vc_raw_html][\/vc_column][vc_column width=&#8221;1\/2&#8243;][\/vc_column][\/vc_row][\/vc_section]<\/p>\n","protected":false},"author":2,"featured_media":0,"parent":0,"menu_order":0,"comment_status":"closed","ping_status":"closed","template":"","meta":{"footnotes":""},"yoast_head":"<!-- This site is optimized with the Yoast SEO plugin v23.5 - https:\/\/yoast.com\/wordpress\/plugins\/seo\/ -->\n<title>Diagn\u00f3stico: empezar a trabajar &#8211; Kool Beauty<\/title>\n<meta name=\"robots\" content=\"index, follow, max-snippet:-1, max-image-preview:large, max-video-preview:-1\" \/>\n<link rel=\"canonical\" href=\"https:\/\/koolbeautyparis.fr\/es\/diagnostico-empezar-a-trabajar\/\" \/>\n<meta property=\"og:locale\" content=\"es_ES\" \/>\n<meta property=\"og:type\" content=\"article\" \/>\n<meta property=\"og:title\" content=\"Diagn\u00f3stico: empezar a trabajar &#8211; Kool Beauty\" \/>\n<meta property=\"og:description\" content=\"[vc_section css=&#8221;.vc_custom_1645434336233{background: #9b9b9b url(https:\/\/koolbeautyparis.fr\/wp-content\/uploads\/2022\/02\/cb-diag-intro-header-1-scaled.jpg?id=31497) !important;}&#8221; el_class=&#8221;gzl-diag-1-intro&#8221; el_id=&#8221;gzl-diag-1-intro&#8221;][vc_row][vc_column width=&#8221;1\/2&#8243;][vc_column_text] Descubra qu\u00e9 productos son los m\u00e1s adecuados para usted. TODA LA EXPERIENCIA DE KOOL BEAUTY EN UN DIAGN\u00d3STICO A MEDIDA.[\/vc_column_text][vc_raw_html el_class=&#8221;cb-diag-1-btn&#8221;]JTNDYSUyMGRhdGEtdGYtcG9wdXAlM0QlMjJMSHlmN01ZcCUyMiUyMGRhdGEtdGYtaWZyYW1lLXByb3BzJTNEJTIydGl0bGUlM0RLQiUyMC0lMjBRQ00lMjAlMjhFUyUyOSUyMiUyMGRhdGEtdGYtbWVkaXVtJTNEJTIyc25pcHBldCUyMiUyMHN0eWxlJTNEJTIyY29sb3IlM0ElMjMwMDAwMDAlM0J0ZXh0LWRlY29yYXRpb24lM0F1bmRlcmxpbmUlM0Jmb250LXNpemUlM0EyMHB4JTNCY3Vyc29yJTNBcG9pbnRlciUzQiUyMiUzRUNvbWVuemFyJTIwbWklMjBkaWFnbiVDMyVCM3N0aWNvJTNDJTJGYSUzRSUzQ3NjcmlwdCUyMHNyYyUzRCUyMiUyRiUyRmVtYmVkLnR5cGVmb3JtLmNvbSUyRm5leHQlMkZlbWJlZC5qcyUyMiUzRSUzQyUyRnNjcmlwdCUzRQ==[\/vc_raw_html][\/vc_column][vc_column width=&#8221;1\/2&#8243;][\/vc_column][\/vc_row][\/vc_section]\" \/>\n<meta property=\"og:url\" content=\"https:\/\/koolbeautyparis.fr\/es\/diagnostico-empezar-a-trabajar\/\" \/>\n<meta property=\"og:site_name\" content=\"Kool Beauty\" \/>\n<meta property=\"article:modified_time\" content=\"2022-06-23T10:35:59+00:00\" \/>\n<meta name=\"twitter:card\" content=\"summary_large_image\" \/>\n<meta name=\"twitter:label1\" content=\"Tiempo de lectura\" \/>\n\t<meta name=\"twitter:data1\" content=\"1 minuto\" \/>\n<script type=\"application\/ld+json\" class=\"yoast-schema-graph\">{\"@context\":\"https:\/\/schema.org\",\"@graph\":[{\"@type\":\"WebPage\",\"@id\":\"https:\/\/koolbeautyparis.fr\/es\/diagnostico-empezar-a-trabajar\/\",\"url\":\"https:\/\/koolbeautyparis.fr\/es\/diagnostico-empezar-a-trabajar\/\",\"name\":\"Diagn\u00f3stico: empezar a trabajar &#8211; Kool Beauty\",\"isPartOf\":{\"@id\":\"https:\/\/koolbeautyparis.fr\/es\/#website\"},\"datePublished\":\"2022-05-12T13:18:54+00:00\",\"dateModified\":\"2022-06-23T10:35:59+00:00\",\"breadcrumb\":{\"@id\":\"https:\/\/koolbeautyparis.fr\/es\/diagnostico-empezar-a-trabajar\/#breadcrumb\"},\"inLanguage\":\"es\",\"potentialAction\":[{\"@type\":\"ReadAction\",\"target\":[\"https:\/\/koolbeautyparis.fr\/es\/diagnostico-empezar-a-trabajar\/\"]}]},{\"@type\":\"BreadcrumbList\",\"@id\":\"https:\/\/koolbeautyparis.fr\/es\/diagnostico-empezar-a-trabajar\/#breadcrumb\",\"itemListElement\":[{\"@type\":\"ListItem\",\"position\":1,\"name\":\"Accueil\",\"item\":\"https:\/\/koolbeautyparis.fr\/es\/\"},{\"@type\":\"ListItem\",\"position\":2,\"name\":\"Diagn\u00f3stico: empezar a trabajar\"}]},{\"@type\":\"WebSite\",\"@id\":\"https:\/\/koolbeautyparis.fr\/es\/#website\",\"url\":\"https:\/\/koolbeautyparis.fr\/es\/\",\"name\":\"Kool Beauty\",\"description\":\"Produits beaut\u00e9\",\"publisher\":{\"@id\":\"https:\/\/koolbeautyparis.fr\/es\/#organization\"},\"potentialAction\":[{\"@type\":\"SearchAction\",\"target\":{\"@type\":\"EntryPoint\",\"urlTemplate\":\"https:\/\/koolbeautyparis.fr\/es\/?s={search_term_string}\"},\"query-input\":{\"@type\":\"PropertyValueSpecification\",\"valueRequired\":true,\"valueName\":\"search_term_string\"}}],\"inLanguage\":\"es\"},{\"@type\":\"Organization\",\"@id\":\"https:\/\/koolbeautyparis.fr\/es\/#organization\",\"name\":\"Kool Beauty\",\"url\":\"https:\/\/koolbeautyparis.fr\/es\/\",\"logo\":{\"@type\":\"ImageObject\",\"inLanguage\":\"es\",\"@id\":\"https:\/\/koolbeautyparis.fr\/es\/#\/schema\/logo\/image\/\",\"url\":\"https:\/\/i0.wp.com\/koolbeautyparis.fr\/wp-content\/uploads\/2022\/03\/kool-cover-default.png?fit=1200%2C630&ssl=1\",\"contentUrl\":\"https:\/\/i0.wp.com\/koolbeautyparis.fr\/wp-content\/uploads\/2022\/03\/kool-cover-default.png?fit=1200%2C630&ssl=1\",\"width\":1200,\"height\":630,\"caption\":\"Kool Beauty\"},\"image\":{\"@id\":\"https:\/\/koolbeautyparis.fr\/es\/#\/schema\/logo\/image\/\"}}]}<\/script>\n<!-- \/ Yoast SEO plugin. -->","yoast_head_json":{"title":"Diagn\u00f3stico: empezar a trabajar &#8211; Kool Beauty","robots":{"index":"index","follow":"follow","max-snippet":"max-snippet:-1","max-image-preview":"max-image-preview:large","max-video-preview":"max-video-preview:-1"},"canonical":"https:\/\/koolbeautyparis.fr\/es\/diagnostico-empezar-a-trabajar\/","og_locale":"es_ES","og_type":"article","og_title":"Diagn\u00f3stico: empezar a trabajar &#8211; Kool Beauty","og_description":"[vc_section css=&#8221;.vc_custom_1645434336233{background: #9b9b9b url(https:\/\/koolbeautyparis.fr\/wp-content\/uploads\/2022\/02\/cb-diag-intro-header-1-scaled.jpg?id=31497) !important;}&#8221; el_class=&#8221;gzl-diag-1-intro&#8221; el_id=&#8221;gzl-diag-1-intro&#8221;][vc_row][vc_column width=&#8221;1\/2&#8243;][vc_column_text] Descubra qu\u00e9 productos son los m\u00e1s adecuados para usted. TODA LA EXPERIENCIA DE KOOL BEAUTY EN UN DIAGN\u00d3STICO A MEDIDA.[\/vc_column_text][vc_raw_html el_class=&#8221;cb-diag-1-btn&#8221;]JTNDYSUyMGRhdGEtdGYtcG9wdXAlM0QlMjJMSHlmN01ZcCUyMiUyMGRhdGEtdGYtaWZyYW1lLXByb3BzJTNEJTIydGl0bGUlM0RLQiUyMC0lMjBRQ00lMjAlMjhFUyUyOSUyMiUyMGRhdGEtdGYtbWVkaXVtJTNEJTIyc25pcHBldCUyMiUyMHN0eWxlJTNEJTIyY29sb3IlM0ElMjMwMDAwMDAlM0J0ZXh0LWRlY29yYXRpb24lM0F1bmRlcmxpbmUlM0Jmb250LXNpemUlM0EyMHB4JTNCY3Vyc29yJTNBcG9pbnRlciUzQiUyMiUzRUNvbWVuemFyJTIwbWklMjBkaWFnbiVDMyVCM3N0aWNvJTNDJTJGYSUzRSUzQ3NjcmlwdCUyMHNyYyUzRCUyMiUyRiUyRmVtYmVkLnR5cGVmb3JtLmNvbSUyRm5leHQlMkZlbWJlZC5qcyUyMiUzRSUzQyUyRnNjcmlwdCUzRQ==[\/vc_raw_html][\/vc_column][vc_column width=&#8221;1\/2&#8243;][\/vc_column][\/vc_row][\/vc_section]","og_url":"https:\/\/koolbeautyparis.fr\/es\/diagnostico-empezar-a-trabajar\/","og_site_name":"Kool Beauty","article_modified_time":"2022-06-23T10:35:59+00:00","twitter_card":"summary_large_image","twitter_misc":{"Tiempo de lectura":"1 minuto"},"schema":{"@context":"https:\/\/schema.org","@graph":[{"@type":"WebPage","@id":"https:\/\/koolbeautyparis.fr\/es\/diagnostico-empezar-a-trabajar\/","url":"https:\/\/koolbeautyparis.fr\/es\/diagnostico-empezar-a-trabajar\/","name":"Diagn\u00f3stico: empezar a trabajar &#8211; Kool Beauty","isPartOf":{"@id":"https:\/\/koolbeautyparis.fr\/es\/#website"},"datePublished":"2022-05-12T13:18:54+00:00","dateModified":"2022-06-23T10:35:59+00:00","breadcrumb":{"@id":"https:\/\/koolbeautyparis.fr\/es\/diagnostico-empezar-a-trabajar\/#breadcrumb"},"inLanguage":"es","potentialAction":[{"@type":"ReadAction","target":["https:\/\/koolbeautyparis.fr\/es\/diagnostico-empezar-a-trabajar\/"]}]},{"@type":"BreadcrumbList","@id":"https:\/\/koolbeautyparis.fr\/es\/diagnostico-empezar-a-trabajar\/#breadcrumb","itemListElement":[{"@type":"ListItem","position":1,"name":"Accueil","item":"https:\/\/koolbeautyparis.fr\/es\/"},{"@type":"ListItem","position":2,"name":"Diagn\u00f3stico: empezar a trabajar"}]},{"@type":"WebSite","@id":"https:\/\/koolbeautyparis.fr\/es\/#website","url":"https:\/\/koolbeautyparis.fr\/es\/","name":"Kool Beauty","description":"Produits beaut\u00e9","publisher":{"@id":"https:\/\/koolbeautyparis.fr\/es\/#organization"},"potentialAction":[{"@type":"SearchAction","target":{"@type":"EntryPoint","urlTemplate":"https:\/\/koolbeautyparis.fr\/es\/?s={search_term_string}"},"query-input":{"@type":"PropertyValueSpecification","valueRequired":true,"valueName":"search_term_string"}}],"inLanguage":"es"},{"@type":"Organization","@id":"https:\/\/koolbeautyparis.fr\/es\/#organization","name":"Kool Beauty","url":"https:\/\/koolbeautyparis.fr\/es\/","logo":{"@type":"ImageObject","inLanguage":"es","@id":"https:\/\/koolbeautyparis.fr\/es\/#\/schema\/logo\/image\/","url":"https:\/\/i0.wp.com\/koolbeautyparis.fr\/wp-content\/uploads\/2022\/03\/kool-cover-default.png?fit=1200%2C630&ssl=1","contentUrl":"https:\/\/i0.wp.com\/koolbeautyparis.fr\/wp-content\/uploads\/2022\/03\/kool-cover-default.png?fit=1200%2C630&ssl=1","width":1200,"height":630,"caption":"Kool Beauty"},"image":{"@id":"https:\/\/koolbeautyparis.fr\/es\/#\/schema\/logo\/image\/"}}]}},"_links":{"self":[{"href":"https:\/\/koolbeautyparis.fr\/es\/wp-json\/wp\/v2\/pages\/35254"}],"collection":[{"href":"https:\/\/koolbeautyparis.fr\/es\/wp-json\/wp\/v2\/pages"}],"about":[{"href":"https:\/\/koolbeautyparis.fr\/es\/wp-json\/wp\/v2\/types\/page"}],"author":[{"embeddable":true,"href":"https:\/\/koolbeautyparis.fr\/es\/wp-json\/wp\/v2\/users\/2"}],"replies":[{"embeddable":true,"href":"https:\/\/koolbeautyparis.fr\/es\/wp-json\/wp\/v2\/comments?post=35254"}],"version-history":[{"count":5,"href":"https:\/\/koolbeautyparis.fr\/es\/wp-json\/wp\/v2\/pages\/35254\/revisions"}],"predecessor-version":[{"id":36220,"href":"https:\/\/koolbeautyparis.fr\/es\/wp-json\/wp\/v2\/pages\/35254\/revisions\/36220"}],"wp:attachment":[{"href":"https:\/\/koolbeautyparis.fr\/es\/wp-json\/wp\/v2\/media?parent=35254"}],"curies":[{"name":"wp","href":"https:\/\/api.w.org\/{rel}","templated":true}]}}