{"id":35193,"date":"2022-05-12T09:07:18","date_gmt":"2022-05-12T07:07:18","guid":{"rendered":"https:\/\/koolbeautyparis.fr\/nuestros-compromisos\/"},"modified":"2024-04-02T11:42:22","modified_gmt":"2024-04-02T09:42:22","slug":"nuestros-compromisos","status":"publish","type":"page","link":"https:\/\/koolbeautyparis.fr\/es\/nuestros-compromisos\/","title":{"rendered":"NUESTROS COMPROMISOS"},"content":{"rendered":"[vc_row el_class=&#8221;spacing-xl&#8221;][vc_column][vc_column_text el_class=&#8221;gzl-header-solo-title color-black&#8221;]\n<h1><strong>NUESTROS COMPROMISOS<\/strong><\/h1>\n[\/vc_column_text][\/vc_column][\/vc_row][vc_row content_placement=&#8221;bottom&#8221; el_class=&#8221;gzl-cms-blocMenu&#8221;][vc_column]\t<div id=\"et-icon-holder-840\" class=\"et-icon-holder row center-true lg-block-grid-4 md-block-grid-4 block-grid-2 \">\n\t\t\r\n\t<div id=\"et-iconbox-624\" class=\"et-iconbox layout-centered icon-style-image-default bottom-spacing-none icon-color- text-color- animation bottom-to-top \"> \r\n\t\t<div class=\"et-icon-inner\">\r\n\t\t\t<figure class=\"et-feature-icon\">\r\n\t\t\t\t\t\t\t\t\t<img decoding=\"async\" src=\"\" alt=\"CONTROL DERMATOL\u00d3GICO\" \/>\r\n\t\t\t\t\t\t\t<\/figure>\r\n\t\t\t<div class=\"et-feature-content\"> \r\n\t\t\t\t\t\t\t\t\t\t\t\t\t<h4 class=\"title\">CONTROL DERMATOL\u00d3GICO<\/h4>\r\n\t\t\t\t\t\t\t\t<div class=\"wpb_text_column\"><\/div>\r\n\t\t\t\t\t\t\t\t\t<a href=\"#1\" title=\"\" class=\"et_btn link\"><span class=\"vc_btn_title\"><\/span><\/a>\r\n\t\t\t\t\t\t\t<\/div>\r\n\t\t<\/div>\r\n\t<\/div>\r\n\r\n\t\r\n\t<div id=\"et-iconbox-110\" class=\"et-iconbox layout-centered icon-style-image-default bottom-spacing-none icon-color- text-color- animation bottom-to-top \"> \r\n\t\t<div class=\"et-icon-inner\">\r\n\t\t\t<figure class=\"et-feature-icon\">\r\n\t\t\t\t\t\t\t\t\t<img decoding=\"async\" src=\"\" alt=\"LIMPIO\" \/>\r\n\t\t\t\t\t\t\t<\/figure>\r\n\t\t\t<div class=\"et-feature-content\"> \r\n\t\t\t\t\t\t\t\t\t\t\t\t\t<h4 class=\"title\">LIMPIO<\/h4>\r\n\t\t\t\t\t\t\t\t<div class=\"wpb_text_column\"><\/div>\r\n\t\t\t\t\t\t\t\t\t<a href=\"#2\" title=\"\" class=\"et_btn link\"><span class=\"vc_btn_title\"><\/span><\/a>\r\n\t\t\t\t\t\t\t<\/div>\r\n\t\t<\/div>\r\n\t<\/div>\r\n\r\n\t\r\n\t<div id=\"et-iconbox-430\" class=\"et-iconbox layout-centered icon-style-image-default bottom-spacing-none icon-color- text-color- animation bottom-to-top \"> \r\n\t\t<div class=\"et-icon-inner\">\r\n\t\t\t<figure class=\"et-feature-icon\">\r\n\t\t\t\t\t\t\t\t\t<img decoding=\"async\" src=\"\" alt=\"ECO-RESPONSABLE\" \/>\r\n\t\t\t\t\t\t\t<\/figure>\r\n\t\t\t<div class=\"et-feature-content\"> \r\n\t\t\t\t\t\t\t\t\t\t\t\t\t<h4 class=\"title\">ECO-RESPONSABLE<\/h4>\r\n\t\t\t\t\t\t\t\t<div class=\"wpb_text_column\"><\/div>\r\n\t\t\t\t\t\t\t\t\t<a href=\"#3\" title=\"\" class=\"et_btn link\"><span class=\"vc_btn_title\"><\/span><\/a>\r\n\t\t\t\t\t\t\t<\/div>\r\n\t\t<\/div>\r\n\t<\/div>\r\n\r\n\t\r\n\t<div id=\"et-iconbox-629\" class=\"et-iconbox layout-centered icon-style-image-default bottom-spacing-none icon-color- text-color- animation bottom-to-top \"> \r\n\t\t<div class=\"et-icon-inner\">\r\n\t\t\t<figure class=\"et-feature-icon\">\r\n\t\t\t\t\t\t\t\t\t<img decoding=\"async\" src=\"\" alt=\"HECHO EN FRANCIA\" \/>\r\n\t\t\t\t\t\t\t<\/figure>\r\n\t\t\t<div class=\"et-feature-content\"> \r\n\t\t\t\t\t\t\t\t\t\t\t\t\t<h4 class=\"title\">HECHO EN FRANCIA<\/h4>\r\n\t\t\t\t\t\t\t\t<div class=\"wpb_text_column\"><\/div>\r\n\t\t\t\t\t\t\t\t\t<a href=\"#4\" title=\"\" class=\"et_btn link\"><span class=\"vc_btn_title\"><\/span><\/a>\r\n\t\t\t\t\t\t\t<\/div>\r\n\t\t<\/div>\r\n\t<\/div>\r\n\r\n\t\t<\/div>\n\t[\/vc_column][\/vc_row][vc_row et_full_width=&#8221;true&#8221; css=&#8221;.vc_custom_1654503543190{background-color: #000000 !important;background-position: center !important;background-repeat: no-repeat !important;background-size: cover !important;}&#8221; el_class=&#8221;gzl-brandBanner spacing-xl brand-1&#8243; el_id=&#8221;1&#8243;][vc_column][vc_row_inner et_column_align=&#8221;align-center&#8221; content_placement=&#8221;middle&#8221;][vc_column_inner width=&#8221;1\/6&#8243; css=&#8221;.vc_custom_1654524377761{padding-top: 5px !important;padding-bottom: 5px !important;}&#8221;][vc_single_image image=&#8221;35801&#8243; img_size=&#8221;full&#8221; css=&#8221;.vc_custom_1654525186158{margin-bottom: 0px !important;}&#8221;][\/vc_column_inner][vc_column_inner width=&#8221;5\/6&#8243;][vc_column_text el_class=&#8221;gzl-cms-title-large color-white&#8221; css=&#8221;.vc_custom_1654525197920{margin-bottom: 0px !important;}&#8221;]\n<h2>CONTROL DERMATOL\u00d3GICO<\/h2>\n[\/vc_column_text][\/vc_column_inner][\/vc_row_inner][\/vc_column][\/vc_row][vc_row][vc_column][vc_column_text]Todas nuestras f\u00f3rmulas se desarrollan tras varios a\u00f1os de investigaci\u00f3n en el laboratorio y se revisan peri\u00f3dicamente para mantenerse a la vanguardia de la innovaci\u00f3n.<\/p>\n<p>La salud de su piel es nuestra prioridad, por lo que todos nuestros productos se prueban bajo control dermatol\u00f3gico y oftalmol\u00f3gico. Esta investigaci\u00f3n continua nos permite ofrecerle productos cada vez m\u00e1s seguros, limpios y eficaces.<\/p>\n<p>Porque su opini\u00f3n es importante para nosotros, nuestros productos se prueban en un panel de mujeres bajo supervisi\u00f3n cient\u00edfica. As\u00ed podr\u00e1 confirmar sus impresiones y expresar sus necesidades y expectativas. Una verdadera relaci\u00f3n de confianza entre usted y nosotros.[\/vc_column_text][\/vc_column][\/vc_row][vc_row et_column_align=&#8221;align-center&#8221; equal_height=&#8221;yes&#8221; content_placement=&#8221;middle&#8221; el_class=&#8221;gzl-wideImg-1 hide-mob&#8221;][vc_column width=&#8221;2\/3&#8243;][vc_single_image image=&#8221;35823&#8243; img_size=&#8221;1000&#215;290&#8243; alignment=&#8221;center&#8221;][\/vc_column][vc_column width=&#8221;1\/3&#8243;][vc_single_image image=&#8221;35676&#8243; img_size=&#8221;290&#215;290&#8243; alignment=&#8221;center&#8221;][\/vc_column][\/vc_row][vc_row et_full_width=&#8221;true&#8221; css=&#8221;.vc_custom_1654503557158{background-color: #000000 !important;background-position: center !important;background-repeat: no-repeat !important;background-size: cover !important;}&#8221; el_class=&#8221;gzl-brandBanner spacing-xl brand-2&#8243; el_id=&#8221;2&#8243;][vc_column][vc_row_inner et_column_align=&#8221;align-center&#8221; content_placement=&#8221;middle&#8221;][vc_column_inner width=&#8221;1\/6&#8243;][vc_single_image image=&#8221;35811&#8243; img_size=&#8221;full&#8221; css=&#8221;.vc_custom_1654526346664{margin-bottom: 0px !important;padding-top: 5px !important;padding-bottom: 5px !important;}&#8221;][\/vc_column_inner][vc_column_inner width=&#8221;5\/6&#8243;][vc_column_text el_class=&#8221;gzl-cms-title-large color-white&#8221; css=&#8221;.vc_custom_1712050899217{margin-bottom: 0px !important;}&#8221;]\n<h2>LIMPIO<\/h2>\n[\/vc_column_text][\/vc_column_inner][\/vc_row_inner][\/vc_column][\/vc_row][vc_row][vc_column][vc_column_text]En el contexto actual, creemos que es esencial y necesario crear productos que se acerquen lo m\u00e1s posible a un origen 100% natural. Sin embargo, no queremos sacrificar la eficacia y la sensorialidad. Por ello, nos comprometemos a elegir los ingredientes m\u00e1s seguros y eficaces y a racionalizar al m\u00e1ximo nuestras f\u00f3rmulas para centrarnos en lo esencial.[\/vc_column_text][\/vc_column][\/vc_row][vc_row et_column_align=&#8221;align-center&#8221; equal_height=&#8221;yes&#8221; content_placement=&#8221;middle&#8221; el_class=&#8221;gzl-wideImg-1 hide-mob&#8221;][vc_column width=&#8221;1\/4&#8243;][vc_single_image image=&#8221;35680&#8243; img_size=&#8221;290&#215;290&#8243; alignment=&#8221;center&#8221;][\/vc_column][vc_column width=&#8221;3\/4&#8243;][vc_single_image image=&#8221;35827&#8243; img_size=&#8221;1000&#215;290&#8243; alignment=&#8221;center&#8221;][\/vc_column][\/vc_row][vc_row et_full_width=&#8221;true&#8221; css=&#8221;.vc_custom_1654503583591{background-color: #000000 !important;background-position: center !important;background-repeat: no-repeat !important;background-size: cover !important;}&#8221; el_class=&#8221;gzl-brandBanner spacing-xl brand-3&#8243; el_id=&#8221;3&#8243;][vc_column][vc_row_inner et_column_align=&#8221;align-center&#8221; content_placement=&#8221;middle&#8221;][vc_column_inner width=&#8221;1\/6&#8243;][vc_single_image image=&#8221;35815&#8243; img_size=&#8221;full&#8221; css=&#8221;.vc_custom_1654526373957{margin-bottom: 0px !important;padding-top: 5px !important;padding-bottom: 5px !important;}&#8221;][\/vc_column_inner][vc_column_inner width=&#8221;5\/6&#8243;][vc_column_text el_class=&#8221;gzl-cms-title-large color-white&#8221; css=&#8221;.vc_custom_1651582069224{margin-bottom: 0px !important;}&#8221;]\n<h2>ECO-RESPONSABLE<\/h2>\n[\/vc_column_text][\/vc_column_inner][\/vc_row_inner][\/vc_column][\/vc_row][vc_row][vc_column][vc_column_text]Eliminamos todo el pl\u00e1stico posible de nuestros envases y utilizamos principalmente recipientes de vidrio.<br \/>\nTambi\u00e9n colaboramos con la asociaci\u00f3n Fonds Bleus, que trabaja localmente para proteger el mar Mediterr\u00e1neo. Buscan residuos y limpian el fondo marino todas las semanas.[\/vc_column_text][\/vc_column][\/vc_row][vc_row et_column_align=&#8221;align-center&#8221; equal_height=&#8221;yes&#8221; content_placement=&#8221;middle&#8221; el_class=&#8221;gzl-wideImg-1 hide-mob&#8221;][vc_column width=&#8221;2\/3&#8243;][vc_single_image image=&#8221;35688&#8243; img_size=&#8221;1000&#215;290&#8243; alignment=&#8221;center&#8221;][\/vc_column][vc_column width=&#8221;1\/3&#8243;][vc_single_image image=&#8221;35692&#8243; img_size=&#8221;290&#215;290&#8243; alignment=&#8221;center&#8221;][\/vc_column][\/vc_row][vc_row et_full_width=&#8221;true&#8221; css=&#8221;.vc_custom_1654503598154{background-color: #000000 !important;background-position: center !important;background-repeat: no-repeat !important;background-size: cover !important;}&#8221; el_class=&#8221;gzl-brandBanner spacing-xl brand-4&#8243; el_id=&#8221;4&#8243;][vc_column][vc_row_inner et_column_align=&#8221;align-center&#8221; content_placement=&#8221;middle&#8221;][vc_column_inner width=&#8221;1\/6&#8243;][vc_single_image image=&#8221;35819&#8243; img_size=&#8221;full&#8221; css=&#8221;.vc_custom_1654527609753{margin-bottom: 0px !important;padding-top: 5px !important;padding-bottom: 5px !important;}&#8221;][\/vc_column_inner][vc_column_inner width=&#8221;5\/6&#8243;][vc_column_text el_class=&#8221;gzl-cms-title-large color-white&#8221; css=&#8221;.vc_custom_1651582291150{margin-bottom: 0px !important;}&#8221;]\n<h2>HECHO EN FRANCIA<\/h2>\n[\/vc_column_text][\/vc_column_inner][\/vc_row_inner][\/vc_column][\/vc_row][vc_row][vc_column][vc_column_text]Como marca francesa, nos pareci\u00f3 obvio destacar a Francia en nuestros productos. Por ello, todas nuestras f\u00f3rmulas son 100% francesas. Nuestros laboratorios trabajan mano a mano con ingenieros de Investigaci\u00f3n y Desarrollo, cient\u00edficos y qu\u00edmicos para crear f\u00f3rmulas hiper-efectivas.[\/vc_column_text][\/vc_column][\/vc_row][vc_row][vc_column][vc_empty_space height=&#8221;24px&#8221;][\/vc_column][\/vc_row]\n","protected":false},"excerpt":{"rendered":"<p>[vc_row el_class=&#8221;spacing-xl&#8221;][vc_column][vc_column_text el_class=&#8221;gzl-header-solo-title color-black&#8221;] NUESTROS COMPROMISOS [\/vc_column_text][\/vc_column][\/vc_row][vc_row content_placement=&#8221;bottom&#8221; el_class=&#8221;gzl-cms-blocMenu&#8221;][vc_column][\/vc_column][\/vc_row][vc_row et_full_width=&#8221;true&#8221; css=&#8221;.vc_custom_1654503543190{background-color: #000000 !important;background-position: center !important;background-repeat: no-repeat !important;background-size: cover !important;}&#8221; el_class=&#8221;gzl-brandBanner spacing-xl brand-1&#8243; el_id=&#8221;1&#8243;][vc_column][vc_row_inner et_column_align=&#8221;align-center&#8221; content_placement=&#8221;middle&#8221;][vc_column_inner width=&#8221;1\/6&#8243; css=&#8221;.vc_custom_1654524377761{padding-top: 5px !important;padding-bottom: 5px !important;}&#8221;][vc_single_image image=&#8221;35801&#8243; img_size=&#8221;full&#8221; css=&#8221;.vc_custom_1654525186158{margin-bottom: 0px !important;}&#8221;][\/vc_column_inner][vc_column_inner width=&#8221;5\/6&#8243;][vc_column_text el_class=&#8221;gzl-cms-title-large color-white&#8221; css=&#8221;.vc_custom_1654525197920{margin-bottom: 0px !important;}&#8221;] CONTROL DERMATOL\u00d3GICO [\/vc_column_text][\/vc_column_inner][\/vc_row_inner][\/vc_column][\/vc_row][vc_row][vc_column][vc_column_text]Todas nuestras f\u00f3rmulas se desarrollan tras&hellip;<\/p>\n","protected":false},"author":2,"featured_media":0,"parent":0,"menu_order":0,"comment_status":"closed","ping_status":"closed","template":"template-cms-menu.php","meta":{"footnotes":""},"yoast_head":"<!-- This site is optimized with the Yoast SEO plugin v23.5 - https:\/\/yoast.com\/wordpress\/plugins\/seo\/ -->\n<title>NUESTROS COMPROMISOS &#8211; Kool Beauty<\/title>\n<meta name=\"description\" content=\"Nos esforzamos por ser 100% naturales, sin sacrificar la eficacia. Nos comprometemos a elegir los ingredientes m\u00e1s seguros\" \/>\n<meta name=\"robots\" content=\"index, follow, max-snippet:-1, max-image-preview:large, max-video-preview:-1\" \/>\n<link rel=\"canonical\" href=\"https:\/\/koolbeautyparis.fr\/es\/nuestros-compromisos\/\" \/>\n<meta property=\"og:locale\" content=\"es_ES\" \/>\n<meta property=\"og:type\" content=\"article\" \/>\n<meta property=\"og:title\" content=\"NUESTROS COMPROMISOS &#8211; Kool Beauty\" \/>\n<meta property=\"og:description\" content=\"Nos esforzamos por ser 100% naturales, sin sacrificar la eficacia. Nos comprometemos a elegir los ingredientes m\u00e1s seguros\" \/>\n<meta property=\"og:url\" content=\"https:\/\/koolbeautyparis.fr\/es\/nuestros-compromisos\/\" \/>\n<meta property=\"og:site_name\" content=\"Kool Beauty\" \/>\n<meta property=\"article:modified_time\" content=\"2024-04-02T09:42:22+00:00\" \/>\n<meta name=\"twitter:card\" content=\"summary_large_image\" \/>\n<meta name=\"twitter:label1\" content=\"Tiempo de lectura\" \/>\n\t<meta name=\"twitter:data1\" content=\"5 minutos\" \/>\n<script type=\"application\/ld+json\" class=\"yoast-schema-graph\">{\"@context\":\"https:\/\/schema.org\",\"@graph\":[{\"@type\":\"WebPage\",\"@id\":\"https:\/\/koolbeautyparis.fr\/es\/nuestros-compromisos\/\",\"url\":\"https:\/\/koolbeautyparis.fr\/es\/nuestros-compromisos\/\",\"name\":\"NUESTROS COMPROMISOS &#8211; Kool Beauty\",\"isPartOf\":{\"@id\":\"https:\/\/koolbeautyparis.fr\/es\/#website\"},\"datePublished\":\"2022-05-12T07:07:18+00:00\",\"dateModified\":\"2024-04-02T09:42:22+00:00\",\"description\":\"Nos esforzamos por ser 100% naturales, sin sacrificar la eficacia. Nos comprometemos a elegir los ingredientes m\u00e1s seguros\",\"breadcrumb\":{\"@id\":\"https:\/\/koolbeautyparis.fr\/es\/nuestros-compromisos\/#breadcrumb\"},\"inLanguage\":\"es\",\"potentialAction\":[{\"@type\":\"ReadAction\",\"target\":[\"https:\/\/koolbeautyparis.fr\/es\/nuestros-compromisos\/\"]}]},{\"@type\":\"BreadcrumbList\",\"@id\":\"https:\/\/koolbeautyparis.fr\/es\/nuestros-compromisos\/#breadcrumb\",\"itemListElement\":[{\"@type\":\"ListItem\",\"position\":1,\"name\":\"Accueil\",\"item\":\"https:\/\/koolbeautyparis.fr\/es\/\"},{\"@type\":\"ListItem\",\"position\":2,\"name\":\"NUESTROS COMPROMISOS\"}]},{\"@type\":\"WebSite\",\"@id\":\"https:\/\/koolbeautyparis.fr\/es\/#website\",\"url\":\"https:\/\/koolbeautyparis.fr\/es\/\",\"name\":\"Kool Beauty\",\"description\":\"Produits beaut\u00e9\",\"publisher\":{\"@id\":\"https:\/\/koolbeautyparis.fr\/es\/#organization\"},\"potentialAction\":[{\"@type\":\"SearchAction\",\"target\":{\"@type\":\"EntryPoint\",\"urlTemplate\":\"https:\/\/koolbeautyparis.fr\/es\/?s={search_term_string}\"},\"query-input\":{\"@type\":\"PropertyValueSpecification\",\"valueRequired\":true,\"valueName\":\"search_term_string\"}}],\"inLanguage\":\"es\"},{\"@type\":\"Organization\",\"@id\":\"https:\/\/koolbeautyparis.fr\/es\/#organization\",\"name\":\"Kool Beauty\",\"url\":\"https:\/\/koolbeautyparis.fr\/es\/\",\"logo\":{\"@type\":\"ImageObject\",\"inLanguage\":\"es\",\"@id\":\"https:\/\/koolbeautyparis.fr\/es\/#\/schema\/logo\/image\/\",\"url\":\"https:\/\/i0.wp.com\/koolbeautyparis.fr\/wp-content\/uploads\/2022\/03\/kool-cover-default.png?fit=1200%2C630&ssl=1\",\"contentUrl\":\"https:\/\/i0.wp.com\/koolbeautyparis.fr\/wp-content\/uploads\/2022\/03\/kool-cover-default.png?fit=1200%2C630&ssl=1\",\"width\":1200,\"height\":630,\"caption\":\"Kool Beauty\"},\"image\":{\"@id\":\"https:\/\/koolbeautyparis.fr\/es\/#\/schema\/logo\/image\/\"}}]}<\/script>\n<!-- \/ Yoast SEO plugin. -->","yoast_head_json":{"title":"NUESTROS COMPROMISOS &#8211; Kool Beauty","description":"Nos esforzamos por ser 100% naturales, sin sacrificar la eficacia. Nos comprometemos a elegir los ingredientes m\u00e1s seguros","robots":{"index":"index","follow":"follow","max-snippet":"max-snippet:-1","max-image-preview":"max-image-preview:large","max-video-preview":"max-video-preview:-1"},"canonical":"https:\/\/koolbeautyparis.fr\/es\/nuestros-compromisos\/","og_locale":"es_ES","og_type":"article","og_title":"NUESTROS COMPROMISOS &#8211; Kool Beauty","og_description":"Nos esforzamos por ser 100% naturales, sin sacrificar la eficacia. Nos comprometemos a elegir los ingredientes m\u00e1s seguros","og_url":"https:\/\/koolbeautyparis.fr\/es\/nuestros-compromisos\/","og_site_name":"Kool Beauty","article_modified_time":"2024-04-02T09:42:22+00:00","twitter_card":"summary_large_image","twitter_misc":{"Tiempo de lectura":"5 minutos"},"schema":{"@context":"https:\/\/schema.org","@graph":[{"@type":"WebPage","@id":"https:\/\/koolbeautyparis.fr\/es\/nuestros-compromisos\/","url":"https:\/\/koolbeautyparis.fr\/es\/nuestros-compromisos\/","name":"NUESTROS COMPROMISOS &#8211; Kool Beauty","isPartOf":{"@id":"https:\/\/koolbeautyparis.fr\/es\/#website"},"datePublished":"2022-05-12T07:07:18+00:00","dateModified":"2024-04-02T09:42:22+00:00","description":"Nos esforzamos por ser 100% naturales, sin sacrificar la eficacia. Nos comprometemos a elegir los ingredientes m\u00e1s seguros","breadcrumb":{"@id":"https:\/\/koolbeautyparis.fr\/es\/nuestros-compromisos\/#breadcrumb"},"inLanguage":"es","potentialAction":[{"@type":"ReadAction","target":["https:\/\/koolbeautyparis.fr\/es\/nuestros-compromisos\/"]}]},{"@type":"BreadcrumbList","@id":"https:\/\/koolbeautyparis.fr\/es\/nuestros-compromisos\/#breadcrumb","itemListElement":[{"@type":"ListItem","position":1,"name":"Accueil","item":"https:\/\/koolbeautyparis.fr\/es\/"},{"@type":"ListItem","position":2,"name":"NUESTROS COMPROMISOS"}]},{"@type":"WebSite","@id":"https:\/\/koolbeautyparis.fr\/es\/#website","url":"https:\/\/koolbeautyparis.fr\/es\/","name":"Kool Beauty","description":"Produits beaut\u00e9","publisher":{"@id":"https:\/\/koolbeautyparis.fr\/es\/#organization"},"potentialAction":[{"@type":"SearchAction","target":{"@type":"EntryPoint","urlTemplate":"https:\/\/koolbeautyparis.fr\/es\/?s={search_term_string}"},"query-input":{"@type":"PropertyValueSpecification","valueRequired":true,"valueName":"search_term_string"}}],"inLanguage":"es"},{"@type":"Organization","@id":"https:\/\/koolbeautyparis.fr\/es\/#organization","name":"Kool Beauty","url":"https:\/\/koolbeautyparis.fr\/es\/","logo":{"@type":"ImageObject","inLanguage":"es","@id":"https:\/\/koolbeautyparis.fr\/es\/#\/schema\/logo\/image\/","url":"https:\/\/i0.wp.com\/koolbeautyparis.fr\/wp-content\/uploads\/2022\/03\/kool-cover-default.png?fit=1200%2C630&ssl=1","contentUrl":"https:\/\/i0.wp.com\/koolbeautyparis.fr\/wp-content\/uploads\/2022\/03\/kool-cover-default.png?fit=1200%2C630&ssl=1","width":1200,"height":630,"caption":"Kool Beauty"},"image":{"@id":"https:\/\/koolbeautyparis.fr\/es\/#\/schema\/logo\/image\/"}}]}},"_links":{"self":[{"href":"https:\/\/koolbeautyparis.fr\/es\/wp-json\/wp\/v2\/pages\/35193"}],"collection":[{"href":"https:\/\/koolbeautyparis.fr\/es\/wp-json\/wp\/v2\/pages"}],"about":[{"href":"https:\/\/koolbeautyparis.fr\/es\/wp-json\/wp\/v2\/types\/page"}],"author":[{"embeddable":true,"href":"https:\/\/koolbeautyparis.fr\/es\/wp-json\/wp\/v2\/users\/2"}],"replies":[{"embeddable":true,"href":"https:\/\/koolbeautyparis.fr\/es\/wp-json\/wp\/v2\/comments?post=35193"}],"version-history":[{"count":16,"href":"https:\/\/koolbeautyparis.fr\/es\/wp-json\/wp\/v2\/pages\/35193\/revisions"}],"predecessor-version":[{"id":38580,"href":"https:\/\/koolbeautyparis.fr\/es\/wp-json\/wp\/v2\/pages\/35193\/revisions\/38580"}],"wp:attachment":[{"href":"https:\/\/koolbeautyparis.fr\/es\/wp-json\/wp\/v2\/media?parent=35193"}],"curies":[{"name":"wp","href":"https:\/\/api.w.org\/{rel}","templated":true}]}}