{"id":35189,"date":"2022-05-11T18:24:03","date_gmt":"2022-05-11T16:24:03","guid":{"rendered":"https:\/\/koolbeautyparis.fr\/la-marca\/"},"modified":"2024-04-02T11:51:45","modified_gmt":"2024-04-02T09:51:45","slug":"la-marca","status":"publish","type":"page","link":"https:\/\/koolbeautyparis.fr\/es\/la-marca\/","title":{"rendered":"La marca"},"content":{"rendered":"[vc_row et_full_width=&#8221;true&#8221; css=&#8221;.vc_custom_1654672264681{background-color: #000000 !important;}&#8221; el_class=&#8221;gzl-header-solo&#8221;][vc_column][vc_row_inner][vc_column_inner][vc_column_text el_class=&#8221;gzl-header-solo-title&#8221; css=&#8221;.vc_custom_1651225562062{padding-top: 0px !important;padding-right: 0px !important;padding-bottom: 0px !important;padding-left: 0px !important;}&#8221;]\u00a1Ya basta con lo superfluo! S\u00f3lo tres productos muy espec\u00edficos para tratar todos sus problemas de piel.[\/vc_column_text][\/vc_column_inner][\/vc_row_inner][\/vc_column][\/vc_row][vc_row et_column_align=&#8221;align-center&#8221; content_placement=&#8221;middle&#8221; el_class=&#8221;spacing-xl&#8221;][vc_column width=&#8221;2\/3&#8243;][vc_column_text el_class=&#8221;gzl-cms-title-xlarge&#8221;]\n<h2>LA MARCA<\/h2>\n[\/vc_column_text][vc_column_text]<strong>\u00a1Ya basta con lo superfluo! S\u00f3lo tres productos muy espec\u00edficos para tratar todos sus problemas de piel. <\/strong><\/p>\n<p>El mercado de la cosm\u00e9tica est\u00e1 sobrecargado con la cantidad de marcas y productos diferentes, que todos prometen milagros. Como resultado, nuestros armarios est\u00e1n llenos de productos y usted no sabe qu\u00e9 utilizar. Nuestro enfoque es muy diferente: \u00a1volver a lo b\u00e1sico es nuestra consigna! Le ofrecemos 2 productos faciales y 1 cuidado ojos \u00fanicamente (2 zonas que no deben tratarse de la misma manera).<\/p>\n<p>En el contexto actual, en el que el aspecto ecol\u00f3gico es crucial, \u00a1reducir el n\u00famero de productos nos parece imperativo!<\/p>\n<p>Por eso, al crear Kool Beauty, hemos decidido volver a los fundamentos de una rutina de rostro sana y limpia.<\/p>\n<ul>\n<li>1 suero hiper concentrado<\/li>\n<li>1 crema esencial<\/li>\n<li>1 cuidado ocular espec\u00edfico<\/li>\n<\/ul>\n<p><strong>Only the Necessary!<\/strong><\/p>\n<p>En estos tres cuidados encontrar\u00e1 todo lo que necesita, sean cuales sean sus necesidades espec\u00edficas.<\/p>\n<p>Nuestros laboratorios han desarrollado varias f\u00f3rmulas para combatir las imperfecciones, las rojeces, los signos de la edad y los cutis apagados que necesitan resplandor. Sin olvidar los cuidados contorno de ojos antiojeras, antibolsas y antiarrugas. Con nuestra mixolog\u00eda personalizada, necesitar\u00e1 un m\u00e1ximo de tres productos para resolver todos los problemas de su piel.<\/p>\n<p><strong>\u00bfNecesita ayuda para elegir sus productos y volver a lo b\u00e1sico? Realice <a href=\"https:\/\/koolbeautyparis.fr\/es\/diagnostico-empezar-a-trabajar\/\">nuestro diagn\u00f3stico<\/a> y descubra la mixolog\u00eda que corresponde a sus necesidades. <\/strong><\/p>\n<p>&nbsp;<\/p>\n<p>100% MADE IN FRANCE | TOTALMENTE RECICLABLES<\/p>\n[\/vc_column_text][\/vc_column][vc_column width=&#8221;1\/3&#8243;]\t<div id=\"et-image-985\" class=\"et-image aligncenter    et_image_link\">\n\t\t<div class=\"et-image-inner \">\n\t\t\t\t\t\t\t<div class=\"et-image-thumb \">\n\t\t\t\t\t<img decoding=\"async\" width=\"2800\" height=\"2952\" src=\"https:\/\/koolbeautyparis.fr\/wp-content\/uploads\/2022\/04\/2045-\u2013-2-scaled.png\" class=\"attachment-full size-full\" alt=\"\" \/>\t\t\t\t<\/div>\n\t\t\t\t\t\t\t\t\t\t\t<\/div>\n\t<\/div>\n  [\/vc_column][\/vc_row][vc_row et_column_align=&#8221;align-center&#8221; content_placement=&#8221;top&#8221;][vc_column width=&#8221;1\/2&#8243;][vc_column_text el_class=&#8221;gzl-cms-title-xlarge&#8221;]\n<h2>DR KOOL<\/h2>\n[\/vc_column_text][vc_column_text css=&#8221;.vc_custom_1655978470558{margin-bottom: 0px !important;}&#8221;]\u201c\u00a1Hola! Soy el Dr. Kool, el representante oficial de todos los cient\u00edficos que han colaborado en la creaci\u00f3n de esta marca. Estoy aqu\u00ed para guiarle en su b\u00fasqueda de la combinaci\u00f3n perfecta entre la crema, el suero y el producto de ojos. Le acompa\u00f1ar\u00e9 a lo largo de su viaje en nuestro sitio, para ayudarle y darle consejos y sugerencias.<\/p>\n<p>\u00a1Haga su <a href=\"https:\/\/koolbeautyparis.fr\/es\/diagnostico-empezar-a-trabajar\/\">diagn\u00f3stico personal ahora<\/a>! Le espera una receta de belleza personalizada y \u00fanica para sus necesidades.\u201d Dr. Kool[\/vc_column_text][\/vc_column][vc_column width=&#8221;1\/2&#8243;][vc_single_image image=&#8221;38587&#8243; img_size=&#8221;full&#8221; alignment=&#8221;center&#8221; css=&#8221;.vc_custom_1712051500263{margin-bottom: 0px !important;}&#8221;][\/vc_column][\/vc_row]\n","protected":false},"excerpt":{"rendered":"<p>[vc_row et_full_width=&#8221;true&#8221; css=&#8221;.vc_custom_1654672264681{background-color: #000000 !important;}&#8221; el_class=&#8221;gzl-header-solo&#8221;][vc_column][vc_row_inner][vc_column_inner][vc_column_text el_class=&#8221;gzl-header-solo-title&#8221; css=&#8221;.vc_custom_1651225562062{padding-top: 0px !important;padding-right: 0px !important;padding-bottom: 0px !important;padding-left: 0px !important;}&#8221;]\u00a1Ya basta con lo superfluo! S\u00f3lo tres productos muy espec\u00edficos para tratar todos sus problemas de piel.[\/vc_column_text][\/vc_column_inner][\/vc_row_inner][\/vc_column][\/vc_row][vc_row et_column_align=&#8221;align-center&#8221; content_placement=&#8221;middle&#8221; el_class=&#8221;spacing-xl&#8221;][vc_column width=&#8221;2\/3&#8243;][vc_column_text el_class=&#8221;gzl-cms-title-xlarge&#8221;] LA MARCA [\/vc_column_text][vc_column_text]\u00a1Ya basta con lo superfluo! S\u00f3lo tres productos muy espec\u00edficos para&hellip;<\/p>\n","protected":false},"author":2,"featured_media":0,"parent":0,"menu_order":0,"comment_status":"closed","ping_status":"closed","template":"template-cms-menu.php","meta":{"footnotes":""},"yoast_head":"<!-- This site is optimized with the Yoast SEO plugin v23.5 - https:\/\/yoast.com\/wordpress\/plugins\/seo\/ -->\n<title>La marca &#8211; Kool Beauty<\/title>\n<meta name=\"description\" content=\"Nuestro objetivo: permitir a las mujeres abordar sus problemas con tres productos. Hemos decidido volver a lo b\u00e1sico\" \/>\n<meta name=\"robots\" content=\"index, follow, max-snippet:-1, max-image-preview:large, max-video-preview:-1\" \/>\n<link rel=\"canonical\" href=\"https:\/\/koolbeautyparis.fr\/es\/la-marca\/\" \/>\n<meta property=\"og:locale\" content=\"es_ES\" \/>\n<meta property=\"og:type\" content=\"article\" \/>\n<meta property=\"og:title\" content=\"La marca &#8211; Kool Beauty\" \/>\n<meta property=\"og:description\" content=\"Nuestro objetivo: permitir a las mujeres abordar sus problemas con tres productos. Hemos decidido volver a lo b\u00e1sico\" \/>\n<meta property=\"og:url\" content=\"https:\/\/koolbeautyparis.fr\/es\/la-marca\/\" \/>\n<meta property=\"og:site_name\" content=\"Kool Beauty\" \/>\n<meta property=\"article:modified_time\" content=\"2024-04-02T09:51:45+00:00\" \/>\n<meta name=\"twitter:card\" content=\"summary_large_image\" \/>\n<meta name=\"twitter:label1\" content=\"Tiempo de lectura\" \/>\n\t<meta name=\"twitter:data1\" content=\"3 minutos\" \/>\n<script type=\"application\/ld+json\" class=\"yoast-schema-graph\">{\"@context\":\"https:\/\/schema.org\",\"@graph\":[{\"@type\":\"WebPage\",\"@id\":\"https:\/\/koolbeautyparis.fr\/es\/la-marca\/\",\"url\":\"https:\/\/koolbeautyparis.fr\/es\/la-marca\/\",\"name\":\"La marca &#8211; Kool Beauty\",\"isPartOf\":{\"@id\":\"https:\/\/koolbeautyparis.fr\/es\/#website\"},\"datePublished\":\"2022-05-11T16:24:03+00:00\",\"dateModified\":\"2024-04-02T09:51:45+00:00\",\"description\":\"Nuestro objetivo: permitir a las mujeres abordar sus problemas con tres productos. Hemos decidido volver a lo b\u00e1sico\",\"breadcrumb\":{\"@id\":\"https:\/\/koolbeautyparis.fr\/es\/la-marca\/#breadcrumb\"},\"inLanguage\":\"es\",\"potentialAction\":[{\"@type\":\"ReadAction\",\"target\":[\"https:\/\/koolbeautyparis.fr\/es\/la-marca\/\"]}]},{\"@type\":\"BreadcrumbList\",\"@id\":\"https:\/\/koolbeautyparis.fr\/es\/la-marca\/#breadcrumb\",\"itemListElement\":[{\"@type\":\"ListItem\",\"position\":1,\"name\":\"Accueil\",\"item\":\"https:\/\/koolbeautyparis.fr\/es\/\"},{\"@type\":\"ListItem\",\"position\":2,\"name\":\"La marca\"}]},{\"@type\":\"WebSite\",\"@id\":\"https:\/\/koolbeautyparis.fr\/es\/#website\",\"url\":\"https:\/\/koolbeautyparis.fr\/es\/\",\"name\":\"Kool Beauty\",\"description\":\"Produits beaut\u00e9\",\"publisher\":{\"@id\":\"https:\/\/koolbeautyparis.fr\/es\/#organization\"},\"potentialAction\":[{\"@type\":\"SearchAction\",\"target\":{\"@type\":\"EntryPoint\",\"urlTemplate\":\"https:\/\/koolbeautyparis.fr\/es\/?s={search_term_string}\"},\"query-input\":{\"@type\":\"PropertyValueSpecification\",\"valueRequired\":true,\"valueName\":\"search_term_string\"}}],\"inLanguage\":\"es\"},{\"@type\":\"Organization\",\"@id\":\"https:\/\/koolbeautyparis.fr\/es\/#organization\",\"name\":\"Kool Beauty\",\"url\":\"https:\/\/koolbeautyparis.fr\/es\/\",\"logo\":{\"@type\":\"ImageObject\",\"inLanguage\":\"es\",\"@id\":\"https:\/\/koolbeautyparis.fr\/es\/#\/schema\/logo\/image\/\",\"url\":\"https:\/\/i0.wp.com\/koolbeautyparis.fr\/wp-content\/uploads\/2022\/03\/kool-cover-default.png?fit=1200%2C630&ssl=1\",\"contentUrl\":\"https:\/\/i0.wp.com\/koolbeautyparis.fr\/wp-content\/uploads\/2022\/03\/kool-cover-default.png?fit=1200%2C630&ssl=1\",\"width\":1200,\"height\":630,\"caption\":\"Kool Beauty\"},\"image\":{\"@id\":\"https:\/\/koolbeautyparis.fr\/es\/#\/schema\/logo\/image\/\"}}]}<\/script>\n<!-- \/ Yoast SEO plugin. -->","yoast_head_json":{"title":"La marca &#8211; Kool Beauty","description":"Nuestro objetivo: permitir a las mujeres abordar sus problemas con tres productos. Hemos decidido volver a lo b\u00e1sico","robots":{"index":"index","follow":"follow","max-snippet":"max-snippet:-1","max-image-preview":"max-image-preview:large","max-video-preview":"max-video-preview:-1"},"canonical":"https:\/\/koolbeautyparis.fr\/es\/la-marca\/","og_locale":"es_ES","og_type":"article","og_title":"La marca &#8211; Kool Beauty","og_description":"Nuestro objetivo: permitir a las mujeres abordar sus problemas con tres productos. Hemos decidido volver a lo b\u00e1sico","og_url":"https:\/\/koolbeautyparis.fr\/es\/la-marca\/","og_site_name":"Kool Beauty","article_modified_time":"2024-04-02T09:51:45+00:00","twitter_card":"summary_large_image","twitter_misc":{"Tiempo de lectura":"3 minutos"},"schema":{"@context":"https:\/\/schema.org","@graph":[{"@type":"WebPage","@id":"https:\/\/koolbeautyparis.fr\/es\/la-marca\/","url":"https:\/\/koolbeautyparis.fr\/es\/la-marca\/","name":"La marca &#8211; Kool Beauty","isPartOf":{"@id":"https:\/\/koolbeautyparis.fr\/es\/#website"},"datePublished":"2022-05-11T16:24:03+00:00","dateModified":"2024-04-02T09:51:45+00:00","description":"Nuestro objetivo: permitir a las mujeres abordar sus problemas con tres productos. Hemos decidido volver a lo b\u00e1sico","breadcrumb":{"@id":"https:\/\/koolbeautyparis.fr\/es\/la-marca\/#breadcrumb"},"inLanguage":"es","potentialAction":[{"@type":"ReadAction","target":["https:\/\/koolbeautyparis.fr\/es\/la-marca\/"]}]},{"@type":"BreadcrumbList","@id":"https:\/\/koolbeautyparis.fr\/es\/la-marca\/#breadcrumb","itemListElement":[{"@type":"ListItem","position":1,"name":"Accueil","item":"https:\/\/koolbeautyparis.fr\/es\/"},{"@type":"ListItem","position":2,"name":"La marca"}]},{"@type":"WebSite","@id":"https:\/\/koolbeautyparis.fr\/es\/#website","url":"https:\/\/koolbeautyparis.fr\/es\/","name":"Kool Beauty","description":"Produits beaut\u00e9","publisher":{"@id":"https:\/\/koolbeautyparis.fr\/es\/#organization"},"potentialAction":[{"@type":"SearchAction","target":{"@type":"EntryPoint","urlTemplate":"https:\/\/koolbeautyparis.fr\/es\/?s={search_term_string}"},"query-input":{"@type":"PropertyValueSpecification","valueRequired":true,"valueName":"search_term_string"}}],"inLanguage":"es"},{"@type":"Organization","@id":"https:\/\/koolbeautyparis.fr\/es\/#organization","name":"Kool Beauty","url":"https:\/\/koolbeautyparis.fr\/es\/","logo":{"@type":"ImageObject","inLanguage":"es","@id":"https:\/\/koolbeautyparis.fr\/es\/#\/schema\/logo\/image\/","url":"https:\/\/i0.wp.com\/koolbeautyparis.fr\/wp-content\/uploads\/2022\/03\/kool-cover-default.png?fit=1200%2C630&ssl=1","contentUrl":"https:\/\/i0.wp.com\/koolbeautyparis.fr\/wp-content\/uploads\/2022\/03\/kool-cover-default.png?fit=1200%2C630&ssl=1","width":1200,"height":630,"caption":"Kool Beauty"},"image":{"@id":"https:\/\/koolbeautyparis.fr\/es\/#\/schema\/logo\/image\/"}}]}},"_links":{"self":[{"href":"https:\/\/koolbeautyparis.fr\/es\/wp-json\/wp\/v2\/pages\/35189"}],"collection":[{"href":"https:\/\/koolbeautyparis.fr\/es\/wp-json\/wp\/v2\/pages"}],"about":[{"href":"https:\/\/koolbeautyparis.fr\/es\/wp-json\/wp\/v2\/types\/page"}],"author":[{"embeddable":true,"href":"https:\/\/koolbeautyparis.fr\/es\/wp-json\/wp\/v2\/users\/2"}],"replies":[{"embeddable":true,"href":"https:\/\/koolbeautyparis.fr\/es\/wp-json\/wp\/v2\/comments?post=35189"}],"version-history":[{"count":13,"href":"https:\/\/koolbeautyparis.fr\/es\/wp-json\/wp\/v2\/pages\/35189\/revisions"}],"predecessor-version":[{"id":38590,"href":"https:\/\/koolbeautyparis.fr\/es\/wp-json\/wp\/v2\/pages\/35189\/revisions\/38590"}],"wp:attachment":[{"href":"https:\/\/koolbeautyparis.fr\/es\/wp-json\/wp\/v2\/media?parent=35189"}],"curies":[{"name":"wp","href":"https:\/\/api.w.org\/{rel}","templated":true}]}}