{"id":39163,"date":"2025-01-10T09:42:51","date_gmt":"2025-01-10T08:42:51","guid":{"rendered":"https:\/\/koolbeautyparis.fr\/?post_type=product&#038;p=39163"},"modified":"2026-04-30T12:27:34","modified_gmt":"2026-04-30T10:27:34","slug":"perfect-foam-cleanser","status":"publish","type":"product","link":"https:\/\/koolbeautyparis.fr\/de\/produit\/perfect-foam-cleanser\/","title":{"rendered":"PERFECT FOAM CLEANSER"},"content":{"rendered":"[vc_row][vc_column][vc_column_text]\n<h3 style=\"text-align: left;\"><label class=\"fancy-tag\">Reinigungs-Schaum<\/label><\/h3>\n<h2>Eine sanfte Reinigung f\u00fcr Ihr Gesicht<\/h2>\n<p>In der Philosophie von Kool Beauty ist jede Pflege darauf ausgelegt, die Haut zu respektieren und zu versch\u00f6nern, unabh\u00e4ngig von ihrem Typ. Dieser Reinigungs-Schaum verk\u00f6rpert dieses Engagement perfekt, indem er eine effektive und gleichzeitig sanfte Reinigung bietet, die f\u00fcr alle Hauttypen geeignet ist.<\/p>\n<p>Dank seiner leichten und luftigen Textur h\u00fcllt er die Haut in eine Wolke des Wohlbefindens und l\u00f6st in einem einzigen Schritt alle Make-up-Reste, Unreinheiten und Ablagerungen, die sich im Laufe des Tages angesammelt haben.<\/p>\n[\/vc_column_text][vc_tta_accordion c_icon=&#8221;chevron&#8221; c_position=&#8221;right&#8221; active_section=&#8221;&#8221; collapsible_all=&#8221;true&#8221; el_class=&#8221;gzl-product-accordeon&#8221;][vc_tta_section title=&#8221;WEN SPRICHT DAS AN?&#8221; tab_id=&#8221;target&#8221;][vc_column_text]Junge oder reife Haut, Mischhaut oder trockene Haut, jede Haut verdient einen guten Reiniger. Dieser Reinigungs-Schaum wurde entwickelt, um f\u00fcr alle Hauttypen geeignet zu sein![\/vc_column_text][\/vc_tta_section][vc_tta_section title=&#8221;EXPERTISE Dr KOOL&#8221; tab_id=&#8221;expertise&#8221;][vc_column_text]\u201eDie Gesichtsreinigung ist ein unverzichtbarer Schritt in jeder Sch\u00f6nheitsroutine. Es ist wichtig, die Haut von Unreinheiten zu befreien, um die Wirksamkeit der danach aufgetragenen Pflege zu maximieren. Je nach Hauttyp \u2013 ob trocken, gemischt, fettig oder dehydriert \u2013 kann ein Reinigungs-Schaum morgens und abends verwendet werden, um eine sanfte und hautschonende Reinigung zu gew\u00e4hrleisten. Durch die Wahl eines passenden Produkts erhalten Sie das nat\u00fcrliche Gleichgewicht Ihrer Haut und bereiten sie darauf vor, die Vorteile der folgenden Behandlungen zu empfangen.\u201c Dr. Kool[\/vc_column_text][\/vc_tta_section][\/vc_tta_accordion][\/vc_column][\/vc_row][vc_row el_class=&#8221;spacing-lg application&#8221;][vc_column][vc_row_inner][vc_column_inner][vc_column_text animation=&#8221;animation bottom-to-top&#8221; css=&#8221;.vc_custom_1743495058842{margin-bottom: 0px !important;}&#8221;]\n<h2 style=\"text-align: center;\">MORGENS UND ABENDS<\/h2>\n[\/vc_column_text][\/vc_column_inner][\/vc_row_inner]\t<div id=\"et-content-carousel-536\" class=\"row et-content-carousel slick slick-slider regular-padding  \" data-center=\"true\" data-columns=\"3\" data-autoplay=\"\" data-fade=\"false\" data-autoplay-speed=\"\" data-pause=\"\" data-navigation=\"\" data-pagination=\"true\" data-infinite=\"\">\n\t\t\r\n\t<div id=\"et-iconbox-935\" class=\"et-iconbox layout-centered icon-style-image-default bottom-spacing-none icon-color- text-color- animation bottom-to-top \"> \r\n\t\t<div class=\"et-icon-inner\">\r\n\t\t\t<figure class=\"et-feature-icon\">\r\n\t\t\t\t\t\t\t\t\t<img decoding=\"async\" src=\"https:\/\/koolbeautyparis.fr\/wp-content\/uploads\/2025\/01\/2053-\u2013-2-1-scaled.png\" alt=\"\" \/>\r\n\t\t\t\t\t\t\t<\/figure>\r\n\t\t\t<div class=\"et-feature-content\"> \r\n\t\t\t\t\t\t\t\t\t\t\t\t<div class=\"wpb_text_column\"><h4 style=\"text-align: center;\">Schritt 1<\/h4>\n<p style=\"text-align: center;\">1-2 Pumph\u00fcbe auftragen und in kreisenden Bewegungen einmassieren. Gr\u00fcndlich absp\u00fclen.<\/p>\n<\/div>\r\n\t\t\t\t\t\t\t<\/div>\r\n\t\t<\/div>\r\n\t<\/div>\r\n\r\n\t\r\n\t<div id=\"et-iconbox-453\" class=\"et-iconbox layout-centered icon-style-image-default bottom-spacing-none icon-color- text-color- animation bottom-to-top \"> \r\n\t\t<div class=\"et-icon-inner\">\r\n\t\t\t<figure class=\"et-feature-icon\">\r\n\t\t\t\t\t\t\t\t\t<img decoding=\"async\" src=\"https:\/\/koolbeautyparis.fr\/wp-content\/uploads\/2022\/04\/2050-\u2013-4-scaled.png\" alt=\"\" \/>\r\n\t\t\t\t\t\t\t<\/figure>\r\n\t\t\t<div class=\"et-feature-content\"> \r\n\t\t\t\t\t\t\t\t\t\t\t\t<div class=\"wpb_text_column\"><h4 style=\"text-align: center;\">\u00c9tape 2<\/h4>\n<p style=\"text-align: center;\">Appliquez le s\u00e9rum et la cr\u00e8me adapt\u00e9s \u00e0 votre peau.<\/p>\n<\/div>\r\n\t\t\t\t\t\t\t<\/div>\r\n\t\t<\/div>\r\n\t<\/div>\r\n\r\n\t\r\n\t<div id=\"et-iconbox-499\" class=\"et-iconbox layout-centered icon-style-image-default bottom-spacing-none icon-color- text-color- animation bottom-to-top \"> \r\n\t\t<div class=\"et-icon-inner\">\r\n\t\t\t<figure class=\"et-feature-icon\">\r\n\t\t\t\t\t\t\t\t\t<img decoding=\"async\" src=\"https:\/\/koolbeautyparis.fr\/wp-content\/uploads\/2022\/04\/2045-\u2013-5-scaled.png\" alt=\"\" \/>\r\n\t\t\t\t\t\t\t<\/figure>\r\n\t\t\t<div class=\"et-feature-content\"> \r\n\t\t\t\t\t\t\t\t\t\t\t\t<div class=\"wpb_text_column\"><h4 style=\"text-align: center;\">Etape 3<\/h4>\n<p style=\"text-align: center;\">S\u00e9chez votre peau, et finalisez votre routine par appliquer votre soin contour des yeux.<\/p>\n<\/div>\r\n\t\t\t\t\t\t\t<\/div>\r\n\t\t<\/div>\r\n\t<\/div>\r\n\r\n\t\t<\/div>\n\t\t\n\t[\/vc_column][\/vc_row]\n","protected":false},"excerpt":{"rendered":"<p>In der Philosophie von Kool Beauty ist dieser Reinigungs-Schaum f\u00fcr alle Hauttypen geeignet. Er entfernt alle Make-up-Reste und Unreinheiten in nur einem Schritt. Mit seiner luftigen Textur wird dieser Schritt in Ihrer Routine zu Ihrem Lieblingsteil.!<\/p>\n<p>HERGESTELLT IN FRANKREICH.<\/p>\n<p>Ref. [wcj_product_sku] \u00b7 150ml \u00b7 5 Oz. Net Wt.<\/p>\n","protected":false},"featured_media":39169,"comment_status":"open","ping_status":"closed","template":"","meta":[],"product_cat":[1554],"product_tag":[],"yoast_head":"<!-- This site is optimized with the Yoast SEO plugin v23.5 - https:\/\/yoast.com\/wordpress\/plugins\/seo\/ -->\n<title>Reinigungs-Schaum PERFECT FOAM CLEANSER | Kool Beauty<\/title>\n<meta name=\"description\" content=\"Die Reinigung ist ein entscheidender Schritt in Ihrer Sch\u00f6nheitsroutine! Kool Beauty bietet Ihnen den Perfect Foam Cleanser, der entwickelt wurde, um Ihre Haut sanft zu reinigen.\" \/>\n<meta name=\"robots\" content=\"index, follow, max-snippet:-1, max-image-preview:large, max-video-preview:-1\" \/>\n<link rel=\"canonical\" href=\"https:\/\/koolbeautyparis.fr\/de\/produit\/perfect-foam-cleanser\/\" \/>\n<meta property=\"og:locale\" content=\"de_DE\" \/>\n<meta property=\"og:type\" content=\"article\" \/>\n<meta property=\"og:title\" content=\"Reinigungs-Schaum PERFECT FOAM CLEANSER | Kool Beauty\" \/>\n<meta property=\"og:description\" content=\"Die Reinigung ist ein entscheidender Schritt in Ihrer Sch\u00f6nheitsroutine! Kool Beauty bietet Ihnen den Perfect Foam Cleanser, der entwickelt wurde, um Ihre Haut sanft zu reinigen.\" \/>\n<meta property=\"og:url\" content=\"https:\/\/koolbeautyparis.fr\/de\/produit\/perfect-foam-cleanser\/\" \/>\n<meta property=\"og:site_name\" content=\"Kool Beauty\" \/>\n<meta property=\"article:modified_time\" content=\"2026-04-30T10:27:34+00:00\" \/>\n<meta property=\"og:image\" content=\"https:\/\/koolbeautyparis.fr\/wp-content\/uploads\/2025\/01\/2053.jpg\" \/>\n\t<meta property=\"og:image:width\" content=\"1000\" \/>\n\t<meta property=\"og:image:height\" content=\"1000\" \/>\n\t<meta property=\"og:image:type\" content=\"image\/jpeg\" \/>\n<meta name=\"twitter:card\" content=\"summary_large_image\" \/>\n<meta name=\"twitter:label1\" content=\"Gesch\u00e4tzte Lesezeit\" \/>\n\t<meta name=\"twitter:data1\" content=\"2\u00a0Minuten\" \/>\n<script type=\"application\/ld+json\" class=\"yoast-schema-graph\">{\"@context\":\"https:\/\/schema.org\",\"@graph\":[{\"@type\":\"WebPage\",\"@id\":\"https:\/\/koolbeautyparis.fr\/de\/produit\/perfect-foam-cleanser\/\",\"url\":\"https:\/\/koolbeautyparis.fr\/de\/produit\/perfect-foam-cleanser\/\",\"name\":\"Reinigungs-Schaum PERFECT FOAM CLEANSER | Kool Beauty\",\"isPartOf\":{\"@id\":\"https:\/\/koolbeautyparis.fr\/de\/#website\"},\"primaryImageOfPage\":{\"@id\":\"https:\/\/koolbeautyparis.fr\/de\/produit\/perfect-foam-cleanser\/#primaryimage\"},\"image\":{\"@id\":\"https:\/\/koolbeautyparis.fr\/de\/produit\/perfect-foam-cleanser\/#primaryimage\"},\"thumbnailUrl\":\"https:\/\/koolbeautyparis.fr\/wp-content\/uploads\/2025\/01\/2053.jpg\",\"datePublished\":\"2025-01-10T08:42:51+00:00\",\"dateModified\":\"2026-04-30T10:27:34+00:00\",\"description\":\"Die Reinigung ist ein entscheidender Schritt in Ihrer Sch\u00f6nheitsroutine! Kool Beauty bietet Ihnen den Perfect Foam Cleanser, der entwickelt wurde, um Ihre Haut sanft zu reinigen.\",\"breadcrumb\":{\"@id\":\"https:\/\/koolbeautyparis.fr\/de\/produit\/perfect-foam-cleanser\/#breadcrumb\"},\"inLanguage\":\"de\",\"potentialAction\":[{\"@type\":\"ReadAction\",\"target\":[\"https:\/\/koolbeautyparis.fr\/de\/produit\/perfect-foam-cleanser\/\"]}]},{\"@type\":\"ImageObject\",\"inLanguage\":\"de\",\"@id\":\"https:\/\/koolbeautyparis.fr\/de\/produit\/perfect-foam-cleanser\/#primaryimage\",\"url\":\"https:\/\/koolbeautyparis.fr\/wp-content\/uploads\/2025\/01\/2053.jpg\",\"contentUrl\":\"https:\/\/koolbeautyparis.fr\/wp-content\/uploads\/2025\/01\/2053.jpg\",\"width\":1000,\"height\":1000},{\"@type\":\"BreadcrumbList\",\"@id\":\"https:\/\/koolbeautyparis.fr\/de\/produit\/perfect-foam-cleanser\/#breadcrumb\",\"itemListElement\":[{\"@type\":\"ListItem\",\"position\":1,\"name\":\"Accueil\",\"item\":\"https:\/\/koolbeautyparis.fr\/de\/\"},{\"@type\":\"ListItem\",\"position\":2,\"name\":\"Shop\",\"item\":\"https:\/\/koolbeautyparis.fr\/shop\/\"},{\"@type\":\"ListItem\",\"position\":3,\"name\":\"PERFECT FOAM CLEANSER\"}]},{\"@type\":\"WebSite\",\"@id\":\"https:\/\/koolbeautyparis.fr\/de\/#website\",\"url\":\"https:\/\/koolbeautyparis.fr\/de\/\",\"name\":\"Kool Beauty\",\"description\":\"Produits beaut\u00e9\",\"publisher\":{\"@id\":\"https:\/\/koolbeautyparis.fr\/de\/#organization\"},\"potentialAction\":[{\"@type\":\"SearchAction\",\"target\":{\"@type\":\"EntryPoint\",\"urlTemplate\":\"https:\/\/koolbeautyparis.fr\/de\/?s={search_term_string}\"},\"query-input\":{\"@type\":\"PropertyValueSpecification\",\"valueRequired\":true,\"valueName\":\"search_term_string\"}}],\"inLanguage\":\"de\"},{\"@type\":\"Organization\",\"@id\":\"https:\/\/koolbeautyparis.fr\/de\/#organization\",\"name\":\"Kool Beauty\",\"url\":\"https:\/\/koolbeautyparis.fr\/de\/\",\"logo\":{\"@type\":\"ImageObject\",\"inLanguage\":\"de\",\"@id\":\"https:\/\/koolbeautyparis.fr\/de\/#\/schema\/logo\/image\/\",\"url\":\"https:\/\/i0.wp.com\/koolbeautyparis.fr\/wp-content\/uploads\/2022\/03\/kool-cover-default.png?fit=1200%2C630&ssl=1\",\"contentUrl\":\"https:\/\/i0.wp.com\/koolbeautyparis.fr\/wp-content\/uploads\/2022\/03\/kool-cover-default.png?fit=1200%2C630&ssl=1\",\"width\":1200,\"height\":630,\"caption\":\"Kool Beauty\"},\"image\":{\"@id\":\"https:\/\/koolbeautyparis.fr\/de\/#\/schema\/logo\/image\/\"}}]}<\/script>\n<!-- \/ Yoast SEO plugin. -->","yoast_head_json":{"title":"Reinigungs-Schaum PERFECT FOAM CLEANSER | Kool Beauty","description":"Die Reinigung ist ein entscheidender Schritt in Ihrer Sch\u00f6nheitsroutine! Kool Beauty bietet Ihnen den Perfect Foam Cleanser, der entwickelt wurde, um Ihre Haut sanft zu reinigen.","robots":{"index":"index","follow":"follow","max-snippet":"max-snippet:-1","max-image-preview":"max-image-preview:large","max-video-preview":"max-video-preview:-1"},"canonical":"https:\/\/koolbeautyparis.fr\/de\/produit\/perfect-foam-cleanser\/","og_locale":"de_DE","og_type":"article","og_title":"Reinigungs-Schaum PERFECT FOAM CLEANSER | Kool Beauty","og_description":"Die Reinigung ist ein entscheidender Schritt in Ihrer Sch\u00f6nheitsroutine! Kool Beauty bietet Ihnen den Perfect Foam Cleanser, der entwickelt wurde, um Ihre Haut sanft zu reinigen.","og_url":"https:\/\/koolbeautyparis.fr\/de\/produit\/perfect-foam-cleanser\/","og_site_name":"Kool Beauty","article_modified_time":"2026-04-30T10:27:34+00:00","og_image":[{"width":1000,"height":1000,"url":"https:\/\/koolbeautyparis.fr\/wp-content\/uploads\/2025\/01\/2053.jpg","type":"image\/jpeg"}],"twitter_card":"summary_large_image","twitter_misc":{"Gesch\u00e4tzte Lesezeit":"2\u00a0Minuten"},"schema":{"@context":"https:\/\/schema.org","@graph":[{"@type":"WebPage","@id":"https:\/\/koolbeautyparis.fr\/de\/produit\/perfect-foam-cleanser\/","url":"https:\/\/koolbeautyparis.fr\/de\/produit\/perfect-foam-cleanser\/","name":"Reinigungs-Schaum PERFECT FOAM CLEANSER | Kool Beauty","isPartOf":{"@id":"https:\/\/koolbeautyparis.fr\/de\/#website"},"primaryImageOfPage":{"@id":"https:\/\/koolbeautyparis.fr\/de\/produit\/perfect-foam-cleanser\/#primaryimage"},"image":{"@id":"https:\/\/koolbeautyparis.fr\/de\/produit\/perfect-foam-cleanser\/#primaryimage"},"thumbnailUrl":"https:\/\/koolbeautyparis.fr\/wp-content\/uploads\/2025\/01\/2053.jpg","datePublished":"2025-01-10T08:42:51+00:00","dateModified":"2026-04-30T10:27:34+00:00","description":"Die Reinigung ist ein entscheidender Schritt in Ihrer Sch\u00f6nheitsroutine! Kool Beauty bietet Ihnen den Perfect Foam Cleanser, der entwickelt wurde, um Ihre Haut sanft zu reinigen.","breadcrumb":{"@id":"https:\/\/koolbeautyparis.fr\/de\/produit\/perfect-foam-cleanser\/#breadcrumb"},"inLanguage":"de","potentialAction":[{"@type":"ReadAction","target":["https:\/\/koolbeautyparis.fr\/de\/produit\/perfect-foam-cleanser\/"]}]},{"@type":"ImageObject","inLanguage":"de","@id":"https:\/\/koolbeautyparis.fr\/de\/produit\/perfect-foam-cleanser\/#primaryimage","url":"https:\/\/koolbeautyparis.fr\/wp-content\/uploads\/2025\/01\/2053.jpg","contentUrl":"https:\/\/koolbeautyparis.fr\/wp-content\/uploads\/2025\/01\/2053.jpg","width":1000,"height":1000},{"@type":"BreadcrumbList","@id":"https:\/\/koolbeautyparis.fr\/de\/produit\/perfect-foam-cleanser\/#breadcrumb","itemListElement":[{"@type":"ListItem","position":1,"name":"Accueil","item":"https:\/\/koolbeautyparis.fr\/de\/"},{"@type":"ListItem","position":2,"name":"Shop","item":"https:\/\/koolbeautyparis.fr\/shop\/"},{"@type":"ListItem","position":3,"name":"PERFECT FOAM CLEANSER"}]},{"@type":"WebSite","@id":"https:\/\/koolbeautyparis.fr\/de\/#website","url":"https:\/\/koolbeautyparis.fr\/de\/","name":"Kool Beauty","description":"Produits beaut\u00e9","publisher":{"@id":"https:\/\/koolbeautyparis.fr\/de\/#organization"},"potentialAction":[{"@type":"SearchAction","target":{"@type":"EntryPoint","urlTemplate":"https:\/\/koolbeautyparis.fr\/de\/?s={search_term_string}"},"query-input":{"@type":"PropertyValueSpecification","valueRequired":true,"valueName":"search_term_string"}}],"inLanguage":"de"},{"@type":"Organization","@id":"https:\/\/koolbeautyparis.fr\/de\/#organization","name":"Kool Beauty","url":"https:\/\/koolbeautyparis.fr\/de\/","logo":{"@type":"ImageObject","inLanguage":"de","@id":"https:\/\/koolbeautyparis.fr\/de\/#\/schema\/logo\/image\/","url":"https:\/\/i0.wp.com\/koolbeautyparis.fr\/wp-content\/uploads\/2022\/03\/kool-cover-default.png?fit=1200%2C630&ssl=1","contentUrl":"https:\/\/i0.wp.com\/koolbeautyparis.fr\/wp-content\/uploads\/2022\/03\/kool-cover-default.png?fit=1200%2C630&ssl=1","width":1200,"height":630,"caption":"Kool Beauty"},"image":{"@id":"https:\/\/koolbeautyparis.fr\/de\/#\/schema\/logo\/image\/"}}]}},"_links":{"self":[{"href":"https:\/\/koolbeautyparis.fr\/de\/wp-json\/wp\/v2\/product\/39163"}],"collection":[{"href":"https:\/\/koolbeautyparis.fr\/de\/wp-json\/wp\/v2\/product"}],"about":[{"href":"https:\/\/koolbeautyparis.fr\/de\/wp-json\/wp\/v2\/types\/product"}],"replies":[{"embeddable":true,"href":"https:\/\/koolbeautyparis.fr\/de\/wp-json\/wp\/v2\/comments?post=39163"}],"wp:featuredmedia":[{"embeddable":true,"href":"https:\/\/koolbeautyparis.fr\/de\/wp-json\/wp\/v2\/media\/39169"}],"wp:attachment":[{"href":"https:\/\/koolbeautyparis.fr\/de\/wp-json\/wp\/v2\/media?parent=39163"}],"wp:term":[{"taxonomy":"product_cat","embeddable":true,"href":"https:\/\/koolbeautyparis.fr\/de\/wp-json\/wp\/v2\/product_cat?post=39163"},{"taxonomy":"product_tag","embeddable":true,"href":"https:\/\/koolbeautyparis.fr\/de\/wp-json\/wp\/v2\/product_tag?post=39163"}],"curies":[{"name":"wp","href":"https:\/\/api.w.org\/{rel}","templated":true}]}}