{"id":34462,"date":"2022-04-13T12:21:21","date_gmt":"2022-04-13T10:21:21","guid":{"rendered":"https:\/\/koolbeautyparis.fr\/?post_type=product&#038;p=34462"},"modified":"2026-04-27T14:03:14","modified_gmt":"2026-04-27T12:03:14","slug":"stop-fatigue-eye-gel","status":"publish","type":"product","link":"https:\/\/koolbeautyparis.fr\/de\/produit\/stop-fatigue-eye-gel\/","title":{"rendered":"STOP FATIGUE EYE GEL"},"content":{"rendered":"[vc_row disable_element=&#8221;yes&#8221;][vc_column][vc_single_image image=&#8221;35533&#8243; img_size=&#8221;2770&#215;217&#8243; alignment=&#8221;center&#8221; el_class=&#8221;gzl-product-specs-desktop&#8221;][vc_single_image image=&#8221;35577&#8243; img_size=&#8221;598&#215;222&#8243; alignment=&#8221;center&#8221; el_class=&#8221;gzl-product-specs-mobile&#8221;][\/vc_column][\/vc_row][vc_row][vc_column][vc_column_text]\n<h3>Reduziert das Erscheinungsbild von Tr\u00e4nens\u00e4cken<\/h3>\n<p>Die nicht fettende Geltextur zieht schnell ein und l\u00e4sst die Augen sofort frischer und ausgeruhter aussehen. Diese Gelpflege versorgt die Haut zus\u00e4tzlich mit Feuchtigkeit, Festigkeit und Spannkraft, um m\u00fcden Augen einen echten Frischekick zu verleihen.<\/p>\n<p>\u2713 Ophthalmologisch getestet[\/vc_column_text][vc_tta_accordion c_icon=&#8221;chevron&#8221; c_position=&#8221;right&#8221; active_section=&#8221;&#8221; collapsible_all=&#8221;true&#8221; el_class=&#8221;gzl-product-accordeon&#8221;][vc_tta_section title=&#8221;F\u00dcR WELCHE HAUTTYPEN&#8221; tab_id=&#8221;target&#8221;][vc_column_text]Dieses Serum ist f\u00fcr:<br \/>\n\u2022 Schwellungen<br \/>\n\u2022 M\u00fcde Augen[\/vc_column_text][\/vc_tta_section][vc_tta_section title=&#8221;Dr. KOOL ERFAHREN&#8221; tab_id=&#8221;expertise&#8221;][vc_column_text]\u201eHaben Sie es gewusst? Die Haut der Augenkontur ist eine empfindliche Zone, sie ist hier 5 bis 10 Mal d\u00fcnner als im restlichen Gesicht und neigt dazu, die kleinsten Anzeichen von M\u00fcdigkeit widerzuspiegeln. Auch Augenschatten und -schwellungen stehen Ihnen ins Gesicht geschrieben.<br \/>\nHier sind meine 3 Tipps, um M\u00fcdigkeitserscheinungen unter den Augen zu bek\u00e4mpfen! Massieren Sie nach dem Aufwachen Ihre Augenpartie, um die \u00fcber Nacht verlangsamte Blut- und Lymphzirkulation wieder in Gang zu bringen. Dies hilft, den Blick zu beleben. Vergessen Sie nicht, sich jeden Abend abzuschminken, um Ihrer Haut zu helfen, sich zu regenerieren. Achten Sie zudem auf einen gesunden Lebensstil, um das Auftreten von M\u00fcdigkeit und Alterserscheinungen einzud\u00e4mmen.\u201c <strong>Dr Kool<\/strong>[\/vc_column_text][\/vc_tta_section][vc_tta_section title=&#8221;KUNDENMEINUNG&#8221; tab_id=&#8221;reviews&#8221; el_class=&#8221;gzl-productReviewsBtn&#8221;][\/vc_tta_section][\/vc_tta_accordion][\/vc_column][\/vc_row][vc_row css=&#8221;.vc_custom_1648632082785{background-color: #fedd00 !important;}&#8221; el_class=&#8221;bg-full yellow spacing-lg percents&#8221;][vc_column]\t<div id=\"et-content-carousel-488\" class=\"row et-content-carousel slick slick-slider no-padding  \" data-center=\"true\" data-columns=\"3\" data-autoplay=\"\" data-fade=\"false\" data-autoplay-speed=\"\" data-pause=\"\" data-navigation=\"\" data-pagination=\"true\" data-infinite=\"true\">\n\t\t[vc_row_inner et_column_align=&#8221;align-center&#8221;][vc_column_inner]\n\t<div id=\"et-counter-69f0d49d3cd75\" class=\"et-counter animation bottom-to-top counter-color-custom icon-color- text-color-custom counter-top\" >\n\t\t\t\t\t<div class=\"counter-container\">\n\t\t\t\t\t\t\t\t\t<div class=\"h1\" data-count=\"100\" data-speed=\"1500\">0<\/div>\n\t\t\t\t\t\t\t\t\t\t\t\t\t<h4>Frischer Blick*<\/h4>\n\t\t\t\t\t\t\t<\/div>\n\t\t\t\t\t\t\t\t\t\t<figure>\t\t\t\t\t<span class=\"\"><\/span>\n\t\t\t\t\t\t\t\t\t<\/figure>\n\t\t\t\t\t\t\t\n\t<\/div>\n\t[\/vc_column_inner][\/vc_row_inner][vc_row_inner et_column_align=&#8221;align-center&#8221;][vc_column_inner]\n\t<div id=\"et-counter-69f0d49d3cdb3\" class=\"et-counter animation bottom-to-top counter-color-custom icon-color- text-color-custom counter-top\" >\n\t\t\t\t\t<div class=\"counter-container\">\n\t\t\t\t\t\t\t\t\t<div class=\"h1\" data-count=\"96\" data-speed=\"1500\">0<\/div>\n\t\t\t\t\t\t\t\t\t\t\t\t\t<h4>Erholter Blick*<\/h4>\n\t\t\t\t\t\t\t<\/div>\n\t\t\t\t\t\t\t\t\t\t<figure>\t\t\t\t\t<span class=\"\"><\/span>\n\t\t\t\t\t\t\t\t\t<\/figure>\n\t\t\t\t\t\t\t\n\t<\/div>\n\t[\/vc_column_inner][\/vc_row_inner][vc_row_inner et_column_align=&#8221;align-center&#8221;][vc_column_inner]\n\t<div id=\"et-counter-69f0d49d3cdcc\" class=\"et-counter animation bottom-to-top counter-color-custom icon-color- text-color-custom counter-top\" >\n\t\t\t\t\t<div class=\"counter-container\">\n\t\t\t\t\t\t\t\t\t<div class=\"h1\" data-count=\"88\" data-speed=\"1500\">0<\/div>\n\t\t\t\t\t\t\t\t\t\t\t\t\t<h4>Reduziert Schwellungen*<\/h4>\n\t\t\t\t\t\t\t<\/div>\n\t\t\t\t\t\t\t\t\t\t<figure>\t\t\t\t\t<span class=\"\"><\/span>\n\t\t\t\t\t\t\t\t\t<\/figure>\n\t\t\t\t\t\t\t\n\t<\/div>\n\t[\/vc_column_inner][\/vc_row_inner]\t<\/div>\n\t\t\n\t[\/vc_column][\/vc_row][vc_row el_class=&#8221;spacing-lg application&#8221;][vc_column][vc_row_inner][vc_column_inner][vc_column_text animation=&#8221;animation bottom-to-top&#8221; css=&#8221;.vc_custom_1652950675906{margin-bottom: 0px !important;}&#8221;]\n<h2 style=\"text-align: center;\"><strong>MORGENS UND ABENDS<\/strong><\/h2>\n[\/vc_column_text][\/vc_column_inner][\/vc_row_inner]\t<div id=\"et-content-carousel-517\" class=\"row et-content-carousel slick slick-slider regular-padding  \" data-center=\"true\" data-columns=\"3\" data-autoplay=\"\" data-fade=\"false\" data-autoplay-speed=\"\" data-pause=\"\" data-navigation=\"\" data-pagination=\"true\" data-infinite=\"\">\n\t\t\r\n\t<div id=\"et-iconbox-515\" class=\"et-iconbox layout-centered icon-style-image-default bottom-spacing-none icon-color- text-color- animation bottom-to-top \"> \r\n\t\t<div class=\"et-icon-inner\">\r\n\t\t\t<figure class=\"et-feature-icon\">\r\n\t\t\t\t\t\t\t\t\t<img decoding=\"async\" src=\"https:\/\/koolbeautyparis.fr\/wp-content\/uploads\/2022\/04\/Coton-yeux.jpg\" alt=\"\" \/>\r\n\t\t\t\t\t\t\t<\/figure>\r\n\t\t\t<div class=\"et-feature-content\"> \r\n\t\t\t\t\t\t\t\t\t\t\t\t<div class=\"wpb_text_column\"><h4 style=\"text-align: center;\">Schritt 1<\/h4>\n<p style=\"text-align: center;\"><span style=\"font-weight: 400;\">Befreien Sie Ihre Augenpartie von Make-up<\/span><\/p>\n<\/div>\r\n\t\t\t\t\t\t\t<\/div>\r\n\t\t<\/div>\r\n\t<\/div>\r\n\r\n\t\r\n\t<div id=\"et-iconbox-526\" class=\"et-iconbox layout-centered icon-style-image-default bottom-spacing-none icon-color- text-color- animation bottom-to-top \"> \r\n\t\t<div class=\"et-icon-inner\">\r\n\t\t\t<figure class=\"et-feature-icon\">\r\n\t\t\t\t\t\t\t\t\t<img decoding=\"async\" src=\"https:\/\/koolbeautyparis.fr\/wp-content\/uploads\/2022\/04\/2050-1.jpg\" alt=\"\" \/>\r\n\t\t\t\t\t\t\t<\/figure>\r\n\t\t\t<div class=\"et-feature-content\"> \r\n\t\t\t\t\t\t\t\t\t\t\t\t<div class=\"wpb_text_column\"><h4 style=\"text-align: center;\">Schritt 2<\/h4>\n<p style=\"text-align: center;\"><span style=\"font-weight: 400;\">Tragen Sie das <a href=\"https:\/\/koolbeautyparis.fr\/de\/produit\/stop-fatigue-eye-gel\/\">Stop Fatigue Eye Gel<\/a> in leichten Klopfbewegungen vom inneren zum \u00e4u\u00dferen Augenwinkel auf. <\/span><\/p>\n<\/div>\r\n\t\t\t\t\t\t\t<\/div>\r\n\t\t<\/div>\r\n\t<\/div>\r\n\r\n\t\r\n\t<div id=\"et-iconbox-681\" class=\"et-iconbox layout-centered icon-style-image-default bottom-spacing-none icon-color- text-color- animation bottom-to-top \"> \r\n\t\t<div class=\"et-icon-inner\">\r\n\t\t\t<figure class=\"et-feature-icon\">\r\n\t\t\t\t\t\t\t\t\t<img decoding=\"async\" src=\"https:\/\/koolbeautyparis.fr\/wp-content\/uploads\/2022\/04\/2051-1.jpg\" alt=\"\" \/>\r\n\t\t\t\t\t\t\t<\/figure>\r\n\t\t\t<div class=\"et-feature-content\"> \r\n\t\t\t\t\t\t\t\t\t\t\t\t<div class=\"wpb_text_column\"><h4 style=\"text-align: center;\">Schritt 3<\/h4>\n<p style=\"text-align: center;\">Tragen Sie Ihr Hyal [Pre] Cursor Eye Serum und anschlie\u00dfend Ihre Gesichtspflege auf<\/p>\n<\/div>\r\n\t\t\t\t\t\t\t<\/div>\r\n\t\t<\/div>\r\n\t<\/div>\r\n\r\n\t\t<\/div>\n\t\t\n\t[vc_column_text el_class=&#8221;gzl-product-tip&#8221;]\n<p style=\"text-align: center;\"><strong>&#8211; Tipp: F\u00fcr ein intensives Frischegef\u00fchl legen Sie es vor Gebrauch in den K\u00fchlschrank &#8211;<\/strong><\/p>\n[\/vc_column_text][\/vc_column][\/vc_row]\n","protected":false},"excerpt":{"rendered":"<p>Dieses nicht fettende Gel enth\u00e4lt 15% Rosenwasser, das hilft, das Erscheinungsbild von Schwellungen und M\u00fcdigkeitserscheinungen zu reduzieren. Es st\u00e4rkt die Augenpartie sichtbar und ist ideal f\u00fcr alle, die zu viel Zeit am Computer verbringen! Kann morgens und abends verwendet werden, auch \u00fcber dem Make-up.<\/p>\n<p>MADE IN FRANCE.<\/p>\n<p>Ref. [wcj_product_sku] \u00b7 15ml \u00b7 0.45 Oz. Net Wt.<\/p>\n","protected":false},"featured_media":38363,"comment_status":"open","ping_status":"closed","template":"","meta":[],"product_cat":[1569],"product_tag":[],"yoast_head":"<!-- This site is optimized with the Yoast SEO plugin v23.5 - https:\/\/yoast.com\/wordpress\/plugins\/seo\/ -->\n<title>STOP FATIGUE EYE GEL | Kool Beauty<\/title>\n<meta name=\"robots\" content=\"index, follow, max-snippet:-1, max-image-preview:large, max-video-preview:-1\" \/>\n<link rel=\"canonical\" href=\"https:\/\/koolbeautyparis.fr\/de\/produit\/stop-fatigue-eye-gel\/\" \/>\n<meta property=\"og:locale\" content=\"de_DE\" \/>\n<meta property=\"og:type\" content=\"article\" \/>\n<meta property=\"og:title\" content=\"STOP FATIGUE EYE GEL | Kool Beauty\" \/>\n<meta property=\"og:description\" content=\"Dieses nicht fettende Gel enth\u00e4lt 15% Rosenwasser, das hilft, das Erscheinungsbild von Schwellungen und M\u00fcdigkeitserscheinungen zu reduzieren. Es st\u00e4rkt die Augenpartie sichtbar und ist ideal f\u00fcr alle, die zu viel Zeit am Computer verbringen! Kann morgens und abends verwendet werden, auch \u00fcber dem Make-up.  MADE IN FRANCE.  Ref. \u00b7 15ml \u00b7 0.45 Oz. Net Wt.\" \/>\n<meta property=\"og:url\" content=\"https:\/\/koolbeautyparis.fr\/de\/produit\/stop-fatigue-eye-gel\/\" \/>\n<meta property=\"og:site_name\" content=\"Kool Beauty\" \/>\n<meta property=\"article:modified_time\" content=\"2026-04-27T12:03:14+00:00\" \/>\n<meta property=\"og:image\" content=\"https:\/\/koolbeautyparis.fr\/wp-content\/uploads\/2022\/04\/2050-\u2013-2-971x1024.png\" \/>\n\t<meta property=\"og:image:width\" content=\"971\" \/>\n\t<meta property=\"og:image:height\" content=\"1024\" \/>\n\t<meta property=\"og:image:type\" content=\"image\/png\" \/>\n<meta name=\"twitter:card\" content=\"summary_large_image\" \/>\n<meta name=\"twitter:label1\" content=\"Gesch\u00e4tzte Lesezeit\" \/>\n\t<meta name=\"twitter:data1\" content=\"3\u00a0Minuten\" \/>\n<script type=\"application\/ld+json\" class=\"yoast-schema-graph\">{\"@context\":\"https:\/\/schema.org\",\"@graph\":[{\"@type\":\"WebPage\",\"@id\":\"https:\/\/koolbeautyparis.fr\/de\/produit\/stop-fatigue-eye-gel\/\",\"url\":\"https:\/\/koolbeautyparis.fr\/de\/produit\/stop-fatigue-eye-gel\/\",\"name\":\"STOP FATIGUE EYE GEL | Kool Beauty\",\"isPartOf\":{\"@id\":\"https:\/\/koolbeautyparis.fr\/de\/#website\"},\"primaryImageOfPage\":{\"@id\":\"https:\/\/koolbeautyparis.fr\/de\/produit\/stop-fatigue-eye-gel\/#primaryimage\"},\"image\":{\"@id\":\"https:\/\/koolbeautyparis.fr\/de\/produit\/stop-fatigue-eye-gel\/#primaryimage\"},\"thumbnailUrl\":\"https:\/\/koolbeautyparis.fr\/wp-content\/uploads\/2022\/04\/2050-\u2013-2-scaled.png\",\"datePublished\":\"2022-04-13T10:21:21+00:00\",\"dateModified\":\"2026-04-27T12:03:14+00:00\",\"breadcrumb\":{\"@id\":\"https:\/\/koolbeautyparis.fr\/de\/produit\/stop-fatigue-eye-gel\/#breadcrumb\"},\"inLanguage\":\"de\",\"potentialAction\":[{\"@type\":\"ReadAction\",\"target\":[\"https:\/\/koolbeautyparis.fr\/de\/produit\/stop-fatigue-eye-gel\/\"]}]},{\"@type\":\"ImageObject\",\"inLanguage\":\"de\",\"@id\":\"https:\/\/koolbeautyparis.fr\/de\/produit\/stop-fatigue-eye-gel\/#primaryimage\",\"url\":\"https:\/\/koolbeautyparis.fr\/wp-content\/uploads\/2022\/04\/2050-\u2013-2-scaled.png\",\"contentUrl\":\"https:\/\/koolbeautyparis.fr\/wp-content\/uploads\/2022\/04\/2050-\u2013-2-scaled.png\",\"width\":2800,\"height\":2952},{\"@type\":\"BreadcrumbList\",\"@id\":\"https:\/\/koolbeautyparis.fr\/de\/produit\/stop-fatigue-eye-gel\/#breadcrumb\",\"itemListElement\":[{\"@type\":\"ListItem\",\"position\":1,\"name\":\"Accueil\",\"item\":\"https:\/\/koolbeautyparis.fr\/de\/\"},{\"@type\":\"ListItem\",\"position\":2,\"name\":\"Shop\",\"item\":\"https:\/\/koolbeautyparis.fr\/shop\/\"},{\"@type\":\"ListItem\",\"position\":3,\"name\":\"STOP FATIGUE EYE GEL\"}]},{\"@type\":\"WebSite\",\"@id\":\"https:\/\/koolbeautyparis.fr\/de\/#website\",\"url\":\"https:\/\/koolbeautyparis.fr\/de\/\",\"name\":\"Kool Beauty\",\"description\":\"Produits beaut\u00e9\",\"publisher\":{\"@id\":\"https:\/\/koolbeautyparis.fr\/de\/#organization\"},\"potentialAction\":[{\"@type\":\"SearchAction\",\"target\":{\"@type\":\"EntryPoint\",\"urlTemplate\":\"https:\/\/koolbeautyparis.fr\/de\/?s={search_term_string}\"},\"query-input\":{\"@type\":\"PropertyValueSpecification\",\"valueRequired\":true,\"valueName\":\"search_term_string\"}}],\"inLanguage\":\"de\"},{\"@type\":\"Organization\",\"@id\":\"https:\/\/koolbeautyparis.fr\/de\/#organization\",\"name\":\"Kool Beauty\",\"url\":\"https:\/\/koolbeautyparis.fr\/de\/\",\"logo\":{\"@type\":\"ImageObject\",\"inLanguage\":\"de\",\"@id\":\"https:\/\/koolbeautyparis.fr\/de\/#\/schema\/logo\/image\/\",\"url\":\"https:\/\/i0.wp.com\/koolbeautyparis.fr\/wp-content\/uploads\/2022\/03\/kool-cover-default.png?fit=1200%2C630&ssl=1\",\"contentUrl\":\"https:\/\/i0.wp.com\/koolbeautyparis.fr\/wp-content\/uploads\/2022\/03\/kool-cover-default.png?fit=1200%2C630&ssl=1\",\"width\":1200,\"height\":630,\"caption\":\"Kool Beauty\"},\"image\":{\"@id\":\"https:\/\/koolbeautyparis.fr\/de\/#\/schema\/logo\/image\/\"}}]}<\/script>\n<!-- \/ Yoast SEO plugin. -->","yoast_head_json":{"title":"STOP FATIGUE EYE GEL | Kool Beauty","robots":{"index":"index","follow":"follow","max-snippet":"max-snippet:-1","max-image-preview":"max-image-preview:large","max-video-preview":"max-video-preview:-1"},"canonical":"https:\/\/koolbeautyparis.fr\/de\/produit\/stop-fatigue-eye-gel\/","og_locale":"de_DE","og_type":"article","og_title":"STOP FATIGUE EYE GEL | Kool Beauty","og_description":"Dieses nicht fettende Gel enth\u00e4lt 15% Rosenwasser, das hilft, das Erscheinungsbild von Schwellungen und M\u00fcdigkeitserscheinungen zu reduzieren. Es st\u00e4rkt die Augenpartie sichtbar und ist ideal f\u00fcr alle, die zu viel Zeit am Computer verbringen! Kann morgens und abends verwendet werden, auch \u00fcber dem Make-up.  MADE IN FRANCE.  Ref. \u00b7 15ml \u00b7 0.45 Oz. Net Wt.","og_url":"https:\/\/koolbeautyparis.fr\/de\/produit\/stop-fatigue-eye-gel\/","og_site_name":"Kool Beauty","article_modified_time":"2026-04-27T12:03:14+00:00","og_image":[{"width":971,"height":1024,"url":"https:\/\/koolbeautyparis.fr\/wp-content\/uploads\/2022\/04\/2050-\u2013-2-971x1024.png","type":"image\/png"}],"twitter_card":"summary_large_image","twitter_misc":{"Gesch\u00e4tzte Lesezeit":"3\u00a0Minuten"},"schema":{"@context":"https:\/\/schema.org","@graph":[{"@type":"WebPage","@id":"https:\/\/koolbeautyparis.fr\/de\/produit\/stop-fatigue-eye-gel\/","url":"https:\/\/koolbeautyparis.fr\/de\/produit\/stop-fatigue-eye-gel\/","name":"STOP FATIGUE EYE GEL | Kool Beauty","isPartOf":{"@id":"https:\/\/koolbeautyparis.fr\/de\/#website"},"primaryImageOfPage":{"@id":"https:\/\/koolbeautyparis.fr\/de\/produit\/stop-fatigue-eye-gel\/#primaryimage"},"image":{"@id":"https:\/\/koolbeautyparis.fr\/de\/produit\/stop-fatigue-eye-gel\/#primaryimage"},"thumbnailUrl":"https:\/\/koolbeautyparis.fr\/wp-content\/uploads\/2022\/04\/2050-\u2013-2-scaled.png","datePublished":"2022-04-13T10:21:21+00:00","dateModified":"2026-04-27T12:03:14+00:00","breadcrumb":{"@id":"https:\/\/koolbeautyparis.fr\/de\/produit\/stop-fatigue-eye-gel\/#breadcrumb"},"inLanguage":"de","potentialAction":[{"@type":"ReadAction","target":["https:\/\/koolbeautyparis.fr\/de\/produit\/stop-fatigue-eye-gel\/"]}]},{"@type":"ImageObject","inLanguage":"de","@id":"https:\/\/koolbeautyparis.fr\/de\/produit\/stop-fatigue-eye-gel\/#primaryimage","url":"https:\/\/koolbeautyparis.fr\/wp-content\/uploads\/2022\/04\/2050-\u2013-2-scaled.png","contentUrl":"https:\/\/koolbeautyparis.fr\/wp-content\/uploads\/2022\/04\/2050-\u2013-2-scaled.png","width":2800,"height":2952},{"@type":"BreadcrumbList","@id":"https:\/\/koolbeautyparis.fr\/de\/produit\/stop-fatigue-eye-gel\/#breadcrumb","itemListElement":[{"@type":"ListItem","position":1,"name":"Accueil","item":"https:\/\/koolbeautyparis.fr\/de\/"},{"@type":"ListItem","position":2,"name":"Shop","item":"https:\/\/koolbeautyparis.fr\/shop\/"},{"@type":"ListItem","position":3,"name":"STOP FATIGUE EYE GEL"}]},{"@type":"WebSite","@id":"https:\/\/koolbeautyparis.fr\/de\/#website","url":"https:\/\/koolbeautyparis.fr\/de\/","name":"Kool Beauty","description":"Produits beaut\u00e9","publisher":{"@id":"https:\/\/koolbeautyparis.fr\/de\/#organization"},"potentialAction":[{"@type":"SearchAction","target":{"@type":"EntryPoint","urlTemplate":"https:\/\/koolbeautyparis.fr\/de\/?s={search_term_string}"},"query-input":{"@type":"PropertyValueSpecification","valueRequired":true,"valueName":"search_term_string"}}],"inLanguage":"de"},{"@type":"Organization","@id":"https:\/\/koolbeautyparis.fr\/de\/#organization","name":"Kool Beauty","url":"https:\/\/koolbeautyparis.fr\/de\/","logo":{"@type":"ImageObject","inLanguage":"de","@id":"https:\/\/koolbeautyparis.fr\/de\/#\/schema\/logo\/image\/","url":"https:\/\/i0.wp.com\/koolbeautyparis.fr\/wp-content\/uploads\/2022\/03\/kool-cover-default.png?fit=1200%2C630&ssl=1","contentUrl":"https:\/\/i0.wp.com\/koolbeautyparis.fr\/wp-content\/uploads\/2022\/03\/kool-cover-default.png?fit=1200%2C630&ssl=1","width":1200,"height":630,"caption":"Kool Beauty"},"image":{"@id":"https:\/\/koolbeautyparis.fr\/de\/#\/schema\/logo\/image\/"}}]}},"_links":{"self":[{"href":"https:\/\/koolbeautyparis.fr\/de\/wp-json\/wp\/v2\/product\/34462"}],"collection":[{"href":"https:\/\/koolbeautyparis.fr\/de\/wp-json\/wp\/v2\/product"}],"about":[{"href":"https:\/\/koolbeautyparis.fr\/de\/wp-json\/wp\/v2\/types\/product"}],"replies":[{"embeddable":true,"href":"https:\/\/koolbeautyparis.fr\/de\/wp-json\/wp\/v2\/comments?post=34462"}],"wp:featuredmedia":[{"embeddable":true,"href":"https:\/\/koolbeautyparis.fr\/de\/wp-json\/wp\/v2\/media\/38363"}],"wp:attachment":[{"href":"https:\/\/koolbeautyparis.fr\/de\/wp-json\/wp\/v2\/media?parent=34462"}],"wp:term":[{"taxonomy":"product_cat","embeddable":true,"href":"https:\/\/koolbeautyparis.fr\/de\/wp-json\/wp\/v2\/product_cat?post=34462"},{"taxonomy":"product_tag","embeddable":true,"href":"https:\/\/koolbeautyparis.fr\/de\/wp-json\/wp\/v2\/product_tag?post=34462"}],"curies":[{"name":"wp","href":"https:\/\/api.w.org\/{rel}","templated":true}]}}