{"id":34336,"date":"2022-04-12T17:21:31","date_gmt":"2022-04-12T15:21:31","guid":{"rendered":"https:\/\/koolbeautyparis.fr\/?post_type=product&#038;p=34336"},"modified":"2026-04-17T18:00:18","modified_gmt":"2026-04-17T16:00:18","slug":"zinc-sos-blemish-moisturizer","status":"publish","type":"product","link":"https:\/\/koolbeautyparis.fr\/de\/produit\/zinc-sos-blemish-moisturizer\/","title":{"rendered":"ZINC SOS BLEMISH MOISTURIZER"},"content":{"rendered":"[vc_row][vc_column][vc_single_image image=&#8221;35505&#8243; img_size=&#8221;2770&#215;217&#8243; alignment=&#8221;center&#8221; el_class=&#8221;gzl-product-specs-desktop&#8221;][vc_single_image image=&#8221;35549&#8243; img_size=&#8221;598&#215;222&#8243; alignment=&#8221;center&#8221; el_class=&#8221;gzl-product-specs-mobile&#8221;][\/vc_column][\/vc_row][vc_row][vc_column][vc_column_text]\n<h3>SOS Anti-Imperfektionen Creme<\/h3>\n<p>Diese nicht fettende Creme hilft, das Erscheinungsbild von Mitessern und anderen Unreinheiten zu reduzieren. Au\u00dferdem tr\u00e4gt sie zu einem ebenm\u00e4\u00dfigen Teint bei. Die Haut ist sichtbar mattiert und gereinigt und wird optimal mit Feuchtigkeit versorgt.<\/p>\n<p>\u2713 Dermatologisch getestet<br \/>\n\u2713 Nicht komedogen[\/vc_column_text][vc_tta_accordion c_icon=&#8221;chevron&#8221; c_position=&#8221;right&#8221; active_section=&#8221;&#8221; collapsible_all=&#8221;true&#8221; el_class=&#8221;gzl-product-accordeon&#8221;][vc_tta_section title=&#8221;F\u00dcR WELCHE HAUTTYPEN&#8221; tab_id=&#8221;target&#8221;][vc_column_text]Diese Creme gegen Hautunreinheiten ist geeignet f\u00fcr:<\/p>\n<ul>\n<li>Alle Hauttypen<\/li>\n<li>Mischhaut bis fettige Haut<\/li>\n<li>Haut mit Unreinheiten<\/li>\n<\/ul>\n[\/vc_column_text][\/vc_tta_section][vc_tta_section title=&#8221;HAUPTWIRKSTOFFE&#8221; tab_id=&#8221;1649323953058-19de184a-ec5f&#8221;][vc_column_text]Zink<\/p>\n<p>Oligoalginat<\/p>\n<p>Extrakt aus <em>Enantia chlorantha<\/em>[\/vc_column_text][\/vc_tta_section][vc_tta_section title=&#8221;Dr. KOOL-EXPERTISE&#8221; tab_id=&#8221;expertise&#8221;][vc_column_text]&#8221;Wissen Sie, wie Unreinheiten entstehen? Zu Akne neigende Haut zeichnet sich in der Regel durch eine \u00fcberm\u00e4\u00dfige Talgproduktion aus. Der Talg verstopft die Haarfollikel (die Stelle, an der sich das Haar bildet) und es entstehen Komedonen. Unsere Zinc SOS Blemish Moisturizer Creme hilft, Ihre Haut weniger fettig aussehen zu lassen und Unreinheiten zu reduzieren. Vergessen Sie nicht, Ihre Haut gut zu n\u00e4hren! Mischhaut oder fettige Haut kann auch daran liegen, dass ihr der Hydrolipidfilm entzogen wurde, wodurch ihre Barrierefunktion beeintr\u00e4chtigt wird. Um den Mangel auszugleichen, reagiert die Haut mit einer doppelt so hohen Talgproduktion&#8221;. <strong>Dr. Kool<\/strong>[\/vc_column_text][\/vc_tta_section][vc_tta_section title=&#8221;KUNDENMEINUNG&#8221; tab_id=&#8221;reviews&#8221; el_class=&#8221;gzl-productReviewsBtn&#8221;][\/vc_tta_section][\/vc_tta_accordion][\/vc_column][\/vc_row][vc_row css=&#8221;.vc_custom_1648632082785{background-color: #fedd00 !important;}&#8221; el_class=&#8221;bg-full yellow spacing-lg percents&#8221;][vc_column]\t<div id=\"et-content-carousel-48\" class=\"row et-content-carousel slick slick-slider no-padding  \" data-center=\"true\" data-columns=\"3\" data-autoplay=\"\" data-fade=\"false\" data-autoplay-speed=\"\" data-pause=\"\" data-navigation=\"\" data-pagination=\"true\" data-infinite=\"true\">\n\t\t[vc_row_inner et_column_align=&#8221;align-center&#8221;][vc_column_inner]\n\t<div id=\"et-counter-69e89c327ee6d\" class=\"et-counter animation bottom-to-top counter-color-custom icon-color- text-color-custom counter-top\" >\n\t\t\t\t\t<div class=\"counter-container\">\n\t\t\t\t\t\t\t\t\t<div class=\"h1\" data-count=\"100\" data-speed=\"1500\">0<\/div>\n\t\t\t\t\t\t\t\t\t\t\t\t\t<h4>weniger fettige Haut*<\/h4>\n\t\t\t\t\t\t\t<\/div>\n\t\t\t\t\t\t\t\t\t\t<figure>\t\t\t\t\t<span class=\"\"><\/span>\n\t\t\t\t\t\t\t\t\t<\/figure>\n\t\t\t\t\t\t\t\n\t<\/div>\n\t[\/vc_column_inner][\/vc_row_inner][vc_row_inner et_column_align=&#8221;align-center&#8221;][vc_column_inner]\n\t<div id=\"et-counter-69e89c327eead\" class=\"et-counter animation bottom-to-top counter-color-custom icon-color- text-color-custom counter-top\" >\n\t\t\t\t\t<div class=\"counter-container\">\n\t\t\t\t\t\t\t\t\t<div class=\"h1\" data-count=\"93\" data-speed=\"1500\">0<\/div>\n\t\t\t\t\t\t\t\t\t\t\t\t\t<h4>Verfeinerte Poren*<\/h4>\n\t\t\t\t\t\t\t<\/div>\n\t\t\t\t\t\t\t\t\t\t<figure>\t\t\t\t\t<span class=\"\"><\/span>\n\t\t\t\t\t\t\t\t\t<\/figure>\n\t\t\t\t\t\t\t\n\t<\/div>\n\t[\/vc_column_inner][\/vc_row_inner][vc_row_inner et_column_align=&#8221;align-center&#8221;][vc_column_inner]\n\t<div id=\"et-counter-69e89c327eec7\" class=\"et-counter animation bottom-to-top counter-color-custom icon-color- text-color-custom counter-top\" >\n\t\t\t\t\t<div class=\"counter-container\">\n\t\t\t\t\t\t\t\t\t<div class=\"h1\" data-count=\"93\" data-speed=\"1500\">0<\/div>\n\t\t\t\t\t\t\t\t\t\t\t\t\t<h4>weniger Unreinheiten*<\/h4>\n\t\t\t\t\t\t\t<\/div>\n\t\t\t\t\t\t\t\t\t\t<figure>\t\t\t\t\t<span class=\"\"><\/span>\n\t\t\t\t\t\t\t\t\t<\/figure>\n\t\t\t\t\t\t\t\n\t<\/div>\n\t[\/vc_column_inner][\/vc_row_inner]\t<\/div>\n\t\t\n\t[\/vc_column][\/vc_row][vc_row el_class=&#8221;spacing-lg application&#8221;][vc_column][vc_row_inner][vc_column_inner][vc_column_text animation=&#8221;animation bottom-to-top&#8221; css=&#8221;.vc_custom_1652886026955{margin-bottom: 0px !important;}&#8221;]\n<h2 style=\"text-align: center;\"><strong>MORGENS UND ABENDS<\/strong><\/h2>\n[\/vc_column_text][\/vc_column_inner][\/vc_row_inner]\t<div id=\"et-content-carousel-425\" class=\"row et-content-carousel slick slick-slider regular-padding  \" data-center=\"true\" data-columns=\"3\" data-autoplay=\"\" data-fade=\"false\" data-autoplay-speed=\"\" data-pause=\"\" data-navigation=\"\" data-pagination=\"true\" data-infinite=\"\">\n\t\t\r\n\t<div id=\"et-iconbox-809\" class=\"et-iconbox layout-centered icon-style-image-default bottom-spacing-none icon-color- text-color- animation bottom-to-top \"> \r\n\t\t<div class=\"et-icon-inner\">\r\n\t\t\t<figure class=\"et-feature-icon\">\r\n\t\t\t\t\t\t\t\t\t<img decoding=\"async\" src=\"https:\/\/koolbeautyparis.fr\/wp-content\/uploads\/2022\/04\/Coton-visage-1.jpg\" alt=\"\" \/>\r\n\t\t\t\t\t\t\t<\/figure>\r\n\t\t\t<div class=\"et-feature-content\"> \r\n\t\t\t\t\t\t\t\t\t\t\t\t<div class=\"wpb_text_column\"><h4 style=\"text-align: center;\">Schritt 1<\/h4>\n<p style=\"text-align: center;\"><span style=\"font-weight: 400;\">Entfernen Sie Make-up und reinigen Sie Ihre Haut gr\u00fcndlich <\/span><\/p>\n<\/div>\r\n\t\t\t\t\t\t\t<\/div>\r\n\t\t<\/div>\r\n\t<\/div>\r\n\r\n\t\r\n\t<div id=\"et-iconbox-547\" class=\"et-iconbox layout-centered icon-style-image-default bottom-spacing-none icon-color- text-color- animation bottom-to-top \"> \r\n\t\t<div class=\"et-icon-inner\">\r\n\t\t\t<figure class=\"et-feature-icon\">\r\n\t\t\t\t\t\t\t\t\t<img decoding=\"async\" src=\"https:\/\/koolbeautyparis.fr\/wp-content\/uploads\/2022\/04\/mixologie-2001-1.jpg\" alt=\"\" \/>\r\n\t\t\t\t\t\t\t<\/figure>\r\n\t\t\t<div class=\"et-feature-content\"> \r\n\t\t\t\t\t\t\t\t\t\t\t\t<div class=\"wpb_text_column\"><h4 style=\"text-align: center;\">Schritt 2<\/h4>\n<p style=\"text-align: center;\"><span style=\"font-weight: 400;\">Sch\u00fctteln Sie Ihr <a href=\"https:\/\/koolbeautyparis.fr\/de\/produit\/2-niacinamide-stop-blemish-serum-bi-phase\/\">2% Niacinamide Stop Blemish Serum<\/a> vor der Anwendung und tragen Sie es lokal oder auf das gesamte Gesicht unter Aussparung der Augenpartie auf<\/span><\/p>\n<\/div>\r\n\t\t\t\t\t\t\t<\/div>\r\n\t\t<\/div>\r\n\t<\/div>\r\n\r\n\t\r\n\t<div id=\"et-iconbox-83\" class=\"et-iconbox layout-centered icon-style-image-default bottom-spacing-none icon-color- text-color- animation bottom-to-top \"> \r\n\t\t<div class=\"et-icon-inner\">\r\n\t\t\t<figure class=\"et-feature-icon\">\r\n\t\t\t\t\t\t\t\t\t<img decoding=\"async\" src=\"https:\/\/koolbeautyparis.fr\/wp-content\/uploads\/2022\/04\/Creme-blanche-1.jpg\" alt=\"\" \/>\r\n\t\t\t\t\t\t\t<\/figure>\r\n\t\t\t<div class=\"et-feature-content\"> \r\n\t\t\t\t\t\t\t\t\t\t\t\t<div class=\"wpb_text_column\"><h4 style=\"text-align: center;\">Schritt 3<\/h4>\n<p style=\"text-align: center;\"><span style=\"font-weight: 400;\">Tragen Sie Ihre Zinc SOS Blemish Moisturizer Creme auf\u00a0<\/span><\/p>\n<\/div>\r\n\t\t\t\t\t\t\t<\/div>\r\n\t\t<\/div>\r\n\t<\/div>\r\n\r\n\t\t<\/div>\n\t\t\n\t[\/vc_column][\/vc_row]\n","protected":false},"excerpt":{"rendered":"<p>Diese nicht fettende Creme verbessert sichtbar die Hautqualit\u00e4t, indem sie Unreinheiten mindert. Das Erscheinungsbild von Mitessern wird reduziert, die Poren werden verkleinert und das Hautbild verfeinert. Zweimal t\u00e4glich auf die Unreinheiten oder das gesamte Gesicht auftragen. Nicht f\u00fcr die Augenpartie verwenden.<\/p>\n<p>MADE IN FRANCE.<\/p>\n<p>Ref. [wcj_product_sku] \u00b7 50ml \u00b7 1.70 Oz. Net Wt.<\/p>\n","protected":false},"featured_media":38227,"comment_status":"open","ping_status":"closed","template":"","meta":[],"product_cat":[1554],"product_tag":[],"yoast_head":"<!-- This site is optimized with the Yoast SEO plugin v23.5 - https:\/\/yoast.com\/wordpress\/plugins\/seo\/ -->\n<title>ZINC SOS BLEMISH MOISTURIZER | Kool Beauty<\/title>\n<meta name=\"description\" content=\"Eine Pflege gegen Hautunreinheiten auf der Basis von konzentriertem Zink, welche R\u00f6tungen, Mitesser und Pickel reduziert. Verfeinert die Poren und reguliert \u00fcbersch\u00fcssigen Talg.\" \/>\n<meta name=\"robots\" content=\"index, follow, max-snippet:-1, max-image-preview:large, max-video-preview:-1\" \/>\n<link rel=\"canonical\" href=\"https:\/\/koolbeautyparis.fr\/de\/produit\/zinc-sos-blemish-moisturizer\/\" \/>\n<meta property=\"og:locale\" content=\"de_DE\" \/>\n<meta property=\"og:type\" content=\"article\" \/>\n<meta property=\"og:title\" content=\"ZINC SOS BLEMISH MOISTURIZER | Kool Beauty\" \/>\n<meta property=\"og:description\" content=\"Eine Pflege gegen Hautunreinheiten auf der Basis von konzentriertem Zink, welche R\u00f6tungen, Mitesser und Pickel reduziert. Verfeinert die Poren und reguliert \u00fcbersch\u00fcssigen Talg.\" \/>\n<meta property=\"og:url\" content=\"https:\/\/koolbeautyparis.fr\/de\/produit\/zinc-sos-blemish-moisturizer\/\" \/>\n<meta property=\"og:site_name\" content=\"Kool Beauty\" \/>\n<meta property=\"article:modified_time\" content=\"2026-04-17T16:00:18+00:00\" \/>\n<meta property=\"og:image\" content=\"https:\/\/koolbeautyparis.fr\/wp-content\/uploads\/2022\/04\/2002-\u2013-3-971x1024.png\" \/>\n\t<meta property=\"og:image:width\" content=\"971\" \/>\n\t<meta property=\"og:image:height\" content=\"1024\" \/>\n\t<meta property=\"og:image:type\" content=\"image\/png\" \/>\n<meta name=\"twitter:card\" content=\"summary_large_image\" \/>\n<meta name=\"twitter:label1\" content=\"Gesch\u00e4tzte Lesezeit\" \/>\n\t<meta name=\"twitter:data1\" content=\"3\u00a0Minuten\" \/>\n<script type=\"application\/ld+json\" class=\"yoast-schema-graph\">{\"@context\":\"https:\/\/schema.org\",\"@graph\":[{\"@type\":\"WebPage\",\"@id\":\"https:\/\/koolbeautyparis.fr\/de\/produit\/zinc-sos-blemish-moisturizer\/\",\"url\":\"https:\/\/koolbeautyparis.fr\/de\/produit\/zinc-sos-blemish-moisturizer\/\",\"name\":\"ZINC SOS BLEMISH MOISTURIZER | Kool Beauty\",\"isPartOf\":{\"@id\":\"https:\/\/koolbeautyparis.fr\/de\/#website\"},\"primaryImageOfPage\":{\"@id\":\"https:\/\/koolbeautyparis.fr\/de\/produit\/zinc-sos-blemish-moisturizer\/#primaryimage\"},\"image\":{\"@id\":\"https:\/\/koolbeautyparis.fr\/de\/produit\/zinc-sos-blemish-moisturizer\/#primaryimage\"},\"thumbnailUrl\":\"https:\/\/koolbeautyparis.fr\/wp-content\/uploads\/2022\/04\/2002-\u2013-3-scaled.png\",\"datePublished\":\"2022-04-12T15:21:31+00:00\",\"dateModified\":\"2026-04-17T16:00:18+00:00\",\"description\":\"Eine Pflege gegen Hautunreinheiten auf der Basis von konzentriertem Zink, welche R\u00f6tungen, Mitesser und Pickel reduziert. Verfeinert die Poren und reguliert \u00fcbersch\u00fcssigen Talg.\",\"breadcrumb\":{\"@id\":\"https:\/\/koolbeautyparis.fr\/de\/produit\/zinc-sos-blemish-moisturizer\/#breadcrumb\"},\"inLanguage\":\"de\",\"potentialAction\":[{\"@type\":\"ReadAction\",\"target\":[\"https:\/\/koolbeautyparis.fr\/de\/produit\/zinc-sos-blemish-moisturizer\/\"]}]},{\"@type\":\"ImageObject\",\"inLanguage\":\"de\",\"@id\":\"https:\/\/koolbeautyparis.fr\/de\/produit\/zinc-sos-blemish-moisturizer\/#primaryimage\",\"url\":\"https:\/\/koolbeautyparis.fr\/wp-content\/uploads\/2022\/04\/2002-\u2013-3-scaled.png\",\"contentUrl\":\"https:\/\/koolbeautyparis.fr\/wp-content\/uploads\/2022\/04\/2002-\u2013-3-scaled.png\",\"width\":2800,\"height\":2952},{\"@type\":\"BreadcrumbList\",\"@id\":\"https:\/\/koolbeautyparis.fr\/de\/produit\/zinc-sos-blemish-moisturizer\/#breadcrumb\",\"itemListElement\":[{\"@type\":\"ListItem\",\"position\":1,\"name\":\"Accueil\",\"item\":\"https:\/\/koolbeautyparis.fr\/de\/\"},{\"@type\":\"ListItem\",\"position\":2,\"name\":\"Shop\",\"item\":\"https:\/\/koolbeautyparis.fr\/shop\/\"},{\"@type\":\"ListItem\",\"position\":3,\"name\":\"ZINC SOS BLEMISH MOISTURIZER\"}]},{\"@type\":\"WebSite\",\"@id\":\"https:\/\/koolbeautyparis.fr\/de\/#website\",\"url\":\"https:\/\/koolbeautyparis.fr\/de\/\",\"name\":\"Kool Beauty\",\"description\":\"Produits beaut\u00e9\",\"publisher\":{\"@id\":\"https:\/\/koolbeautyparis.fr\/de\/#organization\"},\"potentialAction\":[{\"@type\":\"SearchAction\",\"target\":{\"@type\":\"EntryPoint\",\"urlTemplate\":\"https:\/\/koolbeautyparis.fr\/de\/?s={search_term_string}\"},\"query-input\":{\"@type\":\"PropertyValueSpecification\",\"valueRequired\":true,\"valueName\":\"search_term_string\"}}],\"inLanguage\":\"de\"},{\"@type\":\"Organization\",\"@id\":\"https:\/\/koolbeautyparis.fr\/de\/#organization\",\"name\":\"Kool Beauty\",\"url\":\"https:\/\/koolbeautyparis.fr\/de\/\",\"logo\":{\"@type\":\"ImageObject\",\"inLanguage\":\"de\",\"@id\":\"https:\/\/koolbeautyparis.fr\/de\/#\/schema\/logo\/image\/\",\"url\":\"https:\/\/i0.wp.com\/koolbeautyparis.fr\/wp-content\/uploads\/2022\/03\/kool-cover-default.png?fit=1200%2C630&ssl=1\",\"contentUrl\":\"https:\/\/i0.wp.com\/koolbeautyparis.fr\/wp-content\/uploads\/2022\/03\/kool-cover-default.png?fit=1200%2C630&ssl=1\",\"width\":1200,\"height\":630,\"caption\":\"Kool Beauty\"},\"image\":{\"@id\":\"https:\/\/koolbeautyparis.fr\/de\/#\/schema\/logo\/image\/\"}}]}<\/script>\n<!-- \/ Yoast SEO plugin. -->","yoast_head_json":{"title":"ZINC SOS BLEMISH MOISTURIZER | Kool Beauty","description":"Eine Pflege gegen Hautunreinheiten auf der Basis von konzentriertem Zink, welche R\u00f6tungen, Mitesser und Pickel reduziert. Verfeinert die Poren und reguliert \u00fcbersch\u00fcssigen Talg.","robots":{"index":"index","follow":"follow","max-snippet":"max-snippet:-1","max-image-preview":"max-image-preview:large","max-video-preview":"max-video-preview:-1"},"canonical":"https:\/\/koolbeautyparis.fr\/de\/produit\/zinc-sos-blemish-moisturizer\/","og_locale":"de_DE","og_type":"article","og_title":"ZINC SOS BLEMISH MOISTURIZER | Kool Beauty","og_description":"Eine Pflege gegen Hautunreinheiten auf der Basis von konzentriertem Zink, welche R\u00f6tungen, Mitesser und Pickel reduziert. Verfeinert die Poren und reguliert \u00fcbersch\u00fcssigen Talg.","og_url":"https:\/\/koolbeautyparis.fr\/de\/produit\/zinc-sos-blemish-moisturizer\/","og_site_name":"Kool Beauty","article_modified_time":"2026-04-17T16:00:18+00:00","og_image":[{"width":971,"height":1024,"url":"https:\/\/koolbeautyparis.fr\/wp-content\/uploads\/2022\/04\/2002-\u2013-3-971x1024.png","type":"image\/png"}],"twitter_card":"summary_large_image","twitter_misc":{"Gesch\u00e4tzte Lesezeit":"3\u00a0Minuten"},"schema":{"@context":"https:\/\/schema.org","@graph":[{"@type":"WebPage","@id":"https:\/\/koolbeautyparis.fr\/de\/produit\/zinc-sos-blemish-moisturizer\/","url":"https:\/\/koolbeautyparis.fr\/de\/produit\/zinc-sos-blemish-moisturizer\/","name":"ZINC SOS BLEMISH MOISTURIZER | Kool Beauty","isPartOf":{"@id":"https:\/\/koolbeautyparis.fr\/de\/#website"},"primaryImageOfPage":{"@id":"https:\/\/koolbeautyparis.fr\/de\/produit\/zinc-sos-blemish-moisturizer\/#primaryimage"},"image":{"@id":"https:\/\/koolbeautyparis.fr\/de\/produit\/zinc-sos-blemish-moisturizer\/#primaryimage"},"thumbnailUrl":"https:\/\/koolbeautyparis.fr\/wp-content\/uploads\/2022\/04\/2002-\u2013-3-scaled.png","datePublished":"2022-04-12T15:21:31+00:00","dateModified":"2026-04-17T16:00:18+00:00","description":"Eine Pflege gegen Hautunreinheiten auf der Basis von konzentriertem Zink, welche R\u00f6tungen, Mitesser und Pickel reduziert. Verfeinert die Poren und reguliert \u00fcbersch\u00fcssigen Talg.","breadcrumb":{"@id":"https:\/\/koolbeautyparis.fr\/de\/produit\/zinc-sos-blemish-moisturizer\/#breadcrumb"},"inLanguage":"de","potentialAction":[{"@type":"ReadAction","target":["https:\/\/koolbeautyparis.fr\/de\/produit\/zinc-sos-blemish-moisturizer\/"]}]},{"@type":"ImageObject","inLanguage":"de","@id":"https:\/\/koolbeautyparis.fr\/de\/produit\/zinc-sos-blemish-moisturizer\/#primaryimage","url":"https:\/\/koolbeautyparis.fr\/wp-content\/uploads\/2022\/04\/2002-\u2013-3-scaled.png","contentUrl":"https:\/\/koolbeautyparis.fr\/wp-content\/uploads\/2022\/04\/2002-\u2013-3-scaled.png","width":2800,"height":2952},{"@type":"BreadcrumbList","@id":"https:\/\/koolbeautyparis.fr\/de\/produit\/zinc-sos-blemish-moisturizer\/#breadcrumb","itemListElement":[{"@type":"ListItem","position":1,"name":"Accueil","item":"https:\/\/koolbeautyparis.fr\/de\/"},{"@type":"ListItem","position":2,"name":"Shop","item":"https:\/\/koolbeautyparis.fr\/shop\/"},{"@type":"ListItem","position":3,"name":"ZINC SOS BLEMISH MOISTURIZER"}]},{"@type":"WebSite","@id":"https:\/\/koolbeautyparis.fr\/de\/#website","url":"https:\/\/koolbeautyparis.fr\/de\/","name":"Kool Beauty","description":"Produits beaut\u00e9","publisher":{"@id":"https:\/\/koolbeautyparis.fr\/de\/#organization"},"potentialAction":[{"@type":"SearchAction","target":{"@type":"EntryPoint","urlTemplate":"https:\/\/koolbeautyparis.fr\/de\/?s={search_term_string}"},"query-input":{"@type":"PropertyValueSpecification","valueRequired":true,"valueName":"search_term_string"}}],"inLanguage":"de"},{"@type":"Organization","@id":"https:\/\/koolbeautyparis.fr\/de\/#organization","name":"Kool Beauty","url":"https:\/\/koolbeautyparis.fr\/de\/","logo":{"@type":"ImageObject","inLanguage":"de","@id":"https:\/\/koolbeautyparis.fr\/de\/#\/schema\/logo\/image\/","url":"https:\/\/i0.wp.com\/koolbeautyparis.fr\/wp-content\/uploads\/2022\/03\/kool-cover-default.png?fit=1200%2C630&ssl=1","contentUrl":"https:\/\/i0.wp.com\/koolbeautyparis.fr\/wp-content\/uploads\/2022\/03\/kool-cover-default.png?fit=1200%2C630&ssl=1","width":1200,"height":630,"caption":"Kool Beauty"},"image":{"@id":"https:\/\/koolbeautyparis.fr\/de\/#\/schema\/logo\/image\/"}}]}},"_links":{"self":[{"href":"https:\/\/koolbeautyparis.fr\/de\/wp-json\/wp\/v2\/product\/34336"}],"collection":[{"href":"https:\/\/koolbeautyparis.fr\/de\/wp-json\/wp\/v2\/product"}],"about":[{"href":"https:\/\/koolbeautyparis.fr\/de\/wp-json\/wp\/v2\/types\/product"}],"replies":[{"embeddable":true,"href":"https:\/\/koolbeautyparis.fr\/de\/wp-json\/wp\/v2\/comments?post=34336"}],"wp:featuredmedia":[{"embeddable":true,"href":"https:\/\/koolbeautyparis.fr\/de\/wp-json\/wp\/v2\/media\/38227"}],"wp:attachment":[{"href":"https:\/\/koolbeautyparis.fr\/de\/wp-json\/wp\/v2\/media?parent=34336"}],"wp:term":[{"taxonomy":"product_cat","embeddable":true,"href":"https:\/\/koolbeautyparis.fr\/de\/wp-json\/wp\/v2\/product_cat?post=34336"},{"taxonomy":"product_tag","embeddable":true,"href":"https:\/\/koolbeautyparis.fr\/de\/wp-json\/wp\/v2\/product_tag?post=34336"}],"curies":[{"name":"wp","href":"https:\/\/api.w.org\/{rel}","templated":true}]}}