{"id":34327,"date":"2022-04-07T09:41:27","date_gmt":"2022-04-07T07:41:27","guid":{"rendered":"https:\/\/koolbeautyparis.fr\/produit\/page-produit-test-1-copie\/"},"modified":"2026-04-06T17:22:46","modified_gmt":"2026-04-06T15:22:46","slug":"2-niacinamide-stop-blemish-serum-bi-phase","status":"publish","type":"product","link":"https:\/\/koolbeautyparis.fr\/de\/produit\/2-niacinamide-stop-blemish-serum-bi-phase\/","title":{"rendered":"2% NIACINAMIDE STOP BLEMISH SERUM BI-PHASE"},"content":{"rendered":"[vc_row][vc_column][vc_single_image image=&#8221;35500&#8243; img_size=&#8221;2770&#215;217&#8243; alignment=&#8221;center&#8221; el_class=&#8221;gzl-product-specs-desktop&#8221;][vc_single_image image=&#8221;34324&#8243; img_size=&#8221;598&#215;222&#8243; alignment=&#8221;center&#8221; el_class=&#8221;gzl-product-specs-mobile&#8221;][\/vc_column][\/vc_row][vc_row][vc_column][vc_column_text el_class=&#8221;gzl-product-intro&#8221;]\n<h3>Zwei-Phasen-Serum gegen Unreinheiten<\/h3>\n<p>Diese Pflege hilft, Unreinheiten sichtbar zu reduzieren und sorgt in 5 Wochen f\u00fcr eine reine Haut. Es hilft, Mitesser zu reduzieren und macht die Haut weniger fettig. Ihre Haut ist mattiert und gereinigt, die Poren verfeinert und das Hautbild verfeinert.<\/p>\n<p>\u2713 Dermatologisch getestet[\/vc_column_text][vc_tta_accordion c_icon=&#8221;chevron&#8221; c_position=&#8221;right&#8221; active_section=&#8221;&#8221; collapsible_all=&#8221;true&#8221; el_class=&#8221;gzl-product-accordeon&#8221;][vc_tta_section title=&#8221;F\u00dcR WELCHE HAUTTYPEN&#8221; tab_id=&#8221;target&#8221;][vc_column_text]Dieses Serum gegen Hautunreinheiten ist geeignet f\u00fcr :<\/p>\n<ul>\n<li>Alle Hauttypen<\/li>\n<li>Mischhaut bis fettige Haut<\/li>\n<li>Haut mit Unreinheiten<\/li>\n<\/ul>\n[\/vc_column_text][\/vc_tta_section][vc_tta_section title=&#8221;Dr. KOOL-EXPERTISE&#8221; tab_id=&#8221;expertise&#8221;][vc_column_text]\u201eHallo! Hier sind ein paar Tipps, wie Sie Ihre Hautunreinheiten in den Griff bekommen k\u00f6nnen: Zun\u00e4chst einmal empfehle ich Ihnen, Ihre Haut gr\u00fcndlich zu reinigen, um \u00fcbersch\u00fcssigen Talg zu entfernen, der die Poren verstopft. Vergessen Sie nicht, der Haut Feuchtigkeit zuzuf\u00fchren, um sie zu beruhigen und Unreinheiten (R\u00f6tungen, Pickel, Glanz) zu vermeiden. F\u00fchren Sie zudem regelm\u00e4\u00dfig ein sanftes Peeling durch, um Unreinheiten, Staub und die Verschmutzungen des Tages zu entfernen. Last but not least: H\u00e4nde weg von Ihren Pickeln oder Mitessern, denn dies k\u00f6nnte Ihre Haut zus\u00e4tzlich sch\u00e4digen.\u201c <strong> Dr Kool<\/strong>[\/vc_column_text][\/vc_tta_section][vc_tta_section title=&#8221;KUNDENMEINUNG&#8221; tab_id=&#8221;reviews&#8221; el_class=&#8221;gzl-productReviewsBtn&#8221;][\/vc_tta_section][\/vc_tta_accordion][\/vc_column][\/vc_row][vc_row el_class=&#8221;bg-full yellow spacing-lg percents&#8221; css=&#8221;.vc_custom_1711527799165{background-color: #fedd00 !important;}&#8221;][vc_column]\t<div id=\"et-content-carousel-907\" class=\"row et-content-carousel slick slick-slider no-padding  \" data-center=\"\" data-columns=\"3\" data-autoplay=\"\" data-fade=\"false\" data-autoplay-speed=\"\" data-pause=\"\" data-navigation=\"\" data-pagination=\"true\" data-infinite=\"true\">\n\t\t[vc_row_inner][vc_column_inner]\n\t<div id=\"et-counter-69d783122a2c2\" class=\"et-counter animation bottom-to-top counter-color- icon-color- text-color- counter-top\" >\n\t\t\t\t\t<div class=\"counter-container\">\n\t\t\t\t\t\t\t\t\t<div class=\"h1\" data-count=\"100\" data-speed=\"1500\">0<\/div>\n\t\t\t\t\t\t\t\t\t\t\t\t\t<h4>weniger fettige Haut*<\/h4>\n\t\t\t\t\t\t\t<\/div>\n\t\t\t\t\t\t\t\t\t\t<figure>\t\t\t\t\t<span class=\"\"><\/span>\n\t\t\t\t\t\t\t\t\t<\/figure>\n\t\t\t\t\t\t\t\n\t<\/div>\n\t[\/vc_column_inner][\/vc_row_inner][vc_row_inner][vc_column_inner]\n\t<div id=\"et-counter-69d783122a2fa\" class=\"et-counter animation bottom-to-top counter-color- icon-color- text-color- counter-top\" >\n\t\t\t\t\t<div class=\"counter-container\">\n\t\t\t\t\t\t\t\t\t<div class=\"h1\" data-count=\"100\" data-speed=\"1500\">0<\/div>\n\t\t\t\t\t\t\t\t\t\t\t\t\t<h4>Verfeinerte Poren*<\/h4>\n\t\t\t\t\t\t\t<\/div>\n\t\t\t\t\t\t\t\t\t\t<figure>\t\t\t\t\t<span class=\"\"><\/span>\n\t\t\t\t\t\t\t\t\t<\/figure>\n\t\t\t\t\t\t\t\n\t<\/div>\n\t[\/vc_column_inner][\/vc_row_inner][vc_row_inner][vc_column_inner]\n\t<div id=\"et-counter-69d783122a30f\" class=\"et-counter animation bottom-to-top counter-color- icon-color- text-color- counter-top\" >\n\t\t\t\t\t<div class=\"counter-container\">\n\t\t\t\t\t\t\t\t\t<div class=\"h1\" data-count=\"93\" data-speed=\"1500\">0<\/div>\n\t\t\t\t\t\t\t\t\t\t\t\t\t<h4>Reduktion von Mitessern*<\/h4>\n\t\t\t\t\t\t\t<\/div>\n\t\t\t\t\t\t\t\t\t\t<figure>\t\t\t\t\t<span class=\"\"><\/span>\n\t\t\t\t\t\t\t\t\t<\/figure>\n\t\t\t\t\t\t\t\n\t<\/div>\n\t[\/vc_column_inner][\/vc_row_inner]\t<\/div>\n\t\t\n\t[\/vc_column][\/vc_row][vc_row el_class=&#8221;spacing-lg application&#8221;][vc_column][vc_row_inner][vc_column_inner][vc_column_text animation=&#8221;animation bottom-to-top&#8221; css=&#8221;.vc_custom_1652883529172{margin-bottom: 0px !important;}&#8221;]\n<h2 style=\"text-align: center;\"><strong>MORGENS UND ABENDS<\/strong><\/h2>\n[\/vc_column_text][\/vc_column_inner][\/vc_row_inner]\t<div id=\"et-content-carousel-77\" class=\"row et-content-carousel slick slick-slider regular-padding  \" data-center=\"true\" data-columns=\"3\" data-autoplay=\"\" data-fade=\"false\" data-autoplay-speed=\"\" data-pause=\"\" data-navigation=\"\" data-pagination=\"true\" data-infinite=\"\">\n\t\t\r\n\t<div id=\"et-iconbox-998\" class=\"et-iconbox layout-centered icon-style-image-default bottom-spacing-none icon-color- text-color- animation bottom-to-top \"> \r\n\t\t<div class=\"et-icon-inner\">\r\n\t\t\t<figure class=\"et-feature-icon\">\r\n\t\t\t\t\t\t\t\t\t<img decoding=\"async\" src=\"https:\/\/koolbeautyparis.fr\/wp-content\/uploads\/2022\/04\/Coton-visage-1.jpg\" alt=\"\" \/>\r\n\t\t\t\t\t\t\t<\/figure>\r\n\t\t\t<div class=\"et-feature-content\"> \r\n\t\t\t\t\t\t\t\t\t\t\t\t<div class=\"wpb_text_column\"><h4 style=\"text-align: center;\">Schritt 1<\/h4>\n<p style=\"text-align: center;\"><span style=\"font-weight: 400;\">Entfernen Sie Make-up und reinigen Sie Ihre Haut gr\u00fcndlich<\/span><\/p>\n<\/div>\r\n\t\t\t\t\t\t\t<\/div>\r\n\t\t<\/div>\r\n\t<\/div>\r\n\r\n\t\r\n\t<div id=\"et-iconbox-462\" class=\"et-iconbox layout-centered icon-style-image-default bottom-spacing-none icon-color- text-color- animation bottom-to-top \"> \r\n\t\t<div class=\"et-icon-inner\">\r\n\t\t\t<figure class=\"et-feature-icon\">\r\n\t\t\t\t\t\t\t\t\t<img decoding=\"async\" src=\"https:\/\/koolbeautyparis.fr\/wp-content\/uploads\/2022\/04\/mixologie-2001-1.jpg\" alt=\"\" \/>\r\n\t\t\t\t\t\t\t<\/figure>\r\n\t\t\t<div class=\"et-feature-content\"> \r\n\t\t\t\t\t\t\t\t\t\t\t\t<div class=\"wpb_text_column\"><h4 style=\"text-align: center;\">Schritt 2<\/h4>\n<p style=\"text-align: center;\"><span style=\"font-weight: 400;\">Sch\u00fctteln Sie Ihr 2% Niacinamide Stop Blemish Serum Bi-Phase vor der Anwendung und tragen Sie es lokal oder auf das gesamte Gesicht unter Aussparung der Augenpartie auf <\/span><\/p>\n<\/div>\r\n\t\t\t\t\t\t\t<\/div>\r\n\t\t<\/div>\r\n\t<\/div>\r\n\r\n\t\r\n\t<div id=\"et-iconbox-41\" class=\"et-iconbox layout-centered icon-style-image-default bottom-spacing-none icon-color- text-color- animation bottom-to-top \"> \r\n\t\t<div class=\"et-icon-inner\">\r\n\t\t\t<figure class=\"et-feature-icon\">\r\n\t\t\t\t\t\t\t\t\t<img decoding=\"async\" src=\"https:\/\/koolbeautyparis.fr\/wp-content\/uploads\/2022\/04\/Creme-blanche-1.jpg\" alt=\"\" \/>\r\n\t\t\t\t\t\t\t<\/figure>\r\n\t\t\t<div class=\"et-feature-content\"> \r\n\t\t\t\t\t\t\t\t\t\t\t\t<div class=\"wpb_text_column\"><h4 style=\"text-align: center;\">Schritt 3<\/h4>\n<p style=\"text-align: center;\"><span style=\"font-weight: 400;\">Tragen Sie Ihre\u00a0<a href=\"https:\/\/koolbeautyparis.fr\/de\/produit\/zinc-sos-blemish-moisturizer\/\"> Zinc SOS Blemish Moisturizer Creme<\/a> auf<\/span><\/p>\n<\/div>\r\n\t\t\t\t\t\t\t<\/div>\r\n\t\t<\/div>\r\n\t<\/div>\r\n\r\n\t\t<\/div>\n\t\t\n\t[\/vc_column][\/vc_row]\n","protected":false},"excerpt":{"rendered":"<p>Dieses Zwei-Phasen-Gesichtsserum enth\u00e4lt 2% Niacinamid. Es hilft, Pickel und R\u00f6tungen zu reduzieren. Unreinheiten werden gemildert, um einen sichtbar ebenm\u00e4\u00dfigeren Teint zu zeigen. Tragen Sie es lokal oder auf das gesamte Gesicht unter Ihrer Tages-\/Nachtpflege auf. Vor Gebrauch sch\u00fctteln. Nicht im Augenbereich anwenden.<\/p>\n<p>MADE IN FRANCE.<\/p>\n<p>Ref. [wcj_product_sku] \u00b7 20ml \u00b7 0.60 Oz. Net Wt.<\/p>\n","protected":false},"featured_media":38786,"comment_status":"open","ping_status":"closed","template":"","meta":[],"product_cat":[1554],"product_tag":[],"yoast_head":"<!-- This site is optimized with the Yoast SEO plugin v23.5 - https:\/\/yoast.com\/wordpress\/plugins\/seo\/ -->\n<title>2% NIACINAMIDE STOP BLEMISH SERUM BI-PHASE | Kool Beauty<\/title>\n<meta name=\"robots\" content=\"index, follow, max-snippet:-1, max-image-preview:large, max-video-preview:-1\" \/>\n<link rel=\"canonical\" href=\"https:\/\/koolbeautyparis.fr\/de\/produit\/2-niacinamide-stop-blemish-serum-bi-phase\/\" \/>\n<meta property=\"og:locale\" content=\"de_DE\" \/>\n<meta property=\"og:type\" content=\"article\" \/>\n<meta property=\"og:title\" content=\"2% NIACINAMIDE STOP BLEMISH SERUM BI-PHASE | Kool Beauty\" \/>\n<meta property=\"og:description\" content=\"Dieses Zwei-Phasen-Gesichtsserum enth\u00e4lt 2% Niacinamid. Es hilft, Pickel und R\u00f6tungen zu reduzieren. Unreinheiten werden gemildert, um einen sichtbar ebenm\u00e4\u00dfigeren Teint zu zeigen. Tragen Sie es lokal oder auf das gesamte Gesicht unter Ihrer Tages-\/Nachtpflege auf. Vor Gebrauch sch\u00fctteln. Nicht im Augenbereich anwenden.  MADE IN FRANCE.  Ref. \u00b7 20ml \u00b7 0.60 Oz. Net Wt.\" \/>\n<meta property=\"og:url\" content=\"https:\/\/koolbeautyparis.fr\/de\/produit\/2-niacinamide-stop-blemish-serum-bi-phase\/\" \/>\n<meta property=\"og:site_name\" content=\"Kool Beauty\" \/>\n<meta property=\"article:modified_time\" content=\"2026-04-06T15:22:46+00:00\" \/>\n<meta property=\"og:image\" content=\"https:\/\/koolbeautyparis.fr\/wp-content\/uploads\/2022\/04\/2001-\u2013-4-971x1024.png\" \/>\n\t<meta property=\"og:image:width\" content=\"971\" \/>\n\t<meta property=\"og:image:height\" content=\"1024\" \/>\n\t<meta property=\"og:image:type\" content=\"image\/png\" \/>\n<meta name=\"twitter:card\" content=\"summary_large_image\" \/>\n<meta name=\"twitter:label1\" content=\"Gesch\u00e4tzte Lesezeit\" \/>\n\t<meta name=\"twitter:data1\" content=\"3\u00a0Minuten\" \/>\n<script type=\"application\/ld+json\" class=\"yoast-schema-graph\">{\"@context\":\"https:\/\/schema.org\",\"@graph\":[{\"@type\":\"WebPage\",\"@id\":\"https:\/\/koolbeautyparis.fr\/de\/produit\/2-niacinamide-stop-blemish-serum-bi-phase\/\",\"url\":\"https:\/\/koolbeautyparis.fr\/de\/produit\/2-niacinamide-stop-blemish-serum-bi-phase\/\",\"name\":\"2% NIACINAMIDE STOP BLEMISH SERUM BI-PHASE | Kool Beauty\",\"isPartOf\":{\"@id\":\"https:\/\/koolbeautyparis.fr\/de\/#website\"},\"primaryImageOfPage\":{\"@id\":\"https:\/\/koolbeautyparis.fr\/de\/produit\/2-niacinamide-stop-blemish-serum-bi-phase\/#primaryimage\"},\"image\":{\"@id\":\"https:\/\/koolbeautyparis.fr\/de\/produit\/2-niacinamide-stop-blemish-serum-bi-phase\/#primaryimage\"},\"thumbnailUrl\":\"https:\/\/koolbeautyparis.fr\/wp-content\/uploads\/2022\/04\/2001-\u2013-4-scaled.png\",\"datePublished\":\"2022-04-07T07:41:27+00:00\",\"dateModified\":\"2026-04-06T15:22:46+00:00\",\"breadcrumb\":{\"@id\":\"https:\/\/koolbeautyparis.fr\/de\/produit\/2-niacinamide-stop-blemish-serum-bi-phase\/#breadcrumb\"},\"inLanguage\":\"de\",\"potentialAction\":[{\"@type\":\"ReadAction\",\"target\":[\"https:\/\/koolbeautyparis.fr\/de\/produit\/2-niacinamide-stop-blemish-serum-bi-phase\/\"]}]},{\"@type\":\"ImageObject\",\"inLanguage\":\"de\",\"@id\":\"https:\/\/koolbeautyparis.fr\/de\/produit\/2-niacinamide-stop-blemish-serum-bi-phase\/#primaryimage\",\"url\":\"https:\/\/koolbeautyparis.fr\/wp-content\/uploads\/2022\/04\/2001-\u2013-4-scaled.png\",\"contentUrl\":\"https:\/\/koolbeautyparis.fr\/wp-content\/uploads\/2022\/04\/2001-\u2013-4-scaled.png\",\"width\":2800,\"height\":2952},{\"@type\":\"BreadcrumbList\",\"@id\":\"https:\/\/koolbeautyparis.fr\/de\/produit\/2-niacinamide-stop-blemish-serum-bi-phase\/#breadcrumb\",\"itemListElement\":[{\"@type\":\"ListItem\",\"position\":1,\"name\":\"Accueil\",\"item\":\"https:\/\/koolbeautyparis.fr\/de\/\"},{\"@type\":\"ListItem\",\"position\":2,\"name\":\"Shop\",\"item\":\"https:\/\/koolbeautyparis.fr\/shop\/\"},{\"@type\":\"ListItem\",\"position\":3,\"name\":\"2% NIACINAMIDE STOP BLEMISH SERUM BI-PHASE\"}]},{\"@type\":\"WebSite\",\"@id\":\"https:\/\/koolbeautyparis.fr\/de\/#website\",\"url\":\"https:\/\/koolbeautyparis.fr\/de\/\",\"name\":\"Kool Beauty\",\"description\":\"Produits beaut\u00e9\",\"publisher\":{\"@id\":\"https:\/\/koolbeautyparis.fr\/de\/#organization\"},\"potentialAction\":[{\"@type\":\"SearchAction\",\"target\":{\"@type\":\"EntryPoint\",\"urlTemplate\":\"https:\/\/koolbeautyparis.fr\/de\/?s={search_term_string}\"},\"query-input\":{\"@type\":\"PropertyValueSpecification\",\"valueRequired\":true,\"valueName\":\"search_term_string\"}}],\"inLanguage\":\"de\"},{\"@type\":\"Organization\",\"@id\":\"https:\/\/koolbeautyparis.fr\/de\/#organization\",\"name\":\"Kool Beauty\",\"url\":\"https:\/\/koolbeautyparis.fr\/de\/\",\"logo\":{\"@type\":\"ImageObject\",\"inLanguage\":\"de\",\"@id\":\"https:\/\/koolbeautyparis.fr\/de\/#\/schema\/logo\/image\/\",\"url\":\"https:\/\/i0.wp.com\/koolbeautyparis.fr\/wp-content\/uploads\/2022\/03\/kool-cover-default.png?fit=1200%2C630&ssl=1\",\"contentUrl\":\"https:\/\/i0.wp.com\/koolbeautyparis.fr\/wp-content\/uploads\/2022\/03\/kool-cover-default.png?fit=1200%2C630&ssl=1\",\"width\":1200,\"height\":630,\"caption\":\"Kool Beauty\"},\"image\":{\"@id\":\"https:\/\/koolbeautyparis.fr\/de\/#\/schema\/logo\/image\/\"}}]}<\/script>\n<!-- \/ Yoast SEO plugin. -->","yoast_head_json":{"title":"2% NIACINAMIDE STOP BLEMISH SERUM BI-PHASE | Kool Beauty","robots":{"index":"index","follow":"follow","max-snippet":"max-snippet:-1","max-image-preview":"max-image-preview:large","max-video-preview":"max-video-preview:-1"},"canonical":"https:\/\/koolbeautyparis.fr\/de\/produit\/2-niacinamide-stop-blemish-serum-bi-phase\/","og_locale":"de_DE","og_type":"article","og_title":"2% NIACINAMIDE STOP BLEMISH SERUM BI-PHASE | Kool Beauty","og_description":"Dieses Zwei-Phasen-Gesichtsserum enth\u00e4lt 2% Niacinamid. Es hilft, Pickel und R\u00f6tungen zu reduzieren. Unreinheiten werden gemildert, um einen sichtbar ebenm\u00e4\u00dfigeren Teint zu zeigen. Tragen Sie es lokal oder auf das gesamte Gesicht unter Ihrer Tages-\/Nachtpflege auf. Vor Gebrauch sch\u00fctteln. Nicht im Augenbereich anwenden.  MADE IN FRANCE.  Ref. \u00b7 20ml \u00b7 0.60 Oz. Net Wt.","og_url":"https:\/\/koolbeautyparis.fr\/de\/produit\/2-niacinamide-stop-blemish-serum-bi-phase\/","og_site_name":"Kool Beauty","article_modified_time":"2026-04-06T15:22:46+00:00","og_image":[{"width":971,"height":1024,"url":"https:\/\/koolbeautyparis.fr\/wp-content\/uploads\/2022\/04\/2001-\u2013-4-971x1024.png","type":"image\/png"}],"twitter_card":"summary_large_image","twitter_misc":{"Gesch\u00e4tzte Lesezeit":"3\u00a0Minuten"},"schema":{"@context":"https:\/\/schema.org","@graph":[{"@type":"WebPage","@id":"https:\/\/koolbeautyparis.fr\/de\/produit\/2-niacinamide-stop-blemish-serum-bi-phase\/","url":"https:\/\/koolbeautyparis.fr\/de\/produit\/2-niacinamide-stop-blemish-serum-bi-phase\/","name":"2% NIACINAMIDE STOP BLEMISH SERUM BI-PHASE | Kool Beauty","isPartOf":{"@id":"https:\/\/koolbeautyparis.fr\/de\/#website"},"primaryImageOfPage":{"@id":"https:\/\/koolbeautyparis.fr\/de\/produit\/2-niacinamide-stop-blemish-serum-bi-phase\/#primaryimage"},"image":{"@id":"https:\/\/koolbeautyparis.fr\/de\/produit\/2-niacinamide-stop-blemish-serum-bi-phase\/#primaryimage"},"thumbnailUrl":"https:\/\/koolbeautyparis.fr\/wp-content\/uploads\/2022\/04\/2001-\u2013-4-scaled.png","datePublished":"2022-04-07T07:41:27+00:00","dateModified":"2026-04-06T15:22:46+00:00","breadcrumb":{"@id":"https:\/\/koolbeautyparis.fr\/de\/produit\/2-niacinamide-stop-blemish-serum-bi-phase\/#breadcrumb"},"inLanguage":"de","potentialAction":[{"@type":"ReadAction","target":["https:\/\/koolbeautyparis.fr\/de\/produit\/2-niacinamide-stop-blemish-serum-bi-phase\/"]}]},{"@type":"ImageObject","inLanguage":"de","@id":"https:\/\/koolbeautyparis.fr\/de\/produit\/2-niacinamide-stop-blemish-serum-bi-phase\/#primaryimage","url":"https:\/\/koolbeautyparis.fr\/wp-content\/uploads\/2022\/04\/2001-\u2013-4-scaled.png","contentUrl":"https:\/\/koolbeautyparis.fr\/wp-content\/uploads\/2022\/04\/2001-\u2013-4-scaled.png","width":2800,"height":2952},{"@type":"BreadcrumbList","@id":"https:\/\/koolbeautyparis.fr\/de\/produit\/2-niacinamide-stop-blemish-serum-bi-phase\/#breadcrumb","itemListElement":[{"@type":"ListItem","position":1,"name":"Accueil","item":"https:\/\/koolbeautyparis.fr\/de\/"},{"@type":"ListItem","position":2,"name":"Shop","item":"https:\/\/koolbeautyparis.fr\/shop\/"},{"@type":"ListItem","position":3,"name":"2% NIACINAMIDE STOP BLEMISH SERUM BI-PHASE"}]},{"@type":"WebSite","@id":"https:\/\/koolbeautyparis.fr\/de\/#website","url":"https:\/\/koolbeautyparis.fr\/de\/","name":"Kool Beauty","description":"Produits beaut\u00e9","publisher":{"@id":"https:\/\/koolbeautyparis.fr\/de\/#organization"},"potentialAction":[{"@type":"SearchAction","target":{"@type":"EntryPoint","urlTemplate":"https:\/\/koolbeautyparis.fr\/de\/?s={search_term_string}"},"query-input":{"@type":"PropertyValueSpecification","valueRequired":true,"valueName":"search_term_string"}}],"inLanguage":"de"},{"@type":"Organization","@id":"https:\/\/koolbeautyparis.fr\/de\/#organization","name":"Kool Beauty","url":"https:\/\/koolbeautyparis.fr\/de\/","logo":{"@type":"ImageObject","inLanguage":"de","@id":"https:\/\/koolbeautyparis.fr\/de\/#\/schema\/logo\/image\/","url":"https:\/\/i0.wp.com\/koolbeautyparis.fr\/wp-content\/uploads\/2022\/03\/kool-cover-default.png?fit=1200%2C630&ssl=1","contentUrl":"https:\/\/i0.wp.com\/koolbeautyparis.fr\/wp-content\/uploads\/2022\/03\/kool-cover-default.png?fit=1200%2C630&ssl=1","width":1200,"height":630,"caption":"Kool Beauty"},"image":{"@id":"https:\/\/koolbeautyparis.fr\/de\/#\/schema\/logo\/image\/"}}]}},"_links":{"self":[{"href":"https:\/\/koolbeautyparis.fr\/de\/wp-json\/wp\/v2\/product\/34327"}],"collection":[{"href":"https:\/\/koolbeautyparis.fr\/de\/wp-json\/wp\/v2\/product"}],"about":[{"href":"https:\/\/koolbeautyparis.fr\/de\/wp-json\/wp\/v2\/types\/product"}],"replies":[{"embeddable":true,"href":"https:\/\/koolbeautyparis.fr\/de\/wp-json\/wp\/v2\/comments?post=34327"}],"wp:featuredmedia":[{"embeddable":true,"href":"https:\/\/koolbeautyparis.fr\/de\/wp-json\/wp\/v2\/media\/38786"}],"wp:attachment":[{"href":"https:\/\/koolbeautyparis.fr\/de\/wp-json\/wp\/v2\/media?parent=34327"}],"wp:term":[{"taxonomy":"product_cat","embeddable":true,"href":"https:\/\/koolbeautyparis.fr\/de\/wp-json\/wp\/v2\/product_cat?post=34327"},{"taxonomy":"product_tag","embeddable":true,"href":"https:\/\/koolbeautyparis.fr\/de\/wp-json\/wp\/v2\/product_tag?post=34327"}],"curies":[{"name":"wp","href":"https:\/\/api.w.org\/{rel}","templated":true}]}}