{"id":35280,"date":"2019-10-24T00:57:41","date_gmt":"2019-10-24T00:57:41","guid":{"rendered":"https:\/\/koolbeautyparis.fr\/mentions-legales\/"},"modified":"2022-05-12T16:37:57","modified_gmt":"2022-05-12T14:37:57","slug":"mentions-legales","status":"publish","type":"page","link":"https:\/\/koolbeautyparis.fr\/de\/mentions-legales\/","title":{"rendered":"Rechtshinweise"},"content":{"rendered":"[vc_row][vc_column][vc_empty_space][vc_column_text]\r\n<h2><span class=\"has-inline-color\" style=\"color: #fedd00;\">Rechtshinweise<\/span><\/h2>\r\n<!-- \/wp:heading -->\r\n<p><!-- wp:paragraph -->Die Website www.koolbeautyparis.fr wird von der Firma INTERPRESTIGE mit einem Stammkapital von 200.000 \u20ac herausgegeben und betrieben, deren Hauptsitz sich in 10 Place Vend\u00f4me, 75001 Paris &#8211; FRANKREICH befindet. Eingetragen im Pariser Handels- und Gesellschaftsregister unter der Nummer 387 635 790 RC.<\/p>\r\n<!-- \/wp:paragraph -->\r\n<p><!-- wp:paragraph -->KONTAKT: Unser Kundenservice ist erreichbar per E-Mail an die Adresse contact@koolbeautyparis.fr , per Telefon oder per Post: 10 Place Vend\u00f4me, 75001 Paris &#8211; FRANCE.<\/p>\r\n<!-- \/wp:paragraph -->\r\n<p><!-- wp:paragraph -->Gesetzlicher Vertreter: KOOL BEAUTY<\/p>\r\n<!-- \/wp:paragraph -->\r\n<p><!-- wp:paragraph -->Umsatzsteuer-Identifikationsnummer: FR87387635790<\/p>\r\n<!-- \/wp:paragraph -->\r\n<p><!-- wp:paragraph -->Erstellung der Website:<a href=\"https:\/\/www.gazellecommunication.fr\/\"> Gazelle Communication<\/a><\/p>\r\n<!-- \/wp:paragraph -->\r\n<p><!-- wp:paragraph -->\u00a9INTERPRESTIGE: Alle Vervielf\u00e4ltigungs-, \u00dcbersetzungs- und Anpassungsrechte f\u00fcr alle L\u00e4nder vorbehalten. Das Gesetz vom 11. M\u00e4rz 1957 verbietet Kopien oder Vervielf\u00e4ltigungen, die f\u00fcr andere Zwecke bestimmt sind als die, die dem Kopierer vorbehalten sind, sowie jede vollst\u00e4ndige oder teilweise Vervielf\u00e4ltigung, die auf irgendeine Weise ohne Zustimmung des Urhebers oder seiner Rechtsnachfolger angefertigt wurde und stellt einen Versto\u00df dar, der nach Artikel 425 ff. des Strafgesetzbuches geahndet wird.<\/p>\r\n<p><!-- \/wp:paragraph -->\u00a0<\/p>\r\n<!-- wp:heading {\"level\":4} -->\r\n<h4><span class=\"has-inline-color\" style=\"color: #fedd00;\">PERSONENBEZOGENE DATEN &#8211; DATENSCHUTZRICHTLINIE<\/span><\/h4>\r\n<!-- \/wp:heading -->\r\n<p><!-- wp:paragraph -->Die Sie betreffenden erhobenen Daten werden f\u00fcr das Unternehmen INTERPRESTIGE mit dem Hauptsitz in 10 Place Vend\u00f4me, 75001 Paris \u2013 FRANKREICH verarbeitet. Die Gesellschaft INTERPRESTIGE ist der einzige Empf\u00e4nger der erhobenen Informationen, die \u00fcber die Dauer der T\u00e4tigkeit unserer Gesellschaft aufbewahrt werden. Gem\u00e4\u00df Artikel 13 der Europ\u00e4ischen Verordnung \u00fcber die Verarbeitung personenbezogener Daten vom 27. April 2016 haben Sie das Recht, Ihre Einwilligung jederzeit zu widerrufen, ein Recht auf Auskunft \u00fcber Ihre personenbezogenen Daten, ein Recht auf Berichtigung der f\u00fcr den Fall, dass diese Daten nicht korrekt oder unvollst\u00e4ndig sind, sowie ein Recht auf \u00dcbertragbarkeit Ihrer Daten.<\/p>\r\n<!-- \/wp:paragraph -->\r\n<p><!-- wp:paragraph -->Sie haben das Recht, die schnellstm\u00f6gliche L\u00f6schung Ihrer Daten zu beantragen, sofern einer der folgenden Gr\u00fcnde besteht:<\/p>\r\n<!-- \/wp:paragraph -->\r\n<p><!-- wp:paragraph -->Personenbezogene Daten sind f\u00fcr die Zwecke, f\u00fcr die sie erhoben wurden oder auf sonstige Weise verarbeitet wurden, nicht mehr notwendig. Nach Aus\u00fcbung Ihres Widerrufsrechts und wenn keine anderweitige Rechtsgrundlage f\u00fcr die Verarbeitung vorliegt. Nach Inanspruchnahme Ihres Widerspruchsrechts und wenn keine berechtigten Gr\u00fcnde f\u00fcr die Fortf\u00fchrung der Verarbeitung vorliegen. Nach rechtswidriger Verarbeitung Ihrer Daten. Aufgrund einer Bestimmung des Unionsrechts oder des franz\u00f6sischen Rechts.<\/p>\r\n<!-- \/wp:paragraph -->\r\n<p><!-- wp:paragraph -->Ebenso haben Sie das Recht, unter den folgenden Voraussetzungen die Einschr\u00e4nkung der Verarbeitung zu verlangen:<\/p>\r\n<!-- \/wp:paragraph -->\r\n<p><!-- wp:paragraph -->Wenn Sie die Richtigkeit der erhobenen Daten bestreiten und f\u00fcr einen Zeitraum, der es unserem Unternehmen erm\u00f6glicht, die Richtigkeit dieser Daten zu \u00fcberpr\u00fcfen. Im Falle einer unrechtm\u00e4\u00dfigen Verarbeitung der Daten und wenn Sie deren L\u00f6schung ablehnen und stattdessen die Einschr\u00e4nkung der Nutzung beantragen. Wenn unser Unternehmen die Daten f\u00fcr die Zwecke der Verarbeitung nicht l\u00e4nger ben\u00f6tigt, sie jedoch zur Geltendmachung, Aus\u00fcbung oder Verteidigung von Rechtsanspr\u00fcchen erforderlich sind. Wenn Sie der Verarbeitung widersprechen, w\u00e4hrend gepr\u00fcft wird, ob die von unserem Unternehmen verfolgten berechtigten Gr\u00fcnde gegen\u00fcber den Ihrigen Vorrang haben.<\/p>\r\n<!-- \/wp:paragraph -->\r\n<p><!-- wp:paragraph -->Schlie\u00dflich k\u00f6nnen Sie der Verarbeitung der Sie betreffenden Daten aus Gr\u00fcnden, die sich aus Ihrer besonderen Situation ergeben, widersprechen. In diesem Fall wird unser Unternehmen Ihre Daten nicht l\u00e4nger verarbeiten, es sei denn, es kann belegen, dass berechtigte und zwingende Gr\u00fcnde f\u00fcr die Verarbeitung vorliegen, die gegen\u00fcber Ihren Interessen, Rechten und Freiheiten Vorrang haben oder zur Wahrnehmung, Aus\u00fcbung oder Verteidigung von Rechtsanspr\u00fcchen.<\/p>\r\n<!-- \/wp:paragraph -->\r\n<p><!-- wp:paragraph -->In jedem Fall muss Ihre Anfrage per Post an unser Unternehmen, an die folgende Anschrift, gerichtet werden:<\/p>\r\n<!-- \/wp:paragraph -->\r\n<p><!-- wp:paragraph -->INTERPRESTIGE &#8211; 10 Place Vend\u00f4me, 75001 Paris &#8211; FRANCE<\/p>\r\n<!-- \/wp:paragraph -->\r\n<p><!-- wp:paragraph -->Oder per E-Mail an die folgende Adresse: contact@koolbeautyparis.fr<\/p>\r\n<!-- \/wp:paragraph -->\r\n<p><!-- wp:paragraph -->Sie haben die M\u00f6glichkeit, bei einer Aufsichtsbeh\u00f6rde Beschwerde einzulegen.<\/p>\r\n<p><!-- \/wp:paragraph -->\u00a0<\/p>\r\n<!-- wp:heading {\"level\":4} -->\r\n<h4><span class=\"has-inline-color\" style=\"color: #fedd00;\">COOKIES<\/span><\/h4>\r\n<!-- \/wp:heading -->\r\n<p><!-- wp:paragraph -->Um das ordnungsgem\u00e4\u00dfe Funktion dieser Website zu gew\u00e4hrleisten, m\u00fcssen wir mitunter kleinere Dateien auf den Endger\u00e4ten unserer Benutzer speichern. Die meisten Websites tun dies ebenfalls.<\/p>\r\n<!-- \/wp:paragraph -->\r\n<p><!-- wp:paragraph -->Ein Cookie ist eine kleine Textdatei, die Websites w\u00e4hrend des Surfens auf Ihrem Computer oder Mobilger\u00e4t speichern. Es erm\u00f6glicht diesen Internetseiten, Ihre Aktionen und Pr\u00e4ferenzen (Benutzername, Sprache, Schriftgr\u00f6\u00dfe und andere Anzeigeparameter) f\u00fcr eine bestimmte Zeit zu speichern, sodass Sie diese Informationen nicht jedes Mal angeben m\u00fcssen, wenn Sie diese Seiten erneut aufrufen oder von einer Seite zur n\u00e4chsten navigieren.<\/p>\r\n<p><!-- \/wp:paragraph -->\u00a0<\/p>\r\n<!-- wp:heading {\"level\":4} -->\r\n<h4><span class=\"has-inline-color\" style=\"color: #fedd00;\">WIE VERWENDEN WIR COOKIES ?<\/span><\/h4>\r\n<!-- \/wp:heading -->\r\n<p><!-- wp:paragraph -->Unsere Website verwendet Cookies, die f\u00fcr ihre ordnungsgem\u00e4\u00dfe Funktion unerl\u00e4sslich sind. Diese erm\u00f6glichen es uns, Ihr Surferlebnis zu verbessern. Diese Cookies k\u00f6nnen zum Beispiel verwendet werden, um (nicht ersch\u00f6pfende Liste): Ihre Pr\u00e4ferenzen in Bezug auf die zu autorisierenden Cookies zu speichern, die Sprache Ihrer Wahl zu speichern, um den relevanten Inhalt anzuzeigen, Ihr Benutzerkonto angemeldet zu lassen, um Ihnen die Navigation bei Ihrem n\u00e4chsten Besuch zu erleichtern &#8230;<\/p>\r\n<!-- \/wp:paragraph -->\r\n<p><!-- wp:paragraph -->Dar\u00fcber hinaus erm\u00f6glichen uns vollst\u00e4ndig optionale Cookies (\u00fcber die Sie informiert werden und die Sie von Fall zu Fall akzeptieren oder ablehnen k\u00f6nnen), anonyme Browserdaten zu sammeln. So k\u00f6nnen wir das Publikum unserer Website, Seitenaufrufe und eventuelle Fehler messen, um die Benutzererfahrung st\u00e4ndig zu verbessern. Die in diesen Cookies enthaltenen Informationen dienen nicht dazu, Sie pers\u00f6nlich zu identifizieren, zudem verf\u00fcgen wir \u00fcber die volle Kontrolle \u00fcber diese Daten. Diese Cookies werden keinesfalls f\u00fcr andere als die hier angegebenen Zwecke verwendet.<\/p>\r\n<p><!-- \/wp:paragraph -->\u00a0<\/p>\r\n<!-- wp:heading {\"level\":4} -->\r\n<h4><span class=\"has-inline-color\" style=\"color: #fedd00;\">WIE KANN MAN COOKIES KONTROLLIEREN ?<\/span><\/h4>\r\n<!-- \/wp:heading -->\r\n<p><!-- wp:paragraph -->Sie k\u00f6nnen Cookies nach Belieben kontrollieren und\/oder l\u00f6schen.<\/p>\r\n<!-- \/wp:paragraph -->\r\n<p><!-- wp:paragraph -->Sie k\u00f6nnen alle bereits auf Ihrem Computer gespeicherten Cookies l\u00f6schen und die meisten Browser so konfigurieren, dass Cookies blockiert werden. In diesem Fall m\u00fcssen Sie jedoch bei jedem Besuch einer Website eventuell selbst bestimmte Einstellungen festlegen, und einige Dienste und Funktionen sind m\u00f6glicherweise gar nicht zug\u00e4nglich.<\/p>\r\n<!-- \/wp:paragraph -->\r\n<p><!-- wp:paragraph -->Dar\u00fcber hinaus ist unsere Seite mit einem integrierten Cookie-Management-Panel ausgestattet. Auf diese Weise k\u00f6nnen Sie Ihre Pr\u00e4ferenzen in Bezug auf die auf unserer Website verwendeten Cookies frei definieren (alle Cookies akzeptieren, alle nicht unbedingt erforderlichen Cookies ablehnen, von Fall zu Fall ausw\u00e4hlen, welche Cookies Sie akzeptieren \/ ablehnen).<\/p>\r\n<!-- \/wp:paragraph -->\r\n<p><!-- wp:paragraph -->Um auf das Cookie-Management-Panel zuzugreifen, k\u00f6nnen Sie :<\/p>\r\n<p><!-- \/wp:paragraph -->\u00a0<\/p>\r\n<!-- wp:list -->\r\n<ul>\r\n<li><a href=\"https:\/\/www.christian-breton.fr\/de\/mentions-legales\/#cookies\" rel=\"nofollow\">Das Panel direkt \u00f6ffnen (klicken Sie auf diesen Text),<\/a><\/li>\r\n<li>&#8220;#cookies&#8221; am Ende einer beliebigen URL (Webadresse) der aktuellen Website hinzuf\u00fcgen,<\/li>\r\n<li>Auf die Schaltfl\u00e4che \u201ePersonalisieren\u201c im Cookie-Banner am unteren Bildschirmrand klicken, bevor Sie Ihre Pr\u00e4ferenzen bez\u00fcglich der zu verwendeten Cookies erfasst haben.<\/li>\r\n<\/ul>\r\n<!-- \/wp:list -->\r\n<p><!-- wp:paragraph -->Wenn das Cookie-Banner aktuell nicht unten auf der Seite angezeigt wird, bedeutet dies, dass Sie bereits damit interagiert und Ihre Einstellungen verwaltet haben. Das Tool bleibt jedoch jederzeit f\u00fcr Sie zug\u00e4nglich, indem Sie die obigen Anweisungen befolgen.<\/p>\r\n<p><!-- \/wp:paragraph -->\u00a0<\/p>\r\n<!-- wp:separator {\"color\":\"gutenberg-gray\",\"className\":\"is-style-wide\"} --><hr class=\"wp-block-separator has-text-color has-background has-gutenberg-gray-background-color has-gutenberg-gray-color is-style-wide\" \/><!-- \/wp:separator -->\r\n<p><!-- wp:paragraph --><em>Seite aktualisiert am 12\/05\/2022<\/em><\/p>\r\n<p><!-- \/wp:paragraph -->\u00a0<\/p>\r\n[\/vc_column_text][\/vc_column][\/vc_row]","protected":false},"excerpt":{"rendered":"<p>[vc_row][vc_column][vc_empty_space][vc_column_text] Rechtshinweise Die Website www.koolbeautyparis.fr wird von der Firma INTERPRESTIGE mit einem Stammkapital von 200.000 \u20ac herausgegeben und betrieben, deren Hauptsitz sich in 10 Place Vend\u00f4me, 75001 Paris &#8211; FRANKREICH befindet. Eingetragen im Pariser Handels- und Gesellschaftsregister unter der Nummer 387 635 790 RC. KONTAKT: Unser Kundenservice ist erreichbar per&hellip;<\/p>\n","protected":false},"author":2,"featured_media":0,"parent":0,"menu_order":0,"comment_status":"closed","ping_status":"closed","template":"","meta":{"footnotes":""},"yoast_head":"<!-- This site is optimized with the Yoast SEO plugin v23.5 - https:\/\/yoast.com\/wordpress\/plugins\/seo\/ -->\n<title>Mentions L\u00e9gales | Kool Beauty<\/title>\n<meta name=\"description\" content=\"Notre mention l\u00e9gale contient tous les d\u00e9tails des politiques de confidentialit\u00e9 et l&#039;utilisation des cookies\" \/>\n<meta name=\"robots\" content=\"index, follow, max-snippet:-1, max-image-preview:large, max-video-preview:-1\" \/>\n<link rel=\"canonical\" href=\"https:\/\/koolbeautyparis.fr\/de\/mentions-legales\/\" \/>\n<meta property=\"og:locale\" content=\"de_DE\" \/>\n<meta property=\"og:type\" content=\"article\" \/>\n<meta property=\"og:title\" content=\"Mentions L\u00e9gales | Kool Beauty\" \/>\n<meta property=\"og:description\" content=\"Notre mention l\u00e9gale contient tous les d\u00e9tails des politiques de confidentialit\u00e9 et l&#039;utilisation des cookies\" \/>\n<meta property=\"og:url\" content=\"https:\/\/koolbeautyparis.fr\/de\/mentions-legales\/\" \/>\n<meta property=\"og:site_name\" content=\"Kool Beauty\" \/>\n<meta property=\"article:modified_time\" content=\"2022-05-12T14:37:57+00:00\" \/>\n<meta name=\"twitter:card\" content=\"summary_large_image\" \/>\n<meta name=\"twitter:label1\" content=\"Gesch\u00e4tzte Lesezeit\" \/>\n\t<meta name=\"twitter:data1\" content=\"5\u00a0Minuten\" \/>\n<script type=\"application\/ld+json\" class=\"yoast-schema-graph\">{\"@context\":\"https:\/\/schema.org\",\"@graph\":[{\"@type\":\"WebPage\",\"@id\":\"https:\/\/koolbeautyparis.fr\/de\/mentions-legales\/\",\"url\":\"https:\/\/koolbeautyparis.fr\/de\/mentions-legales\/\",\"name\":\"Mentions L\u00e9gales | Kool Beauty\",\"isPartOf\":{\"@id\":\"https:\/\/koolbeautyparis.fr\/de\/#website\"},\"datePublished\":\"2019-10-24T00:57:41+00:00\",\"dateModified\":\"2022-05-12T14:37:57+00:00\",\"description\":\"Notre mention l\u00e9gale contient tous les d\u00e9tails des politiques de confidentialit\u00e9 et l'utilisation des cookies\",\"breadcrumb\":{\"@id\":\"https:\/\/koolbeautyparis.fr\/de\/mentions-legales\/#breadcrumb\"},\"inLanguage\":\"de\",\"potentialAction\":[{\"@type\":\"ReadAction\",\"target\":[\"https:\/\/koolbeautyparis.fr\/de\/mentions-legales\/\"]}]},{\"@type\":\"BreadcrumbList\",\"@id\":\"https:\/\/koolbeautyparis.fr\/de\/mentions-legales\/#breadcrumb\",\"itemListElement\":[{\"@type\":\"ListItem\",\"position\":1,\"name\":\"Accueil\",\"item\":\"https:\/\/koolbeautyparis.fr\/de\/\"},{\"@type\":\"ListItem\",\"position\":2,\"name\":\"Rechtshinweise\"}]},{\"@type\":\"WebSite\",\"@id\":\"https:\/\/koolbeautyparis.fr\/de\/#website\",\"url\":\"https:\/\/koolbeautyparis.fr\/de\/\",\"name\":\"Kool Beauty\",\"description\":\"Produits beaut\u00e9\",\"publisher\":{\"@id\":\"https:\/\/koolbeautyparis.fr\/de\/#organization\"},\"potentialAction\":[{\"@type\":\"SearchAction\",\"target\":{\"@type\":\"EntryPoint\",\"urlTemplate\":\"https:\/\/koolbeautyparis.fr\/de\/?s={search_term_string}\"},\"query-input\":{\"@type\":\"PropertyValueSpecification\",\"valueRequired\":true,\"valueName\":\"search_term_string\"}}],\"inLanguage\":\"de\"},{\"@type\":\"Organization\",\"@id\":\"https:\/\/koolbeautyparis.fr\/de\/#organization\",\"name\":\"Kool Beauty\",\"url\":\"https:\/\/koolbeautyparis.fr\/de\/\",\"logo\":{\"@type\":\"ImageObject\",\"inLanguage\":\"de\",\"@id\":\"https:\/\/koolbeautyparis.fr\/de\/#\/schema\/logo\/image\/\",\"url\":\"https:\/\/i0.wp.com\/koolbeautyparis.fr\/wp-content\/uploads\/2022\/03\/kool-cover-default.png?fit=1200%2C630&ssl=1\",\"contentUrl\":\"https:\/\/i0.wp.com\/koolbeautyparis.fr\/wp-content\/uploads\/2022\/03\/kool-cover-default.png?fit=1200%2C630&ssl=1\",\"width\":1200,\"height\":630,\"caption\":\"Kool Beauty\"},\"image\":{\"@id\":\"https:\/\/koolbeautyparis.fr\/de\/#\/schema\/logo\/image\/\"}}]}<\/script>\n<!-- \/ Yoast SEO plugin. -->","yoast_head_json":{"title":"Mentions L\u00e9gales | Kool Beauty","description":"Notre mention l\u00e9gale contient tous les d\u00e9tails des politiques de confidentialit\u00e9 et l'utilisation des cookies","robots":{"index":"index","follow":"follow","max-snippet":"max-snippet:-1","max-image-preview":"max-image-preview:large","max-video-preview":"max-video-preview:-1"},"canonical":"https:\/\/koolbeautyparis.fr\/de\/mentions-legales\/","og_locale":"de_DE","og_type":"article","og_title":"Mentions L\u00e9gales | Kool Beauty","og_description":"Notre mention l\u00e9gale contient tous les d\u00e9tails des politiques de confidentialit\u00e9 et l'utilisation des cookies","og_url":"https:\/\/koolbeautyparis.fr\/de\/mentions-legales\/","og_site_name":"Kool Beauty","article_modified_time":"2022-05-12T14:37:57+00:00","twitter_card":"summary_large_image","twitter_misc":{"Gesch\u00e4tzte Lesezeit":"5\u00a0Minuten"},"schema":{"@context":"https:\/\/schema.org","@graph":[{"@type":"WebPage","@id":"https:\/\/koolbeautyparis.fr\/de\/mentions-legales\/","url":"https:\/\/koolbeautyparis.fr\/de\/mentions-legales\/","name":"Mentions L\u00e9gales | Kool Beauty","isPartOf":{"@id":"https:\/\/koolbeautyparis.fr\/de\/#website"},"datePublished":"2019-10-24T00:57:41+00:00","dateModified":"2022-05-12T14:37:57+00:00","description":"Notre mention l\u00e9gale contient tous les d\u00e9tails des politiques de confidentialit\u00e9 et l'utilisation des cookies","breadcrumb":{"@id":"https:\/\/koolbeautyparis.fr\/de\/mentions-legales\/#breadcrumb"},"inLanguage":"de","potentialAction":[{"@type":"ReadAction","target":["https:\/\/koolbeautyparis.fr\/de\/mentions-legales\/"]}]},{"@type":"BreadcrumbList","@id":"https:\/\/koolbeautyparis.fr\/de\/mentions-legales\/#breadcrumb","itemListElement":[{"@type":"ListItem","position":1,"name":"Accueil","item":"https:\/\/koolbeautyparis.fr\/de\/"},{"@type":"ListItem","position":2,"name":"Rechtshinweise"}]},{"@type":"WebSite","@id":"https:\/\/koolbeautyparis.fr\/de\/#website","url":"https:\/\/koolbeautyparis.fr\/de\/","name":"Kool Beauty","description":"Produits beaut\u00e9","publisher":{"@id":"https:\/\/koolbeautyparis.fr\/de\/#organization"},"potentialAction":[{"@type":"SearchAction","target":{"@type":"EntryPoint","urlTemplate":"https:\/\/koolbeautyparis.fr\/de\/?s={search_term_string}"},"query-input":{"@type":"PropertyValueSpecification","valueRequired":true,"valueName":"search_term_string"}}],"inLanguage":"de"},{"@type":"Organization","@id":"https:\/\/koolbeautyparis.fr\/de\/#organization","name":"Kool Beauty","url":"https:\/\/koolbeautyparis.fr\/de\/","logo":{"@type":"ImageObject","inLanguage":"de","@id":"https:\/\/koolbeautyparis.fr\/de\/#\/schema\/logo\/image\/","url":"https:\/\/i0.wp.com\/koolbeautyparis.fr\/wp-content\/uploads\/2022\/03\/kool-cover-default.png?fit=1200%2C630&ssl=1","contentUrl":"https:\/\/i0.wp.com\/koolbeautyparis.fr\/wp-content\/uploads\/2022\/03\/kool-cover-default.png?fit=1200%2C630&ssl=1","width":1200,"height":630,"caption":"Kool Beauty"},"image":{"@id":"https:\/\/koolbeautyparis.fr\/de\/#\/schema\/logo\/image\/"}}]}},"_links":{"self":[{"href":"https:\/\/koolbeautyparis.fr\/de\/wp-json\/wp\/v2\/pages\/35280"}],"collection":[{"href":"https:\/\/koolbeautyparis.fr\/de\/wp-json\/wp\/v2\/pages"}],"about":[{"href":"https:\/\/koolbeautyparis.fr\/de\/wp-json\/wp\/v2\/types\/page"}],"author":[{"embeddable":true,"href":"https:\/\/koolbeautyparis.fr\/de\/wp-json\/wp\/v2\/users\/2"}],"replies":[{"embeddable":true,"href":"https:\/\/koolbeautyparis.fr\/de\/wp-json\/wp\/v2\/comments?post=35280"}],"version-history":[{"count":4,"href":"https:\/\/koolbeautyparis.fr\/de\/wp-json\/wp\/v2\/pages\/35280\/revisions"}],"predecessor-version":[{"id":35287,"href":"https:\/\/koolbeautyparis.fr\/de\/wp-json\/wp\/v2\/pages\/35280\/revisions\/35287"}],"wp:attachment":[{"href":"https:\/\/koolbeautyparis.fr\/de\/wp-json\/wp\/v2\/media?parent=35280"}],"curies":[{"name":"wp","href":"https:\/\/api.w.org\/{rel}","templated":true}]}}