{"id":35221,"date":"2022-05-12T12:07:11","date_gmt":"2022-05-12T10:07:11","guid":{"rendered":"https:\/\/koolbeautyparis.fr\/die-marke\/"},"modified":"2024-04-02T11:52:54","modified_gmt":"2024-04-02T09:52:54","slug":"die-marke","status":"publish","type":"page","link":"https:\/\/koolbeautyparis.fr\/de\/die-marke\/","title":{"rendered":"Die Marke"},"content":{"rendered":"[vc_row et_full_width=&#8221;true&#8221; css=&#8221;.vc_custom_1654672264681{background-color: #000000 !important;}&#8221; el_class=&#8221;gzl-header-solo&#8221;][vc_column][vc_row_inner][vc_column_inner][vc_column_text el_class=&#8221;gzl-header-solo-title&#8221; css=&#8221;.vc_custom_1651225562062{padding-top: 0px !important;padding-right: 0px !important;padding-bottom: 0px !important;padding-left: 0px !important;}&#8221;]ONLY THE NECESSARY.<\/p>\n<p>by Dr Kool[\/vc_column_text][\/vc_column_inner][\/vc_row_inner][\/vc_column][\/vc_row][vc_row et_column_align=&#8221;align-center&#8221; content_placement=&#8221;middle&#8221; el_class=&#8221;spacing-xl&#8221;][vc_column width=&#8221;2\/3&#8243;][vc_column_text el_class=&#8221;gzl-cms-title-xlarge&#8221;]\n<h2>DIE MARKE<\/h2>\n[\/vc_column_text][vc_column_text]<strong>Schluss mit \u00fcberfl\u00fcssigen Produkten! Nur drei gezielte Produkte, um all Ihre Hautprobleme zu behandeln. <\/strong><\/p>\n<p>Der Kosmetikmarkt ist \u00fcberf\u00fcllt mit einer Vielzahl an verschiedenen Marken und Produkten, die alle Wunder versprechen. Das Ergebnis: Unsere Schr\u00e4nke sind voller Kosmetikprodukte und Sie wissen nicht mehr, was Sie verwenden sollen. Unser Ansatz ist ein anderer: \u201eAuf das Wesentliche zur\u00fcckgreifen\u201c ist unser Leitmotiv! Wir bieten Ihnen 2 Produkte zur Gesichtspflege und eine Augenpflege an (zwei Bereiche, die einer gesonderten Pflege bed\u00fcrfen).<\/p>\n<p>In der heutigen Zeit, in der der \u00f6kologische Aspekt von gr\u00f6\u00dfter Bedeutung ist, erschien es uns zwingend erforderlich, die Anzahl unserer Pflegeprodukte zu reduzieren!<\/p>\n<p>Deshalb haben wir uns mit der Gr\u00fcndung von Kool Beauty auf die Grundlagen einer gesunden und bewussten Gesichtsroutine besonnen.<\/p>\n<ul>\n<li>1 hochkonzentriertes Serum<\/li>\n<li>1 pflegende Basis-Creme<\/li>\n<li>1 gezielte Augenpflege<\/li>\n<\/ul>\n<p><strong>Only the Necessary\u00a0!<\/strong><\/p>\n<p>In diesen drei Pflegeprodukten finden Sie alles, was Sie ben\u00f6tigen, unabh\u00e4ngig davon, welche speziellen Bed\u00fcrfnisse Sie haben.<\/p>\n<p>Unsere Laboratorien haben verschiedene Formeln entwickelt, um Unreinheiten, R\u00f6tungen, Alterserscheinungen und einen fahlen Teint, dem es an Ausstrahlung mangelt, zu bek\u00e4mpfen. Nicht zu vergessen die Augenkonturenpflege gegen Augenschatten, Augenschwellungen und Falten. Mit unserer individuellen Pflegekombination ben\u00f6tigen Sie nur maximal drei Produkte, um alle Ihre Hautprobleme zu l\u00f6sen.<\/p>\n<p><strong>Ben\u00f6tigen Sie Hilfe bei der Auswahl Ihrer Produkte und der R\u00fcckbesinnung auf das Wesentliche? F\u00fchren Sie <a href=\"https:\/\/koolbeautyparis.fr\/de\/meine-diagnose-starten\/\">unsere Diagnose<\/a> durch und entdecken Sie die Pflegekombination, die Ihren Hautbed\u00fcrfnissen entspricht.<\/strong><\/p>\n<p><strong>\u00a0<\/strong><\/p>\n<p>100% MADE IN FRANCE | VOLLSTANDIG RECYCELBAR<\/p>\n<p>&nbsp;<\/p>\n[\/vc_column_text][\/vc_column][vc_column width=&#8221;1\/3&#8243;]\t<div id=\"et-image-675\" class=\"et-image aligncenter    et_image_link\">\n\t\t<div class=\"et-image-inner \">\n\t\t\t\t\t\t\t<div class=\"et-image-thumb \">\n\t\t\t\t\t<img decoding=\"async\" width=\"2800\" height=\"2952\" src=\"https:\/\/koolbeautyparis.fr\/wp-content\/uploads\/2022\/04\/2045-\u2013-2-scaled.png\" class=\"attachment-full size-full\" alt=\"\" \/>\t\t\t\t<\/div>\n\t\t\t\t\t\t\t\t\t\t\t<\/div>\n\t<\/div>\n  [\/vc_column][\/vc_row][vc_row et_column_align=&#8221;align-center&#8221; content_placement=&#8221;top&#8221;][vc_column width=&#8221;1\/2&#8243;][vc_column_text el_class=&#8221;gzl-cms-title-xlarge&#8221;]\n<h2>DR. KOOL<\/h2>\n[\/vc_column_text][vc_column_text css=&#8221;.vc_custom_1655978470558{margin-bottom: 0px !important;}&#8221;]\u201eHallo, ich bin Dr. Kool, der offizielle Vertreter aller Wissenschaftler\/innen, die an der Entwicklung dieser Marke mitgewirkt haben. Ich bin hier, um Sie bei der Suche nach der perfekten Kombination aus Creme, Serum und Augenpflegeprodukten zu unterst\u00fctzen. Ich freue mich, Sie durch unsere Webseite f\u00fchren zu d\u00fcrfen und helfe Ihnen gerne mit meinen Tipps und Tricks weiter.<br \/>\nErstellen Sie Ihre <a href=\"https:\/\/koolbeautyparis.fr\/de\/meine-diagnose-starten\/\">pers\u00f6nliche Diagnose<\/a>! Ein auf Ihre Bed\u00fcrfnisse zugeschnittenes und einzigartiges Sch\u00f6nheitsrezept wartet auf Sie.\u201c Ihr Dr. Kool[\/vc_column_text][\/vc_column][vc_column width=&#8221;1\/2&#8243;][vc_single_image image=&#8221;38586&#8243; img_size=&#8221;full&#8221; alignment=&#8221;center&#8221; css=&#8221;.vc_custom_1712051561517{margin-bottom: 0px !important;}&#8221;][\/vc_column][\/vc_row]\n","protected":false},"excerpt":{"rendered":"<p>[vc_row et_full_width=&#8221;true&#8221; css=&#8221;.vc_custom_1654672264681{background-color: #000000 !important;}&#8221; el_class=&#8221;gzl-header-solo&#8221;][vc_column][vc_row_inner][vc_column_inner][vc_column_text el_class=&#8221;gzl-header-solo-title&#8221; css=&#8221;.vc_custom_1651225562062{padding-top: 0px !important;padding-right: 0px !important;padding-bottom: 0px !important;padding-left: 0px !important;}&#8221;]ONLY THE NECESSARY. by Dr Kool[\/vc_column_text][\/vc_column_inner][\/vc_row_inner][\/vc_column][\/vc_row][vc_row et_column_align=&#8221;align-center&#8221; content_placement=&#8221;middle&#8221; el_class=&#8221;spacing-xl&#8221;][vc_column width=&#8221;2\/3&#8243;][vc_column_text el_class=&#8221;gzl-cms-title-xlarge&#8221;] DIE MARKE [\/vc_column_text][vc_column_text]Schluss mit \u00fcberfl\u00fcssigen Produkten! Nur drei gezielte Produkte, um all Ihre Hautprobleme zu behandeln. Der Kosmetikmarkt ist \u00fcberf\u00fcllt mit einer Vielzahl an&hellip;<\/p>\n","protected":false},"author":2,"featured_media":0,"parent":0,"menu_order":0,"comment_status":"closed","ping_status":"closed","template":"template-cms-menu.php","meta":{"footnotes":""},"yoast_head":"<!-- This site is optimized with the Yoast SEO plugin v23.5 - https:\/\/yoast.com\/wordpress\/plugins\/seo\/ -->\n<title>Die Marke &#8211; Kool Beauty<\/title>\n<meta name=\"description\" content=\"Unser Ziel ist es, Frauen die M\u00f6glichkeit zu geben, ihre Probleme mit drei Produkten zu l\u00f6sen. Wir haben uns auf das Wesentliche konzentriert.\" \/>\n<meta name=\"robots\" content=\"index, follow, max-snippet:-1, max-image-preview:large, max-video-preview:-1\" \/>\n<link rel=\"canonical\" href=\"https:\/\/koolbeautyparis.fr\/de\/die-marke\/\" \/>\n<meta property=\"og:locale\" content=\"de_DE\" \/>\n<meta property=\"og:type\" content=\"article\" \/>\n<meta property=\"og:title\" content=\"Die Marke &#8211; Kool Beauty\" \/>\n<meta property=\"og:description\" content=\"Unser Ziel ist es, Frauen die M\u00f6glichkeit zu geben, ihre Probleme mit drei Produkten zu l\u00f6sen. Wir haben uns auf das Wesentliche konzentriert.\" \/>\n<meta property=\"og:url\" content=\"https:\/\/koolbeautyparis.fr\/de\/die-marke\/\" \/>\n<meta property=\"og:site_name\" content=\"Kool Beauty\" \/>\n<meta property=\"article:modified_time\" content=\"2024-04-02T09:52:54+00:00\" \/>\n<meta name=\"twitter:card\" content=\"summary_large_image\" \/>\n<meta name=\"twitter:label1\" content=\"Gesch\u00e4tzte Lesezeit\" \/>\n\t<meta name=\"twitter:data1\" content=\"2\u00a0Minuten\" \/>\n<script type=\"application\/ld+json\" class=\"yoast-schema-graph\">{\"@context\":\"https:\/\/schema.org\",\"@graph\":[{\"@type\":\"WebPage\",\"@id\":\"https:\/\/koolbeautyparis.fr\/de\/die-marke\/\",\"url\":\"https:\/\/koolbeautyparis.fr\/de\/die-marke\/\",\"name\":\"Die Marke &#8211; Kool Beauty\",\"isPartOf\":{\"@id\":\"https:\/\/koolbeautyparis.fr\/de\/#website\"},\"datePublished\":\"2022-05-12T10:07:11+00:00\",\"dateModified\":\"2024-04-02T09:52:54+00:00\",\"description\":\"Unser Ziel ist es, Frauen die M\u00f6glichkeit zu geben, ihre Probleme mit drei Produkten zu l\u00f6sen. Wir haben uns auf das Wesentliche konzentriert.\",\"breadcrumb\":{\"@id\":\"https:\/\/koolbeautyparis.fr\/de\/die-marke\/#breadcrumb\"},\"inLanguage\":\"de\",\"potentialAction\":[{\"@type\":\"ReadAction\",\"target\":[\"https:\/\/koolbeautyparis.fr\/de\/die-marke\/\"]}]},{\"@type\":\"BreadcrumbList\",\"@id\":\"https:\/\/koolbeautyparis.fr\/de\/die-marke\/#breadcrumb\",\"itemListElement\":[{\"@type\":\"ListItem\",\"position\":1,\"name\":\"Accueil\",\"item\":\"https:\/\/koolbeautyparis.fr\/de\/\"},{\"@type\":\"ListItem\",\"position\":2,\"name\":\"Die Marke\"}]},{\"@type\":\"WebSite\",\"@id\":\"https:\/\/koolbeautyparis.fr\/de\/#website\",\"url\":\"https:\/\/koolbeautyparis.fr\/de\/\",\"name\":\"Kool Beauty\",\"description\":\"Produits beaut\u00e9\",\"publisher\":{\"@id\":\"https:\/\/koolbeautyparis.fr\/de\/#organization\"},\"potentialAction\":[{\"@type\":\"SearchAction\",\"target\":{\"@type\":\"EntryPoint\",\"urlTemplate\":\"https:\/\/koolbeautyparis.fr\/de\/?s={search_term_string}\"},\"query-input\":{\"@type\":\"PropertyValueSpecification\",\"valueRequired\":true,\"valueName\":\"search_term_string\"}}],\"inLanguage\":\"de\"},{\"@type\":\"Organization\",\"@id\":\"https:\/\/koolbeautyparis.fr\/de\/#organization\",\"name\":\"Kool Beauty\",\"url\":\"https:\/\/koolbeautyparis.fr\/de\/\",\"logo\":{\"@type\":\"ImageObject\",\"inLanguage\":\"de\",\"@id\":\"https:\/\/koolbeautyparis.fr\/de\/#\/schema\/logo\/image\/\",\"url\":\"https:\/\/i0.wp.com\/koolbeautyparis.fr\/wp-content\/uploads\/2022\/03\/kool-cover-default.png?fit=1200%2C630&ssl=1\",\"contentUrl\":\"https:\/\/i0.wp.com\/koolbeautyparis.fr\/wp-content\/uploads\/2022\/03\/kool-cover-default.png?fit=1200%2C630&ssl=1\",\"width\":1200,\"height\":630,\"caption\":\"Kool Beauty\"},\"image\":{\"@id\":\"https:\/\/koolbeautyparis.fr\/de\/#\/schema\/logo\/image\/\"}}]}<\/script>\n<!-- \/ Yoast SEO plugin. -->","yoast_head_json":{"title":"Die Marke &#8211; Kool Beauty","description":"Unser Ziel ist es, Frauen die M\u00f6glichkeit zu geben, ihre Probleme mit drei Produkten zu l\u00f6sen. Wir haben uns auf das Wesentliche konzentriert.","robots":{"index":"index","follow":"follow","max-snippet":"max-snippet:-1","max-image-preview":"max-image-preview:large","max-video-preview":"max-video-preview:-1"},"canonical":"https:\/\/koolbeautyparis.fr\/de\/die-marke\/","og_locale":"de_DE","og_type":"article","og_title":"Die Marke &#8211; Kool Beauty","og_description":"Unser Ziel ist es, Frauen die M\u00f6glichkeit zu geben, ihre Probleme mit drei Produkten zu l\u00f6sen. Wir haben uns auf das Wesentliche konzentriert.","og_url":"https:\/\/koolbeautyparis.fr\/de\/die-marke\/","og_site_name":"Kool Beauty","article_modified_time":"2024-04-02T09:52:54+00:00","twitter_card":"summary_large_image","twitter_misc":{"Gesch\u00e4tzte Lesezeit":"2\u00a0Minuten"},"schema":{"@context":"https:\/\/schema.org","@graph":[{"@type":"WebPage","@id":"https:\/\/koolbeautyparis.fr\/de\/die-marke\/","url":"https:\/\/koolbeautyparis.fr\/de\/die-marke\/","name":"Die Marke &#8211; Kool Beauty","isPartOf":{"@id":"https:\/\/koolbeautyparis.fr\/de\/#website"},"datePublished":"2022-05-12T10:07:11+00:00","dateModified":"2024-04-02T09:52:54+00:00","description":"Unser Ziel ist es, Frauen die M\u00f6glichkeit zu geben, ihre Probleme mit drei Produkten zu l\u00f6sen. Wir haben uns auf das Wesentliche konzentriert.","breadcrumb":{"@id":"https:\/\/koolbeautyparis.fr\/de\/die-marke\/#breadcrumb"},"inLanguage":"de","potentialAction":[{"@type":"ReadAction","target":["https:\/\/koolbeautyparis.fr\/de\/die-marke\/"]}]},{"@type":"BreadcrumbList","@id":"https:\/\/koolbeautyparis.fr\/de\/die-marke\/#breadcrumb","itemListElement":[{"@type":"ListItem","position":1,"name":"Accueil","item":"https:\/\/koolbeautyparis.fr\/de\/"},{"@type":"ListItem","position":2,"name":"Die Marke"}]},{"@type":"WebSite","@id":"https:\/\/koolbeautyparis.fr\/de\/#website","url":"https:\/\/koolbeautyparis.fr\/de\/","name":"Kool Beauty","description":"Produits beaut\u00e9","publisher":{"@id":"https:\/\/koolbeautyparis.fr\/de\/#organization"},"potentialAction":[{"@type":"SearchAction","target":{"@type":"EntryPoint","urlTemplate":"https:\/\/koolbeautyparis.fr\/de\/?s={search_term_string}"},"query-input":{"@type":"PropertyValueSpecification","valueRequired":true,"valueName":"search_term_string"}}],"inLanguage":"de"},{"@type":"Organization","@id":"https:\/\/koolbeautyparis.fr\/de\/#organization","name":"Kool Beauty","url":"https:\/\/koolbeautyparis.fr\/de\/","logo":{"@type":"ImageObject","inLanguage":"de","@id":"https:\/\/koolbeautyparis.fr\/de\/#\/schema\/logo\/image\/","url":"https:\/\/i0.wp.com\/koolbeautyparis.fr\/wp-content\/uploads\/2022\/03\/kool-cover-default.png?fit=1200%2C630&ssl=1","contentUrl":"https:\/\/i0.wp.com\/koolbeautyparis.fr\/wp-content\/uploads\/2022\/03\/kool-cover-default.png?fit=1200%2C630&ssl=1","width":1200,"height":630,"caption":"Kool Beauty"},"image":{"@id":"https:\/\/koolbeautyparis.fr\/de\/#\/schema\/logo\/image\/"}}]}},"_links":{"self":[{"href":"https:\/\/koolbeautyparis.fr\/de\/wp-json\/wp\/v2\/pages\/35221"}],"collection":[{"href":"https:\/\/koolbeautyparis.fr\/de\/wp-json\/wp\/v2\/pages"}],"about":[{"href":"https:\/\/koolbeautyparis.fr\/de\/wp-json\/wp\/v2\/types\/page"}],"author":[{"embeddable":true,"href":"https:\/\/koolbeautyparis.fr\/de\/wp-json\/wp\/v2\/users\/2"}],"replies":[{"embeddable":true,"href":"https:\/\/koolbeautyparis.fr\/de\/wp-json\/wp\/v2\/comments?post=35221"}],"version-history":[{"count":13,"href":"https:\/\/koolbeautyparis.fr\/de\/wp-json\/wp\/v2\/pages\/35221\/revisions"}],"predecessor-version":[{"id":38591,"href":"https:\/\/koolbeautyparis.fr\/de\/wp-json\/wp\/v2\/pages\/35221\/revisions\/38591"}],"wp:attachment":[{"href":"https:\/\/koolbeautyparis.fr\/de\/wp-json\/wp\/v2\/media?parent=35221"}],"curies":[{"name":"wp","href":"https:\/\/api.w.org\/{rel}","templated":true}]}}