{"id":35214,"date":"2022-05-12T10:20:07","date_gmt":"2022-05-12T08:20:07","guid":{"rendered":"https:\/\/koolbeautyparis.fr\/unsere-verpflichtungen\/"},"modified":"2024-04-02T11:44:40","modified_gmt":"2024-04-02T09:44:40","slug":"unsere-verpflichtungen","status":"publish","type":"page","link":"https:\/\/koolbeautyparis.fr\/de\/unsere-verpflichtungen\/","title":{"rendered":"UNSERE VERPFLICHTUNGEN"},"content":{"rendered":"[vc_row el_class=&#8221;spacing-xl&#8221;][vc_column][vc_column_text el_class=&#8221;gzl-header-solo-title color-black&#8221;]\n<h1><strong>UNSERE VERPFLICHTUNGEN<\/strong><\/h1>\n[\/vc_column_text][\/vc_column][\/vc_row][vc_row content_placement=&#8221;bottom&#8221; el_class=&#8221;gzl-cms-blocMenu&#8221;][vc_column]\t<div id=\"et-icon-holder-531\" class=\"et-icon-holder row center-true lg-block-grid-4 md-block-grid-4 block-grid-2 \">\n\t\t\r\n\t<div id=\"et-iconbox-643\" class=\"et-iconbox layout-centered icon-style-image-default bottom-spacing-none icon-color- text-color- animation bottom-to-top \"> \r\n\t\t<div class=\"et-icon-inner\">\r\n\t\t\t<figure class=\"et-feature-icon\">\r\n\t\t\t\t\t\t\t\t\t<img decoding=\"async\" src=\"\" alt=\"DERMATOLOGISCHE KONTROLLE\" \/>\r\n\t\t\t\t\t\t\t<\/figure>\r\n\t\t\t<div class=\"et-feature-content\"> \r\n\t\t\t\t\t\t\t\t\t\t\t\t\t<h4 class=\"title\">DERMATOLOGISCHE KONTROLLE<\/h4>\r\n\t\t\t\t\t\t\t\t<div class=\"wpb_text_column\"><\/div>\r\n\t\t\t\t\t\t\t\t\t<a href=\"#1\" title=\"\" class=\"et_btn link\"><span class=\"vc_btn_title\"><\/span><\/a>\r\n\t\t\t\t\t\t\t<\/div>\r\n\t\t<\/div>\r\n\t<\/div>\r\n\r\n\t\r\n\t<div id=\"et-iconbox-264\" class=\"et-iconbox layout-centered icon-style-image-default bottom-spacing-none icon-color- text-color- animation bottom-to-top \"> \r\n\t\t<div class=\"et-icon-inner\">\r\n\t\t\t<figure class=\"et-feature-icon\">\r\n\t\t\t\t\t\t\t\t\t<img decoding=\"async\" src=\"\" alt=\"CLEAN\" \/>\r\n\t\t\t\t\t\t\t<\/figure>\r\n\t\t\t<div class=\"et-feature-content\"> \r\n\t\t\t\t\t\t\t\t\t\t\t\t\t<h4 class=\"title\">CLEAN<\/h4>\r\n\t\t\t\t\t\t\t\t<div class=\"wpb_text_column\"><\/div>\r\n\t\t\t\t\t\t\t\t\t<a href=\"#2\" title=\"\" class=\"et_btn link\"><span class=\"vc_btn_title\"><\/span><\/a>\r\n\t\t\t\t\t\t\t<\/div>\r\n\t\t<\/div>\r\n\t<\/div>\r\n\r\n\t\r\n\t<div id=\"et-iconbox-749\" class=\"et-iconbox layout-centered icon-style-image-default bottom-spacing-none icon-color- text-color- animation bottom-to-top \"> \r\n\t\t<div class=\"et-icon-inner\">\r\n\t\t\t<figure class=\"et-feature-icon\">\r\n\t\t\t\t\t\t\t\t\t<img decoding=\"async\" src=\"\" alt=\"BEWUSST UND NACHHALTIG\" \/>\r\n\t\t\t\t\t\t\t<\/figure>\r\n\t\t\t<div class=\"et-feature-content\"> \r\n\t\t\t\t\t\t\t\t\t\t\t\t\t<h4 class=\"title\">BEWUSST UND NACHHALTIG<\/h4>\r\n\t\t\t\t\t\t\t\t<div class=\"wpb_text_column\"><\/div>\r\n\t\t\t\t\t\t\t\t\t<a href=\"#3\" title=\"\" class=\"et_btn link\"><span class=\"vc_btn_title\"><\/span><\/a>\r\n\t\t\t\t\t\t\t<\/div>\r\n\t\t<\/div>\r\n\t<\/div>\r\n\r\n\t\r\n\t<div id=\"et-iconbox-251\" class=\"et-iconbox layout-centered icon-style-image-default bottom-spacing-none icon-color- text-color- animation bottom-to-top \"> \r\n\t\t<div class=\"et-icon-inner\">\r\n\t\t\t<figure class=\"et-feature-icon\">\r\n\t\t\t\t\t\t\t\t\t<img decoding=\"async\" src=\"\" alt=\"MADE IN FRANCE\" \/>\r\n\t\t\t\t\t\t\t<\/figure>\r\n\t\t\t<div class=\"et-feature-content\"> \r\n\t\t\t\t\t\t\t\t\t\t\t\t\t<h4 class=\"title\">MADE IN FRANCE<\/h4>\r\n\t\t\t\t\t\t\t\t<div class=\"wpb_text_column\"><\/div>\r\n\t\t\t\t\t\t\t\t\t<a href=\"#4\" title=\"\" class=\"et_btn link\"><span class=\"vc_btn_title\"><\/span><\/a>\r\n\t\t\t\t\t\t\t<\/div>\r\n\t\t<\/div>\r\n\t<\/div>\r\n\r\n\t\t<\/div>\n\t[\/vc_column][\/vc_row][vc_row et_full_width=&#8221;true&#8221; css=&#8221;.vc_custom_1654503543190{background-color: #000000 !important;background-position: center !important;background-repeat: no-repeat !important;background-size: cover !important;}&#8221; el_class=&#8221;gzl-brandBanner spacing-xl brand-1&#8243; el_id=&#8221;1&#8243;][vc_column][vc_row_inner et_column_align=&#8221;align-center&#8221; content_placement=&#8221;middle&#8221;][vc_column_inner width=&#8221;1\/6&#8243; css=&#8221;.vc_custom_1654524377761{padding-top: 5px !important;padding-bottom: 5px !important;}&#8221;][vc_single_image image=&#8221;35800&#8243; img_size=&#8221;full&#8221; css=&#8221;.vc_custom_1654525186158{margin-bottom: 0px !important;}&#8221;][\/vc_column_inner][vc_column_inner width=&#8221;5\/6&#8243;][vc_column_text el_class=&#8221;gzl-cms-title-large color-white&#8221; css=&#8221;.vc_custom_1654525197920{margin-bottom: 0px !important;}&#8221;]\n<h2>DERMATOLOGISCHE KONTROLLE<\/h2>\n[\/vc_column_text][\/vc_column_inner][\/vc_row_inner][\/vc_column][\/vc_row][vc_row][vc_column][vc_column_text]Alle unsere Pflegeprodukte werden unter dermatologischer und ophthalmologischer Kontrolle getestet.<\/p>\n<p>Weil uns Ihre Meinung wichtig ist, werden unsere Produkte an einem Panel von Frauen unter wissenschaftlicher Aufsicht getestet. So berichten Sie uns Ihre Eindr\u00fccke, \u00e4u\u00dfern Ihre Bed\u00fcrfnisse und Erwartungen. Ein echtes Vertrauensverh\u00e4ltnis zwischen Ihnen und uns.[\/vc_column_text][\/vc_column][\/vc_row][vc_row et_column_align=&#8221;align-center&#8221; equal_height=&#8221;yes&#8221; content_placement=&#8221;middle&#8221; el_class=&#8221;gzl-wideImg-1 hide-mob&#8221;][vc_column width=&#8221;2\/3&#8243;][vc_single_image image=&#8221;35822&#8243; img_size=&#8221;1000&#215;290&#8243; alignment=&#8221;center&#8221;][\/vc_column][vc_column width=&#8221;1\/3&#8243;][vc_single_image image=&#8221;35675&#8243; img_size=&#8221;290&#215;290&#8243; alignment=&#8221;center&#8221;][\/vc_column][\/vc_row][vc_row et_full_width=&#8221;true&#8221; css=&#8221;.vc_custom_1654503557158{background-color: #000000 !important;background-position: center !important;background-repeat: no-repeat !important;background-size: cover !important;}&#8221; el_class=&#8221;gzl-brandBanner spacing-xl brand-2&#8243; el_id=&#8221;2&#8243;][vc_column][vc_row_inner et_column_align=&#8221;align-center&#8221; content_placement=&#8221;middle&#8221;][vc_column_inner width=&#8221;1\/6&#8243;][vc_single_image image=&#8221;35810&#8243; img_size=&#8221;full&#8221; css=&#8221;.vc_custom_1654526346664{margin-bottom: 0px !important;padding-top: 5px !important;padding-bottom: 5px !important;}&#8221;][\/vc_column_inner][vc_column_inner width=&#8221;5\/6&#8243;][vc_column_text el_class=&#8221;gzl-cms-title-large color-white&#8221; css=&#8221;.vc_custom_1712051036158{margin-bottom: 0px !important;}&#8221;]\n<h2>CLEAN<\/h2>\n[\/vc_column_text][\/vc_column_inner][\/vc_row_inner][\/vc_column][\/vc_row][vc_row][vc_column][vc_column_text]In der heutigen Zeit halten wir es f\u00fcr wesentlich und notwendig, Produkte zu entwickeln, die so nah wie m\u00f6glich an 100% nat\u00fcrlichen Ursprungs herankommen. Wir wollen jedoch keine Abstriche bei der Wirksamkeit und der Sinnlichkeit machen. Daher verpflichten wir uns, die sichersten und wirksamsten Inhaltsstoffe auszuw\u00e4hlen und unsere Formeln so weit wie m\u00f6glich zu entschlacken, um uns auf das Wesentliche zu konzentrieren.[\/vc_column_text][\/vc_column][\/vc_row][vc_row et_column_align=&#8221;align-center&#8221; equal_height=&#8221;yes&#8221; content_placement=&#8221;middle&#8221; el_class=&#8221;gzl-wideImg-1 hide-mob&#8221;][vc_column width=&#8221;1\/4&#8243;][vc_single_image image=&#8221;35679&#8243; img_size=&#8221;290&#215;290&#8243; alignment=&#8221;center&#8221;][\/vc_column][vc_column width=&#8221;3\/4&#8243;][vc_single_image image=&#8221;35826&#8243; img_size=&#8221;1000&#215;290&#8243; alignment=&#8221;center&#8221;][\/vc_column][\/vc_row][vc_row et_full_width=&#8221;true&#8221; css=&#8221;.vc_custom_1654503583591{background-color: #000000 !important;background-position: center !important;background-repeat: no-repeat !important;background-size: cover !important;}&#8221; el_class=&#8221;gzl-brandBanner spacing-xl brand-3&#8243; el_id=&#8221;3&#8243;][vc_column][vc_row_inner et_column_align=&#8221;align-center&#8221; content_placement=&#8221;middle&#8221;][vc_column_inner width=&#8221;1\/6&#8243;][vc_single_image image=&#8221;35814&#8243; img_size=&#8221;full&#8221; css=&#8221;.vc_custom_1654526373957{margin-bottom: 0px !important;padding-top: 5px !important;padding-bottom: 5px !important;}&#8221;][\/vc_column_inner][vc_column_inner width=&#8221;5\/6&#8243;][vc_column_text el_class=&#8221;gzl-cms-title-large color-white&#8221; css=&#8221;.vc_custom_1651582069224{margin-bottom: 0px !important;}&#8221;]\n<h2>BEWUSST UND NACHHALTIG<\/h2>\n[\/vc_column_text][\/vc_column_inner][\/vc_row_inner][\/vc_column][\/vc_row][vc_row][vc_column][vc_column_text]Wir verzichten so weit wie m\u00f6glich auf Plastik in unseren Verpackungen und verwenden haupts\u00e4chlich Glasverpackungen.<br \/>\nWir engagieren uns \u00fcbrigens bei der Vereinigung Fonds Bleus, lokalen Akteuren zum Schutz des Mittelmeers. Sie jagen jede Woche M\u00fcll und s\u00e4ubern den Meeresboden.[\/vc_column_text][\/vc_column][\/vc_row][vc_row et_column_align=&#8221;align-center&#8221; equal_height=&#8221;yes&#8221; content_placement=&#8221;middle&#8221; el_class=&#8221;gzl-wideImg-1 hide-mob&#8221;][vc_column width=&#8221;2\/3&#8243;][vc_single_image image=&#8221;35687&#8243; img_size=&#8221;1000&#215;290&#8243; alignment=&#8221;center&#8221;][\/vc_column][vc_column width=&#8221;1\/3&#8243;][vc_single_image image=&#8221;35691&#8243; img_size=&#8221;290&#215;290&#8243; alignment=&#8221;center&#8221;][\/vc_column][\/vc_row][vc_row et_full_width=&#8221;true&#8221; css=&#8221;.vc_custom_1654503598154{background-color: #000000 !important;background-position: center !important;background-repeat: no-repeat !important;background-size: cover !important;}&#8221; el_class=&#8221;gzl-brandBanner spacing-xl brand-4&#8243; el_id=&#8221;4&#8243;][vc_column][vc_row_inner et_column_align=&#8221;align-center&#8221; content_placement=&#8221;middle&#8221;][vc_column_inner width=&#8221;1\/6&#8243;][vc_single_image image=&#8221;35818&#8243; img_size=&#8221;full&#8221; css=&#8221;.vc_custom_1654527609753{margin-bottom: 0px !important;padding-top: 5px !important;padding-bottom: 5px !important;}&#8221;][\/vc_column_inner][vc_column_inner width=&#8221;5\/6&#8243;][vc_column_text el_class=&#8221;gzl-cms-title-large color-white&#8221; css=&#8221;.vc_custom_1651582291150{margin-bottom: 0px !important;}&#8221;]\n<h2>MADE IN FRANCE<\/h2>\n[\/vc_column_text][\/vc_column_inner][\/vc_row_inner][\/vc_column][\/vc_row][vc_row][vc_column][vc_column_text]Als franz\u00f6sische Marke erschien es uns naheliegend, Frankreich in unseren Produkten hervorzuheben. Aus diesem Grund sind alle unsere Formulierungen zu 100 % franz\u00f6sisch. Unsere Labore arbeiten Hand in Hand mit Forschungs- und Entwicklungsingenieuren, Wissenschaftlern und Chemikern, um hyperwirksame Formeln zu entwickeln.[\/vc_column_text][\/vc_column][\/vc_row][vc_row][vc_column][vc_empty_space height=&#8221;24px&#8221;][\/vc_column][\/vc_row]\n","protected":false},"excerpt":{"rendered":"<p>[vc_row el_class=&#8221;spacing-xl&#8221;][vc_column][vc_column_text el_class=&#8221;gzl-header-solo-title color-black&#8221;] UNSERE VERPFLICHTUNGEN [\/vc_column_text][\/vc_column][\/vc_row][vc_row content_placement=&#8221;bottom&#8221; el_class=&#8221;gzl-cms-blocMenu&#8221;][vc_column][\/vc_column][\/vc_row][vc_row et_full_width=&#8221;true&#8221; css=&#8221;.vc_custom_1654503543190{background-color: #000000 !important;background-position: center !important;background-repeat: no-repeat !important;background-size: cover !important;}&#8221; el_class=&#8221;gzl-brandBanner spacing-xl brand-1&#8243; el_id=&#8221;1&#8243;][vc_column][vc_row_inner et_column_align=&#8221;align-center&#8221; content_placement=&#8221;middle&#8221;][vc_column_inner width=&#8221;1\/6&#8243; css=&#8221;.vc_custom_1654524377761{padding-top: 5px !important;padding-bottom: 5px !important;}&#8221;][vc_single_image image=&#8221;35800&#8243; img_size=&#8221;full&#8221; css=&#8221;.vc_custom_1654525186158{margin-bottom: 0px !important;}&#8221;][\/vc_column_inner][vc_column_inner width=&#8221;5\/6&#8243;][vc_column_text el_class=&#8221;gzl-cms-title-large color-white&#8221; css=&#8221;.vc_custom_1654525197920{margin-bottom: 0px !important;}&#8221;] DERMATOLOGISCHE KONTROLLE [\/vc_column_text][\/vc_column_inner][\/vc_row_inner][\/vc_column][\/vc_row][vc_row][vc_column][vc_column_text]Alle unsere Pflegeprodukte werden unter dermatologischer&hellip;<\/p>\n","protected":false},"author":2,"featured_media":0,"parent":0,"menu_order":0,"comment_status":"closed","ping_status":"closed","template":"template-cms-menu.php","meta":{"footnotes":""},"yoast_head":"<!-- This site is optimized with the Yoast SEO plugin v23.5 - https:\/\/yoast.com\/wordpress\/plugins\/seo\/ -->\n<title>UNSERE VERPFLICHTUNGEN &#8211; Kool Beauty<\/title>\n<meta name=\"description\" content=\"Wir versuchen, uns der 100%igen Nat\u00fcrlichkeit anzun\u00e4hern, ohne dabei auf Wirksamkeit zu verzichten. Wir verpflichten uns, die sichersten Inhaltsstoffe auszuw\u00e4hlen\" \/>\n<meta name=\"robots\" content=\"index, follow, max-snippet:-1, max-image-preview:large, max-video-preview:-1\" \/>\n<link rel=\"canonical\" href=\"https:\/\/koolbeautyparis.fr\/de\/unsere-verpflichtungen\/\" \/>\n<meta property=\"og:locale\" content=\"de_DE\" \/>\n<meta property=\"og:type\" content=\"article\" \/>\n<meta property=\"og:title\" content=\"UNSERE VERPFLICHTUNGEN &#8211; Kool Beauty\" \/>\n<meta property=\"og:description\" content=\"Wir versuchen, uns der 100%igen Nat\u00fcrlichkeit anzun\u00e4hern, ohne dabei auf Wirksamkeit zu verzichten. Wir verpflichten uns, die sichersten Inhaltsstoffe auszuw\u00e4hlen\" \/>\n<meta property=\"og:url\" content=\"https:\/\/koolbeautyparis.fr\/de\/unsere-verpflichtungen\/\" \/>\n<meta property=\"og:site_name\" content=\"Kool Beauty\" \/>\n<meta property=\"article:modified_time\" content=\"2024-04-02T09:44:40+00:00\" \/>\n<meta name=\"twitter:card\" content=\"summary_large_image\" \/>\n<meta name=\"twitter:label1\" content=\"Gesch\u00e4tzte Lesezeit\" \/>\n\t<meta name=\"twitter:data1\" content=\"5\u00a0Minuten\" \/>\n<script type=\"application\/ld+json\" class=\"yoast-schema-graph\">{\"@context\":\"https:\/\/schema.org\",\"@graph\":[{\"@type\":\"WebPage\",\"@id\":\"https:\/\/koolbeautyparis.fr\/de\/unsere-verpflichtungen\/\",\"url\":\"https:\/\/koolbeautyparis.fr\/de\/unsere-verpflichtungen\/\",\"name\":\"UNSERE VERPFLICHTUNGEN &#8211; Kool Beauty\",\"isPartOf\":{\"@id\":\"https:\/\/koolbeautyparis.fr\/de\/#website\"},\"datePublished\":\"2022-05-12T08:20:07+00:00\",\"dateModified\":\"2024-04-02T09:44:40+00:00\",\"description\":\"Wir versuchen, uns der 100%igen Nat\u00fcrlichkeit anzun\u00e4hern, ohne dabei auf Wirksamkeit zu verzichten. Wir verpflichten uns, die sichersten Inhaltsstoffe auszuw\u00e4hlen\",\"breadcrumb\":{\"@id\":\"https:\/\/koolbeautyparis.fr\/de\/unsere-verpflichtungen\/#breadcrumb\"},\"inLanguage\":\"de\",\"potentialAction\":[{\"@type\":\"ReadAction\",\"target\":[\"https:\/\/koolbeautyparis.fr\/de\/unsere-verpflichtungen\/\"]}]},{\"@type\":\"BreadcrumbList\",\"@id\":\"https:\/\/koolbeautyparis.fr\/de\/unsere-verpflichtungen\/#breadcrumb\",\"itemListElement\":[{\"@type\":\"ListItem\",\"position\":1,\"name\":\"Accueil\",\"item\":\"https:\/\/koolbeautyparis.fr\/de\/\"},{\"@type\":\"ListItem\",\"position\":2,\"name\":\"UNSERE VERPFLICHTUNGEN\"}]},{\"@type\":\"WebSite\",\"@id\":\"https:\/\/koolbeautyparis.fr\/de\/#website\",\"url\":\"https:\/\/koolbeautyparis.fr\/de\/\",\"name\":\"Kool Beauty\",\"description\":\"Produits beaut\u00e9\",\"publisher\":{\"@id\":\"https:\/\/koolbeautyparis.fr\/de\/#organization\"},\"potentialAction\":[{\"@type\":\"SearchAction\",\"target\":{\"@type\":\"EntryPoint\",\"urlTemplate\":\"https:\/\/koolbeautyparis.fr\/de\/?s={search_term_string}\"},\"query-input\":{\"@type\":\"PropertyValueSpecification\",\"valueRequired\":true,\"valueName\":\"search_term_string\"}}],\"inLanguage\":\"de\"},{\"@type\":\"Organization\",\"@id\":\"https:\/\/koolbeautyparis.fr\/de\/#organization\",\"name\":\"Kool Beauty\",\"url\":\"https:\/\/koolbeautyparis.fr\/de\/\",\"logo\":{\"@type\":\"ImageObject\",\"inLanguage\":\"de\",\"@id\":\"https:\/\/koolbeautyparis.fr\/de\/#\/schema\/logo\/image\/\",\"url\":\"https:\/\/i0.wp.com\/koolbeautyparis.fr\/wp-content\/uploads\/2022\/03\/kool-cover-default.png?fit=1200%2C630&ssl=1\",\"contentUrl\":\"https:\/\/i0.wp.com\/koolbeautyparis.fr\/wp-content\/uploads\/2022\/03\/kool-cover-default.png?fit=1200%2C630&ssl=1\",\"width\":1200,\"height\":630,\"caption\":\"Kool Beauty\"},\"image\":{\"@id\":\"https:\/\/koolbeautyparis.fr\/de\/#\/schema\/logo\/image\/\"}}]}<\/script>\n<!-- \/ Yoast SEO plugin. -->","yoast_head_json":{"title":"UNSERE VERPFLICHTUNGEN &#8211; Kool Beauty","description":"Wir versuchen, uns der 100%igen Nat\u00fcrlichkeit anzun\u00e4hern, ohne dabei auf Wirksamkeit zu verzichten. Wir verpflichten uns, die sichersten Inhaltsstoffe auszuw\u00e4hlen","robots":{"index":"index","follow":"follow","max-snippet":"max-snippet:-1","max-image-preview":"max-image-preview:large","max-video-preview":"max-video-preview:-1"},"canonical":"https:\/\/koolbeautyparis.fr\/de\/unsere-verpflichtungen\/","og_locale":"de_DE","og_type":"article","og_title":"UNSERE VERPFLICHTUNGEN &#8211; Kool Beauty","og_description":"Wir versuchen, uns der 100%igen Nat\u00fcrlichkeit anzun\u00e4hern, ohne dabei auf Wirksamkeit zu verzichten. Wir verpflichten uns, die sichersten Inhaltsstoffe auszuw\u00e4hlen","og_url":"https:\/\/koolbeautyparis.fr\/de\/unsere-verpflichtungen\/","og_site_name":"Kool Beauty","article_modified_time":"2024-04-02T09:44:40+00:00","twitter_card":"summary_large_image","twitter_misc":{"Gesch\u00e4tzte Lesezeit":"5\u00a0Minuten"},"schema":{"@context":"https:\/\/schema.org","@graph":[{"@type":"WebPage","@id":"https:\/\/koolbeautyparis.fr\/de\/unsere-verpflichtungen\/","url":"https:\/\/koolbeautyparis.fr\/de\/unsere-verpflichtungen\/","name":"UNSERE VERPFLICHTUNGEN &#8211; Kool Beauty","isPartOf":{"@id":"https:\/\/koolbeautyparis.fr\/de\/#website"},"datePublished":"2022-05-12T08:20:07+00:00","dateModified":"2024-04-02T09:44:40+00:00","description":"Wir versuchen, uns der 100%igen Nat\u00fcrlichkeit anzun\u00e4hern, ohne dabei auf Wirksamkeit zu verzichten. Wir verpflichten uns, die sichersten Inhaltsstoffe auszuw\u00e4hlen","breadcrumb":{"@id":"https:\/\/koolbeautyparis.fr\/de\/unsere-verpflichtungen\/#breadcrumb"},"inLanguage":"de","potentialAction":[{"@type":"ReadAction","target":["https:\/\/koolbeautyparis.fr\/de\/unsere-verpflichtungen\/"]}]},{"@type":"BreadcrumbList","@id":"https:\/\/koolbeautyparis.fr\/de\/unsere-verpflichtungen\/#breadcrumb","itemListElement":[{"@type":"ListItem","position":1,"name":"Accueil","item":"https:\/\/koolbeautyparis.fr\/de\/"},{"@type":"ListItem","position":2,"name":"UNSERE VERPFLICHTUNGEN"}]},{"@type":"WebSite","@id":"https:\/\/koolbeautyparis.fr\/de\/#website","url":"https:\/\/koolbeautyparis.fr\/de\/","name":"Kool Beauty","description":"Produits beaut\u00e9","publisher":{"@id":"https:\/\/koolbeautyparis.fr\/de\/#organization"},"potentialAction":[{"@type":"SearchAction","target":{"@type":"EntryPoint","urlTemplate":"https:\/\/koolbeautyparis.fr\/de\/?s={search_term_string}"},"query-input":{"@type":"PropertyValueSpecification","valueRequired":true,"valueName":"search_term_string"}}],"inLanguage":"de"},{"@type":"Organization","@id":"https:\/\/koolbeautyparis.fr\/de\/#organization","name":"Kool Beauty","url":"https:\/\/koolbeautyparis.fr\/de\/","logo":{"@type":"ImageObject","inLanguage":"de","@id":"https:\/\/koolbeautyparis.fr\/de\/#\/schema\/logo\/image\/","url":"https:\/\/i0.wp.com\/koolbeautyparis.fr\/wp-content\/uploads\/2022\/03\/kool-cover-default.png?fit=1200%2C630&ssl=1","contentUrl":"https:\/\/i0.wp.com\/koolbeautyparis.fr\/wp-content\/uploads\/2022\/03\/kool-cover-default.png?fit=1200%2C630&ssl=1","width":1200,"height":630,"caption":"Kool Beauty"},"image":{"@id":"https:\/\/koolbeautyparis.fr\/de\/#\/schema\/logo\/image\/"}}]}},"_links":{"self":[{"href":"https:\/\/koolbeautyparis.fr\/de\/wp-json\/wp\/v2\/pages\/35214"}],"collection":[{"href":"https:\/\/koolbeautyparis.fr\/de\/wp-json\/wp\/v2\/pages"}],"about":[{"href":"https:\/\/koolbeautyparis.fr\/de\/wp-json\/wp\/v2\/types\/page"}],"author":[{"embeddable":true,"href":"https:\/\/koolbeautyparis.fr\/de\/wp-json\/wp\/v2\/users\/2"}],"replies":[{"embeddable":true,"href":"https:\/\/koolbeautyparis.fr\/de\/wp-json\/wp\/v2\/comments?post=35214"}],"version-history":[{"count":18,"href":"https:\/\/koolbeautyparis.fr\/de\/wp-json\/wp\/v2\/pages\/35214\/revisions"}],"predecessor-version":[{"id":38582,"href":"https:\/\/koolbeautyparis.fr\/de\/wp-json\/wp\/v2\/pages\/35214\/revisions\/38582"}],"wp:attachment":[{"href":"https:\/\/koolbeautyparis.fr\/de\/wp-json\/wp\/v2\/media?parent=35214"}],"curies":[{"name":"wp","href":"https:\/\/api.w.org\/{rel}","templated":true}]}}